{"id":174,"date":"2023-03-08T13:39:30","date_gmt":"2023-03-08T13:39:30","guid":{"rendered":"https:\/\/identidadevisualcuritiba.com.br\/loja\/?post_type=product&#038;p=174"},"modified":"2023-03-08T13:39:46","modified_gmt":"2023-03-08T13:39:46","slug":"bucha-de-reducao-roscavel","status":"publish","type":"product","link":"https:\/\/identidadevisualcuritiba.com.br\/loja\/produto\/bucha-de-reducao-roscavel\/","title":{"rendered":"BUCHA DE REDU\u00c7\u00c3O ROSC\u00c1VEL"},"content":{"rendered":"<table class=\"desc-prod\" colspan=\"0\" rowspan=\"0\">\n<thead>\n<tr>\n<td>Tamanho<\/td>\n<\/tr>\n<\/thead>\n<tbody>\n<tr>\n<td>3\/4 X 1\/2&#8243;<\/td>\n<\/tr>\n<tr>\n<td>1 X 1\/2&#8243;<\/td>\n<\/tr>\n<tr>\n<td>1 X 3\/4&#8243;<\/td>\n<\/tr>\n<tr>\n<td>1.1\/4 X 3\/4&#8243;<\/td>\n<\/tr>\n<tr>\n<td>1.1\/4 X 1&#8243;<\/td>\n<\/tr>\n<tr>\n<td>1.1\/2 X 1\/2&#8243;<\/td>\n<\/tr>\n<tr>\n<td>1.1\/2 X 3\/4&#8243;<\/td>\n<\/tr>\n<tr>\n<td>1.1\/2 X 1&#8243;<\/td>\n<\/tr>\n<tr>\n<td>1.1\/2 X 1.1\/4&#8243;<\/td>\n<\/tr>\n<tr>\n<td>2 X 1&#8243;<\/td>\n<\/tr>\n<tr>\n<td>2 X 1.1\/2&#8243;<\/td>\n<\/tr>\n<\/tbody>\n<\/table>\n<p>Marca: AMANCO<\/p>\n","protected":false},"excerpt":{"rendered":"<p>Tamanho 3\/4 X 1\/2&#8243; 1 X 1\/2&#8243; 1 X 3\/4&#8243; 1.1\/4 X 3\/4&#8243; 1.1\/4 X 1&#8243; 1.1\/2 X 1\/2&#8243; 1.1\/2 X 3\/4&#8243; 1.1\/2 X 1&#8243; 1.1\/2 X 1.1\/4&#8243; 2 X 1&#8243; 2 X 1.1\/2&#8243; Marca: AMANCO<\/p>\n","protected":false},"featured_media":0,"comment_status":"closed","ping_status":"closed","template":"","meta":{"_et_pb_use_builder":"","_et_pb_old_content":"","_et_gb_content_width":""},"product_brand":[],"product_cat":[15],"product_tag":[],"class_list":{"0":"post-174","1":"product","2":"type-product","3":"status-publish","5":"product_cat-sem-categoria","7":"first","8":"instock","9":"shipping-taxable","10":"product-type-simple"},"_links":{"self":[{"href":"https:\/\/identidadevisualcuritiba.com.br\/loja\/wp-json\/wp\/v2\/product\/174","targetHints":{"allow":["GET"]}}],"collection":[{"href":"https:\/\/identidadevisualcuritiba.com.br\/loja\/wp-json\/wp\/v2\/product"}],"about":[{"href":"https:\/\/identidadevisualcuritiba.com.br\/loja\/wp-json\/wp\/v2\/types\/product"}],"replies":[{"embeddable":true,"href":"https:\/\/identidadevisualcuritiba.com.br\/loja\/wp-json\/wp\/v2\/comments?post=174"}],"wp:attachment":[{"href":"https:\/\/identidadevisualcuritiba.com.br\/loja\/wp-json\/wp\/v2\/media?parent=174"}],"wp:term":[{"taxonomy":"product_brand","embeddable":true,"href":"https:\/\/identidadevisualcuritiba.com.br\/loja\/wp-json\/wp\/v2\/product_brand?post=174"},{"taxonomy":"product_cat","embeddable":true,"href":"https:\/\/identidadevisualcuritiba.com.br\/loja\/wp-json\/wp\/v2\/product_cat?post=174"},{"taxonomy":"product_tag","embeddable":true,"href":"https:\/\/identidadevisualcuritiba.com.br\/loja\/wp-json\/wp\/v2\/product_tag?post=174"}],"curies":[{"name":"wp","href":"https:\/\/api.w.org\/{rel}","templated":true}]}}