{"id":190,"date":"2023-03-08T13:39:31","date_gmt":"2023-03-08T13:39:31","guid":{"rendered":"https:\/\/identidadevisualcuritiba.com.br\/loja\/?post_type=product&#038;p=190"},"modified":"2023-05-17T13:50:53","modified_gmt":"2023-05-17T13:50:53","slug":"bucha-de-reducao-curta","status":"publish","type":"product","link":"https:\/\/identidadevisualcuritiba.com.br\/loja\/produto\/bucha-de-reducao-curta\/","title":{"rendered":"BUCHA DE REDU\u00c7\u00c3O CURTA"},"content":{"rendered":"<p>[et_pb_section fb_built=&#8221;1&#8243; _builder_version=&#8221;4.14.2&#8243; background_color=&#8221;#f0f0f0&#8243; custom_padding=&#8221;0px|15px||15px|false|true&#8221; global_colors_info=&#8221;{}&#8221;][et_pb_row _builder_version=&#8221;4.14.2&#8243; background_size=&#8221;initial&#8221; background_position=&#8221;top_left&#8221; background_repeat=&#8221;repeat&#8221; width=&#8221;100%&#8221; custom_padding=&#8221;30px||30px||true|false&#8221; global_colors_info=&#8221;{}&#8221;][et_pb_column type=&#8221;4_4&#8243; _builder_version=&#8221;3.25&#8243; custom_padding=&#8221;|||&#8221; global_colors_info=&#8221;{}&#8221; custom_padding__hover=&#8221;|||&#8221;][et_pb_wc_breadcrumb _builder_version=&#8221;3.0.47&#8243; global_colors_info=&#8221;{}&#8221;][\/et_pb_wc_breadcrumb][\/et_pb_column][\/et_pb_row][et_pb_row column_structure=&#8221;1_2,1_2&#8243; _builder_version=&#8221;3.25&#8243; background_size=&#8221;initial&#8221; background_position=&#8221;top_left&#8221; background_repeat=&#8221;repeat&#8221; width=&#8221;100%&#8221; custom_padding=&#8221;0px||||false|false&#8221; global_colors_info=&#8221;{}&#8221;][et_pb_column type=&#8221;1_2&#8243; _builder_version=&#8221;3.25&#8243; custom_padding=&#8221;|||&#8221; global_colors_info=&#8221;{}&#8221; custom_padding__hover=&#8221;|||&#8221;][et_pb_wc_images _builder_version=&#8221;3.0.47&#8243; global_colors_info=&#8221;{}&#8221;][\/et_pb_wc_images][\/et_pb_column][et_pb_column type=&#8221;1_2&#8243; _builder_version=&#8221;3.25&#8243; custom_padding=&#8221;|||&#8221; global_colors_info=&#8221;{}&#8221; custom_padding__hover=&#8221;|||&#8221;][et_pb_wc_title _builder_version=&#8221;4.14.2&#8243; header_font=&#8221;|700|||||||&#8221; header_text_color=&#8221;#0082b6&#8243; global_colors_info=&#8221;{}&#8221;][\/et_pb_wc_title][et_pb_wc_price _builder_version=&#8221;3.0.47&#8243; global_colors_info=&#8221;{}&#8221;][\/et_pb_wc_price][et_pb_wc_description _builder_version=&#8221;3.0.47&#8243; global_colors_info=&#8221;{}&#8221;][\/et_pb_wc_description][et_pb_wc_add_to_cart global_colors_info=&#8221;{}&#8221;][\/et_pb_wc_add_to_cart][et_pb_text _builder_version=&#8221;4.14.2&#8243; _module_preset=&#8221;default&#8221; global_colors_info=&#8221;{}&#8221;]<\/p>\n<table width=\"284\">\n<tbody>\n<tr>\n<td width=\"181\"><strong>BITOLA<\/strong><\/td>\n<td width=\"103\"><strong>C\u00d3DIGO<\/strong><\/td>\n<\/tr>\n<tr>\n<td>25 X 20 MM<\/td>\n<td>01783<\/td>\n<\/tr>\n<tr>\n<td>32 X 25 MM<\/td>\n<td>00442<\/td>\n<\/tr>\n<tr>\n<td>40 X 32 MM<\/td>\n<td>01811<\/td>\n<\/tr>\n<tr>\n<td>50 X 40 MM<\/td>\n<td>00443<\/td>\n<\/tr>\n<tr>\n<td>60 X 50 MM<\/td>\n<td>00522<\/td>\n<\/tr>\n<tr>\n<td>75 X 60 MM<\/td>\n<td>01812<\/td>\n<\/tr>\n<tr>\n<td>85 X 75 MM<\/td>\n<td>01813<\/td>\n<\/tr>\n<tr>\n<td>110 X 85 MM<\/td>\n<td>01814<\/td>\n<\/tr>\n<\/tbody>\n<\/table>\n<p>[\/et_pb_text][\/et_pb_column][\/et_pb_row][et_pb_row _builder_version=&#8221;4.14.2&#8243; _module_preset=&#8221;default&#8221; width=&#8221;100%&#8221; custom_padding=&#8221;6px|||||&#8221; global_module=&#8221;5700&#8243; global_colors_info=&#8221;{}&#8221;][et_pb_column type=&#8221;4_4&#8243; _builder_version=&#8221;4.14.2&#8243; _module_preset=&#8221;default&#8221; global_colors_info=&#8221;{}&#8221;][et_pb_text _builder_version=&#8221;4.14.2&#8243; _module_preset=&#8221;default&#8221; global_colors_info=&#8221;{}&#8221;]<\/p>\n<p><strong>Sobre a linha<\/strong><br \/>Sistema em PVC para condu\u00e7\u00e3o de \u00e1gua fria com solu\u00e7\u00f5es para todos os tipos de projetos em obras residenciais, comerciais e industriais. Dispon\u00edveis na cor marrom, os produtos s\u00e3o destinados a instala\u00e7\u00f5es permanentes e atendem \u00e0 norma NBR 5648 (\u201cSistemas prediais de \u00e1gua fria\u201d).<\/p>\n<p><strong>Caracter\u00edsticas<\/strong><br \/>\u2022 Dispon\u00edvel nos di\u00e2metros de 20, 25, 32, 40, 50, 60, 75, 85 e 110 mm;<br \/>\u2022 Suporta press\u00e3o de servi\u00e7o de at\u00e9 750 kPa, (7,5 kgf\/cm\u00b2 ou 75 m.c.a.), \u00e0 temperatura de 20\u00b0C;<br \/>\u2022 Instala\u00e7\u00e3o a frio com Adesivo Pl\u00e1stico PVC Tradicional ou Extra Forte.<\/p>\n<p><strong>Vantagens<\/strong><br \/>\u2022 Alta qualidade;<br \/>\u2022 Linha completa de tubos e conex\u00f5es nas mais variadas bitolas;<br \/>\u2022 Rapidez na execu\u00e7\u00e3o das juntas sold\u00e1veis.<\/p>\n<p>[\/et_pb_text][\/et_pb_column][\/et_pb_row][et_pb_row _builder_version=&#8221;3.25&#8243; background_size=&#8221;initial&#8221; background_position=&#8221;top_left&#8221; background_repeat=&#8221;repeat&#8221; width=&#8221;100%&#8221; global_colors_info=&#8221;{}&#8221;][et_pb_column type=&#8221;4_4&#8243; _builder_version=&#8221;3.25&#8243; custom_padding=&#8221;|||&#8221; global_colors_info=&#8221;{}&#8221; custom_padding__hover=&#8221;|||&#8221;][et_pb_wc_upsells _builder_version=&#8221;3.0.47&#8243; global_colors_info=&#8221;{}&#8221;][\/et_pb_wc_upsells][et_pb_wc_related_products icon_hover_color=&#8221;#0082b6&#8243; _builder_version=&#8221;4.14.2&#8243; title_font=&#8221;|700|||||||&#8221; title_text_color=&#8221;#0082b6&#8243; product_title_font_size=&#8221;16px&#8221; global_colors_info=&#8221;{}&#8221;][\/et_pb_wc_related_products][\/et_pb_column][\/et_pb_row][\/et_pb_section][et_pb_section fb_built=&#8221;1&#8243; _builder_version=&#8221;4.14.2&#8243; _module_preset=&#8221;default&#8221; background_color=&#8221;#e6e6e6&#8243; global_module=&#8221;5684&#8243; global_colors_info=&#8221;{}&#8221;][et_pb_row column_structure=&#8221;1_4,1_4,1_4,1_4&#8243; _builder_version=&#8221;4.14.2&#8243; _module_preset=&#8221;default&#8221; global_colors_info=&#8221;{}&#8221;][et_pb_column type=&#8221;1_4&#8243; _builder_version=&#8221;4.14.2&#8243; _module_preset=&#8221;default&#8221; global_colors_info=&#8221;{}&#8221;][et_pb_image src=&#8221;https:\/\/identidadevisualcuritiba.com.br\/loja\/wp-content\/uploads\/2017\/10\/logo-hidra.png&#8221; title_text=&#8221;logo-hidra&#8221; _builder_version=&#8221;4.14.2&#8243; _module_preset=&#8221;default&#8221; global_colors_info=&#8221;{}&#8221;][\/et_pb_image][et_pb_text _builder_version=&#8221;4.14.2&#8243; _module_preset=&#8221;default&#8221; global_colors_info=&#8221;{}&#8221;]<\/p>\n<p>Distribuidora sin\u00f4nimo <br \/>de qualidade <br \/>e excel\u00eancia em tubos,<br \/>conex\u00f5es e acess\u00f3rios <br \/>para instala\u00e7\u00f5es <br \/>hidr\u00e1ulicas.<\/p>\n<p>[\/et_pb_text][\/et_pb_column][et_pb_column type=&#8221;1_4&#8243; _builder_version=&#8221;4.14.2&#8243; _module_preset=&#8221;default&#8221; global_colors_info=&#8221;{}&#8221;][\/et_pb_column][et_pb_column type=&#8221;1_4&#8243; _builder_version=&#8221;4.14.2&#8243; _module_preset=&#8221;default&#8221; global_colors_info=&#8221;{}&#8221;][\/et_pb_column][et_pb_column type=&#8221;1_4&#8243; _builder_version=&#8221;4.14.2&#8243; _module_preset=&#8221;default&#8221; global_colors_info=&#8221;{}&#8221;][\/et_pb_column][\/et_pb_row][\/et_pb_section][et_pb_section fb_built=&#8221;1&#8243; _builder_version=&#8221;4.14.2&#8243; _module_preset=&#8221;default&#8221; background_color=&#8221;#333333&#8243; custom_padding=&#8221;0px||1px|||&#8221; global_module=&#8221;5689&#8243; global_colors_info=&#8221;{}&#8221;][et_pb_row column_structure=&#8221;3_5,2_5&#8243; _builder_version=&#8221;4.14.2&#8243; _module_preset=&#8221;default&#8221; custom_padding=&#8221;||2px|||&#8221; global_colors_info=&#8221;{}&#8221;][et_pb_column type=&#8221;3_5&#8243; _builder_version=&#8221;4.14.2&#8243; _module_preset=&#8221;default&#8221; global_colors_info=&#8221;{}&#8221;][et_pb_text _builder_version=&#8221;4.14.2&#8243; _module_preset=&#8221;default&#8221; text_text_color=&#8221;#FFFFFF&#8221; global_colors_info=&#8221;{}&#8221;]<\/p>\n<p>\u00a9 2023 www.hidraulicahidra.com.br | Todos os direitos reservados<\/p>\n<p>[\/et_pb_text][\/et_pb_column][et_pb_column type=&#8221;2_5&#8243; _builder_version=&#8221;4.14.2&#8243; _module_preset=&#8221;default&#8221; global_colors_info=&#8221;{}&#8221;][\/et_pb_column][\/et_pb_row][\/et_pb_section]<\/p>\n","protected":false},"excerpt":{"rendered":"<p>BITOLA C\u00d3DIGO 25 X 20 MM 01783 32 X 25 MM 00442 40 X 32 MM 01811 50 X 40 MM 00443 60 X 50 MM 00522 75 X 60 MM 01812 85 X 75 MM 01813 110 X 85 MM 01814 Sobre a linhaSistema em PVC para condu\u00e7\u00e3o de \u00e1gua fria com solu\u00e7\u00f5es para [&hellip;]<\/p>\n","protected":false},"featured_media":206,"comment_status":"closed","ping_status":"closed","template":"","meta":{"_et_pb_use_builder":"on","_et_pb_old_content":"<!-- wp:table -->\r\n<table class=\"wp-block-table has-fixed-layout is-style-stripes\">\r\n<tbody>\r\n<tr>\r\n<td><strong>BITOLA<\/strong><\/td>\r\n<td><strong>C\u00d3DIGO<\/strong><\/td>\r\n<\/tr>\r\n<tr>\r\n<td>25 X 20 MM<\/td>\r\n<td>01783<\/td>\r\n<\/tr>\r\n<tr>\r\n<td>32 X 25 MM<\/td>\r\n<td>00442<\/td>\r\n<\/tr>\r\n<tr>\r\n<td>40 X 32 MM<\/td>\r\n<td>01811<\/td>\r\n<\/tr>\r\n<tr>\r\n<td>50 X 40 MM<\/td>\r\n<td>00443<\/td>\r\n<\/tr>\r\n<tr>\r\n<td>60 X 50 MM<\/td>\r\n<td>00522<\/td>\r\n<\/tr>\r\n<tr>\r\n<td>75 X 60 MM<\/td>\r\n<td>01812<\/td>\r\n<\/tr>\r\n<tr>\r\n<td>85 X 75 MM<\/td>\r\n<td>01813<\/td>\r\n<\/tr>\r\n<tr>\r\n<td>110 X 85 MM<\/td>\r\n<td>01814<\/td>\r\n<\/tr>\r\n<\/tbody>\r\n<\/table>\r\n<!-- \/wp:table -->\r\n\r\n<!-- wp:paragraph -->\r\n\r\n&nbsp;\r\n\r\n<!-- \/wp:paragraph -->\r\n\r\n<!-- wp:table -->\r\n<table class=\"wp-block-table\">\r\n<tbody>\r\n<tr>\r\n<td><strong>Sobre a linha<\/strong><\/td>\r\n<\/tr>\r\n<tr>\r\n<td>Sistema em PVC para condu\u00e7\u00e3o de \u00e1gua fria com solu\u00e7\u00f5es para todos os tipos de projetos em obras residenciais, comerciais e industriais. Dispon\u00edveis na cor marrom, os produtos s\u00e3o destinados a instala\u00e7\u00f5es permanentes e atendem \u00e0 norma NBR 5648 (\u201cSistemas prediais de \u00e1gua fria\u201d).<\/td>\r\n<\/tr>\r\n<tr>\r\n<td><\/td>\r\n<\/tr>\r\n<tr>\r\n<td><strong>Caracter\u00edsticas<\/strong><\/td>\r\n<\/tr>\r\n<tr>\r\n<td>\u2022 Dispon\u00edvel nos di\u00e2metros de 20, 25, 32, 40, 50, 60, 75, 85 e 110 mm;<\/td>\r\n<\/tr>\r\n<tr>\r\n<td>\u2022 Suporta press\u00e3o de servi\u00e7o de at\u00e9 750 kPa, (7,5 kgf\/cm\u00b2 ou 75 m.c.a.), \u00e0 temperatura de 20\u00b0C;<\/td>\r\n<\/tr>\r\n<tr>\r\n<td>\u2022 Instala\u00e7\u00e3o a frio com Adesivo Pl\u00e1stico PVC Tradicional ou Extra Forte.<\/td>\r\n<\/tr>\r\n<tr>\r\n<td><\/td>\r\n<\/tr>\r\n<tr>\r\n<td><strong>Vantagens<\/strong><\/td>\r\n<\/tr>\r\n<tr>\r\n<td>\u2022 Alta qualidade;<\/td>\r\n<\/tr>\r\n<tr>\r\n<td>\u2022 Linha completa de tubos e conex\u00f5es nas mais variadas bitolas;<\/td>\r\n<\/tr>\r\n<tr>\r\n<td>\u2022 Rapidez na execu\u00e7\u00e3o das juntas sold\u00e1veis.<\/td>\r\n<\/tr>\r\n<\/tbody>\r\n<\/table>\r\n<!-- \/wp:table -->","_et_gb_content_width":""},"product_brand":[],"product_cat":[28],"product_tag":[],"class_list":{"0":"post-190","1":"product","2":"type-product","3":"status-publish","4":"has-post-thumbnail","6":"product_cat-soldavel","8":"first","9":"instock","10":"shipping-taxable","11":"product-type-simple"},"_links":{"self":[{"href":"https:\/\/identidadevisualcuritiba.com.br\/loja\/wp-json\/wp\/v2\/product\/190","targetHints":{"allow":["GET"]}}],"collection":[{"href":"https:\/\/identidadevisualcuritiba.com.br\/loja\/wp-json\/wp\/v2\/product"}],"about":[{"href":"https:\/\/identidadevisualcuritiba.com.br\/loja\/wp-json\/wp\/v2\/types\/product"}],"replies":[{"embeddable":true,"href":"https:\/\/identidadevisualcuritiba.com.br\/loja\/wp-json\/wp\/v2\/comments?post=190"}],"wp:featuredmedia":[{"embeddable":true,"href":"https:\/\/identidadevisualcuritiba.com.br\/loja\/wp-json\/wp\/v2\/media\/206"}],"wp:attachment":[{"href":"https:\/\/identidadevisualcuritiba.com.br\/loja\/wp-json\/wp\/v2\/media?parent=190"}],"wp:term":[{"taxonomy":"product_brand","embeddable":true,"href":"https:\/\/identidadevisualcuritiba.com.br\/loja\/wp-json\/wp\/v2\/product_brand?post=190"},{"taxonomy":"product_cat","embeddable":true,"href":"https:\/\/identidadevisualcuritiba.com.br\/loja\/wp-json\/wp\/v2\/product_cat?post=190"},{"taxonomy":"product_tag","embeddable":true,"href":"https:\/\/identidadevisualcuritiba.com.br\/loja\/wp-json\/wp\/v2\/product_tag?post=190"}],"curies":[{"name":"wp","href":"https:\/\/api.w.org\/{rel}","templated":true}]}}