{"id":223,"date":"2023-03-08T13:39:54","date_gmt":"2023-03-08T13:39:54","guid":{"rendered":"https:\/\/identidadevisualcuritiba.com.br\/loja\/?post_type=product&#038;p=223"},"modified":"2023-07-10T16:03:34","modified_gmt":"2023-07-10T16:03:34","slug":"te-2","status":"publish","type":"product","link":"https:\/\/identidadevisualcuritiba.com.br\/loja\/produto\/te-2\/","title":{"rendered":"T\u00ca"},"content":{"rendered":"<p>[et_pb_section fb_built=&#8221;1&#8243; _builder_version=&#8221;4.16&#8243; background_color=&#8221;#f0f0f0&#8243; custom_padding=&#8221;0px|15px||15px|false|true&#8221; global_colors_info=&#8221;{}&#8221;][et_pb_row _builder_version=&#8221;4.16&#8243; background_size=&#8221;initial&#8221; background_position=&#8221;top_left&#8221; background_repeat=&#8221;repeat&#8221; width=&#8221;100%&#8221; custom_padding=&#8221;0px||0px||false|false&#8221; global_colors_info=&#8221;{}&#8221;][et_pb_column type=&#8221;4_4&#8243; _builder_version=&#8221;4.16&#8243; custom_padding=&#8221;|||&#8221; global_colors_info=&#8221;{}&#8221; custom_padding__hover=&#8221;|||&#8221;][et_pb_wc_breadcrumb _builder_version=&#8221;4.16&#8243; custom_padding=&#8221;30px||30px||true|false&#8221; global_colors_info=&#8221;{}&#8221;][\/et_pb_wc_breadcrumb][\/et_pb_column][\/et_pb_row][et_pb_row column_structure=&#8221;1_2,1_2&#8243; _builder_version=&#8221;4.16&#8243; background_size=&#8221;initial&#8221; background_position=&#8221;top_left&#8221; background_repeat=&#8221;repeat&#8221; width=&#8221;100%&#8221; custom_padding=&#8221;0px||||false|false&#8221; global_colors_info=&#8221;{}&#8221;][et_pb_column type=&#8221;1_2&#8243; _builder_version=&#8221;4.16&#8243; custom_padding=&#8221;|||&#8221; global_colors_info=&#8221;{}&#8221; custom_padding__hover=&#8221;|||&#8221;][et_pb_wc_images _builder_version=&#8221;4.16&#8243; global_colors_info=&#8221;{}&#8221;][\/et_pb_wc_images][\/et_pb_column][et_pb_column type=&#8221;1_2&#8243; _builder_version=&#8221;4.16&#8243; custom_padding=&#8221;|||&#8221; global_colors_info=&#8221;{}&#8221; custom_padding__hover=&#8221;|||&#8221;][et_pb_wc_title _builder_version=&#8221;4.16&#8243; header_font=&#8221;|700|||||||&#8221; header_text_color=&#8221;#0082b6&#8243; global_colors_info=&#8221;{}&#8221;][\/et_pb_wc_title][et_pb_wc_description _builder_version=&#8221;4.16&#8243; global_colors_info=&#8221;{}&#8221;][\/et_pb_wc_description][et_pb_wc_add_to_cart _builder_version=&#8221;4.16&#8243; global_colors_info=&#8221;{}&#8221;][\/et_pb_wc_add_to_cart][et_pb_text _builder_version=&#8221;4.16&#8243; _module_preset=&#8221;default&#8221; global_colors_info=&#8221;{}&#8221;]<\/p>\n<table width=\"284\">\n<tbody>\n<tr>\n<td width=\"181\"><strong>BITOLA<\/strong><\/td>\n<td width=\"103\"><strong>C\u00d3DIGO<\/strong><\/td>\n<\/tr>\n<tr>\n<td>20 MM<\/td>\n<td>01772<\/td>\n<\/tr>\n<tr>\n<td>25 MM<\/td>\n<td>04089<\/td>\n<\/tr>\n<tr>\n<td>32 MM<\/td>\n<td>04088<\/td>\n<\/tr>\n<tr>\n<td>40 MM<\/td>\n<td>04094<\/td>\n<\/tr>\n<tr>\n<td>50 MM<\/td>\n<td>04101<\/td>\n<\/tr>\n<tr>\n<td>60 MM<\/td>\n<td>04082<\/td>\n<\/tr>\n<tr>\n<td>75 MM<\/td>\n<td>02035<\/td>\n<\/tr>\n<tr>\n<td>85 MM<\/td>\n<td>02036<\/td>\n<\/tr>\n<tr>\n<td>110 MM<\/td>\n<td>02037<\/td>\n<\/tr>\n<\/tbody>\n<\/table>\n<p>[\/et_pb_text][\/et_pb_column][\/et_pb_row][et_pb_row _builder_version=&#8221;4.16&#8243; _module_preset=&#8221;default&#8221; width=&#8221;100%&#8221; custom_padding=&#8221;6px|||||&#8221; global_colors_info=&#8221;{}&#8221; global_module=&#8221;5700&#8243; theme_builder_area=&#8221;post_content&#8221;][et_pb_column type=&#8221;4_4&#8243; _builder_version=&#8221;4.16&#8243; _module_preset=&#8221;default&#8221; global_colors_info=&#8221;{}&#8221; theme_builder_area=&#8221;post_content&#8221;][et_pb_text _builder_version=&#8221;4.16&#8243; _module_preset=&#8221;default&#8221; global_colors_info=&#8221;{}&#8221; theme_builder_area=&#8221;post_content&#8221;]<\/p>\n<p><strong>Sobre a linha<\/strong><br \/>Sistema em PVC para condu\u00e7\u00e3o de \u00e1gua fria com solu\u00e7\u00f5es para todos os tipos de projetos em obras residenciais, comerciais e industriais. Dispon\u00edveis na cor marrom, os produtos s\u00e3o destinados a instala\u00e7\u00f5es permanentes e atendem \u00e0 norma NBR 5648 (\u201cSistemas prediais de \u00e1gua fria\u201d).<\/p>\n<p><strong>Caracter\u00edsticas<\/strong><br \/>\u2022 Dispon\u00edvel nos di\u00e2metros de 20, 25, 32, 40, 50, 60, 75, 85 e 110 mm;<br \/>\u2022 Suporta press\u00e3o de servi\u00e7o de at\u00e9 750 kPa, (7,5 kgf\/cm\u00b2 ou 75 m.c.a.), \u00e0 temperatura de 20\u00b0C;<br \/>\u2022 Instala\u00e7\u00e3o a frio com Adesivo Pl\u00e1stico PVC Tradicional ou Extra Forte.<\/p>\n<p><strong>Vantagens<\/strong><br \/>\u2022 Alta qualidade;<br \/>\u2022 Linha completa de tubos e conex\u00f5es nas mais variadas bitolas;<br \/>\u2022 Rapidez na execu\u00e7\u00e3o das juntas sold\u00e1veis.<\/p>\n<p>[\/et_pb_text][\/et_pb_column][\/et_pb_row][et_pb_row _builder_version=&#8221;4.16&#8243; background_size=&#8221;initial&#8221; background_position=&#8221;top_left&#8221; background_repeat=&#8221;repeat&#8221; width=&#8221;100%&#8221; global_colors_info=&#8221;{}&#8221;][et_pb_column type=&#8221;4_4&#8243; _builder_version=&#8221;4.16&#8243; custom_padding=&#8221;|||&#8221; global_colors_info=&#8221;{}&#8221; custom_padding__hover=&#8221;|||&#8221;][et_pb_wc_upsells _builder_version=&#8221;4.16&#8243; global_colors_info=&#8221;{}&#8221;][\/et_pb_wc_upsells][et_pb_wc_related_products icon_hover_color=&#8221;#0082b6&#8243; _builder_version=&#8221;4.16&#8243; title_font=&#8221;|700|||||||&#8221; title_text_color=&#8221;#0082b6&#8243; product_title_font_size=&#8221;16px&#8221; global_colors_info=&#8221;{}&#8221;][\/et_pb_wc_related_products][\/et_pb_column][\/et_pb_row][\/et_pb_section][et_pb_section fb_built=&#8221;1&#8243; _builder_version=&#8221;4.21.0&#8243; _module_preset=&#8221;default&#8221; background_color=&#8221;#e6e6e6&#8243; link_option_url=&#8221;#contato&#8221; global_module=&#8221;5684&#8243; saved_tabs=&#8221;all&#8221; global_colors_info=&#8221;{}&#8221;][et_pb_row column_structure=&#8221;1_4,1_4,1_4,1_4&#8243; _builder_version=&#8221;4.16&#8243; _module_preset=&#8221;default&#8221; global_colors_info=&#8221;{}&#8221;][et_pb_column type=&#8221;1_4&#8243; _builder_version=&#8221;4.16&#8243; _module_preset=&#8221;default&#8221; global_colors_info=&#8221;{}&#8221;][et_pb_image src=&#8221;https:\/\/identidadevisualcuritiba.com.br\/loja\/wp-content\/uploads\/2017\/10\/logo-hidra.png&#8221; title_text=&#8221;logo-hidra&#8221; align_tablet=&#8221;&#8221; align_phone=&#8221;center&#8221; align_last_edited=&#8221;on|phone&#8221; _builder_version=&#8221;4.21.0&#8243; _module_preset=&#8221;default&#8221; max_width=&#8221;73%&#8221; max_width_tablet=&#8221;&#8221; max_width_phone=&#8221;50%&#8221; max_width_last_edited=&#8221;on|phone&#8221; global_colors_info=&#8221;{}&#8221;][\/et_pb_image][et_pb_text content_tablet=&#8221;&#8221; content_phone=&#8221;<\/p>\n<p style=%22text-align: center;%22>Distribuidora sin\u00f4nimo de qualidade e excel\u00eancia em tubos, conex\u00f5es e acess\u00f3rios para instala\u00e7\u00f5es hidr\u00e1ulicas.<\/p>\n<p>&#8221; content_last_edited=&#8221;on|phone&#8221; _builder_version=&#8221;4.21.0&#8243; _module_preset=&#8221;default&#8221; text_font=&#8221;Montserrat|700|||||||&#8221; text_text_color=&#8221;#2F4369&#8243; global_colors_info=&#8221;{}&#8221;]<\/p>\n<p>Distribuidora sin\u00f4nimo<br \/>de qualidade<br \/>e excel\u00eancia em tubos,<br \/>conex\u00f5es e acess\u00f3rios<br \/>para instala\u00e7\u00f5es<br \/>hidr\u00e1ulicas.<\/p>\n<p>&nbsp;<\/p>\n<p><a href=\"https:\/\/www.instagram.com\/hidraulicahidra\/\" target=\"_blank\" rel=\"noopener\" title=\"Instagram\"><img loading=\"lazy\" decoding=\"async\" src=\"https:\/\/identidadevisualcuritiba.com.br\/loja\/wp-content\/uploads\/2023\/06\/instagram-min.png\" width=\"26\" height=\"26\" alt=\"\" class=\"wp-image-5752 alignnone size-full\" \/><\/a>\u00a0 \u00a0 <a href=\"https:\/\/www.facebook.com\/hidraulicahidra\" target=\"_blank\" rel=\"noopener\" title=\"Facebook\"><img loading=\"lazy\" decoding=\"async\" src=\"https:\/\/identidadevisualcuritiba.com.br\/loja\/wp-content\/uploads\/2023\/06\/Facebook-min.png\" width=\"26\" height=\"26\" alt=\"\" class=\"wp-image-5748 alignnone size-full\" \/><\/a>\u00a0 \u00a0 <img loading=\"lazy\" decoding=\"async\" src=\"https:\/\/identidadevisualcuritiba.com.br\/loja\/wp-content\/uploads\/2023\/06\/linkedin-min.png\" width=\"26\" height=\"26\" alt=\"\" class=\"wp-image-5753 alignnone size-full\" \/><\/p>\n<p>[\/et_pb_text][\/et_pb_column][et_pb_column type=&#8221;1_4&#8243; _builder_version=&#8221;4.16&#8243; _module_preset=&#8221;default&#8221; global_colors_info=&#8221;{}&#8221;][et_pb_text content_tablet=&#8221;&#8221; content_phone=&#8221;<\/p>\n<p style=%22text-align: center;%22>MAPA DO SITE:<\/p>\n<p>&#8221; content_last_edited=&#8221;on|phone&#8221; _builder_version=&#8221;4.21.0&#8243; _module_preset=&#8221;default&#8221; text_font=&#8221;Montserrat|700|||||||&#8221; text_text_color=&#8221;#2f4369&#8243; text_font_size=&#8221;16px&#8221; custom_margin=&#8221;||12px|||&#8221; global_colors_info=&#8221;{}&#8221;]<\/p>\n<p style=\"text-align: left;\">MAPA DO SITE:<\/p>\n<p>[\/et_pb_text][et_pb_text content_tablet=&#8221;&#8221; content_phone=&#8221;<\/p>\n<p style=%22text-align: center;%22>P\u00e1gina inicial<\/p>\n<p style=%22text-align: center;%22>Sobre a Hidra<\/p>\n<p style=%22text-align: center;%22>Nossos produtos<\/p>\n<p style=%22text-align: center;%22>Solicite or\u00e7amento<\/p>\n<p>&#8221; content_last_edited=&#8221;on|phone&#8221; _builder_version=&#8221;4.21.0&#8243; _module_preset=&#8221;default&#8221; text_font=&#8221;Montserrat|700|||||||&#8221; text_text_color=&#8221;#0082B6&#8243; text_font_size=&#8221;13px&#8221; text_line_height=&#8221;2.3em&#8221; custom_margin=&#8221;21px|||||&#8221; global_colors_info=&#8221;{}&#8221;]<\/p>\n<p><span style=\"color: #0082b6;\"><a href=\"https:\/\/identidadevisualcuritiba.com.br\/loja\/\" style=\"color: #0082b6;\">P\u00e1gina inicial<\/a><\/span><\/p>\n<p><span style=\"color: #0082b6;\"><a href=\"https:\/\/identidadevisualcuritiba.com.br\/loja\/institucional\/\" style=\"color: #0082b6;\">Sobre a Hidra<\/a><\/span><\/p>\n<p><span style=\"color: #0082b6;\"><a href=\"https:\/\/identidadevisualcuritiba.com.br\/loja\/categoria-produto\/produtos\/\" style=\"color: #0082b6;\">Nossos produtos<\/a><\/span><\/p>\n<p><span style=\"color: #0082b6;\"><a href=\"https:\/\/identidadevisualcuritiba.com.br\/loja\/solicite-orcamento\/\" style=\"color: #0082b6;\">Solicite or\u00e7amento<\/a><\/span><\/p>\n<p>[\/et_pb_text][\/et_pb_column][et_pb_column type=&#8221;1_4&#8243; _builder_version=&#8221;4.16&#8243; _module_preset=&#8221;default&#8221; global_colors_info=&#8221;{}&#8221;][et_pb_text content_tablet=&#8221;&#8221; content_phone=&#8221;&#8221; content_last_edited=&#8221;on|desktop&#8221; _builder_version=&#8221;4.21.0&#8243; _module_preset=&#8221;default&#8221; text_font=&#8221;Montserrat|700|||||||&#8221; text_text_color=&#8221;#2f4369&#8243; text_font_size=&#8221;16px&#8221; custom_margin=&#8221;||12px|||&#8221; global_colors_info=&#8221;{}&#8221;]<\/p>\n<p style=\"text-align: left;\">HIDRA CURITIBA\/PR<\/p>\n<p>[\/et_pb_text][et_pb_text content_tablet=&#8221;&#8221; content_phone=&#8221;<\/p>\n<p style=%22text-align: center;%22>Rua Le\u00e3o Sallum, 745<br \/>Boa Vista, Curitiba\/PR<br \/>CEP: 82.540-050<\/p>\n<p style=%22text-align: center;%22>hidra@hidraulicahidra.com.br<\/p>\n<p style=%22text-align: center;%22>Televendas: (41) 3076-7500<\/p>\n<p>&#8221; content_last_edited=&#8221;on|phone&#8221; _builder_version=&#8221;4.21.0&#8243; _module_preset=&#8221;default&#8221; text_font=&#8221;Montserrat|700|||||||&#8221; text_text_color=&#8221;#0082B6&#8243; text_font_size=&#8221;13px&#8221; text_line_height=&#8221;2em&#8221; custom_margin=&#8221;21px|||||&#8221; global_colors_info=&#8221;{}&#8221;]<\/p>\n<p>Rua Le\u00e3o Sallum, 745<br \/>Boa Vista, Curitiba\/PR<br \/>CEP: 82.540-050<\/p>\n<p>hidra@hidraulicahidra.com.br<\/p>\n<p>Televendas: (41) 3076-7500<\/p>\n<p>[\/et_pb_text][et_pb_button button_url=&#8221;https:\/\/wa.me\/554130767500&#8243; url_new_window=&#8221;on&#8221; button_text=&#8221;WHATSAPP PR&#8221; button_alignment=&#8221;left&#8221; button_alignment_tablet=&#8221;&#8221; button_alignment_phone=&#8221;center&#8221; button_alignment_last_edited=&#8221;on|phone&#8221; _builder_version=&#8221;4.21.0&#8243; _module_preset=&#8221;default&#8221; custom_button=&#8221;on&#8221; button_text_size=&#8221;16px&#8221; button_text_color=&#8221;#FFFFFF&#8221; button_bg_color=&#8221;#2f4369&#8243; button_border_width=&#8221;0px&#8221; button_border_radius=&#8221;50px&#8221; button_font=&#8221;Montserrat||||||||&#8221; button_icon=&#8221;&#xf232;||fa||400&#8243; button_icon_color=&#8221;#0082b6&#8243; global_colors_info=&#8221;{}&#8221;][\/et_pb_button][\/et_pb_column][et_pb_column type=&#8221;1_4&#8243; _builder_version=&#8221;4.16&#8243; _module_preset=&#8221;default&#8221; global_colors_info=&#8221;{}&#8221;][et_pb_text content_tablet=&#8221;&#8221; content_phone=&#8221;<\/p>\n<p style=%22text-align: center;%22>HIDRASUL TIJUCAS\/SC<\/p>\n<p>&#8221; content_last_edited=&#8221;on|phone&#8221; _builder_version=&#8221;4.21.0&#8243; _module_preset=&#8221;default&#8221; text_font=&#8221;Montserrat|700|||||||&#8221; text_text_color=&#8221;#2f4369&#8243; text_font_size=&#8221;16px&#8221; custom_margin=&#8221;||12px|||&#8221; global_colors_info=&#8221;{}&#8221;]<\/p>\n<p style=\"text-align: left;\">HIDRASUL TIJUCAS\/SC<\/p>\n<p>[\/et_pb_text][et_pb_text content_tablet=&#8221;&#8221; content_phone=&#8221;<\/p>\n<p style=%22text-align: center;%22>R. Eucl\u00eddes Francisco<br \/>Peixoto, 1470, Tijucas\/SC<br \/>CEP: 88.200-000<\/p>\n<p style=%22text-align: center;%22>hidratj@hidraulicahidra.com.br<\/p>\n<p style=%22text-align: center;%22>Televendas: (48) 3380-0820<\/p>\n<p>&#8221; content_last_edited=&#8221;on|phone&#8221; _builder_version=&#8221;4.21.0&#8243; _module_preset=&#8221;default&#8221; text_font=&#8221;Montserrat|700|||||||&#8221; text_text_color=&#8221;#0082B6&#8243; text_font_size=&#8221;13px&#8221; text_line_height=&#8221;2em&#8221; custom_margin=&#8221;21px|-9px||||&#8221; global_colors_info=&#8221;{}&#8221;]<\/p>\n<p>R. Eucl\u00eddes Francisco<br \/>Peixoto, 1470, Tijucas\/SC<br \/>CEP: 88.200-000<\/p>\n<p>hidratj@hidraulicahidra.com.br<\/p>\n<p>Televendas: (48) 3380-0820<\/p>\n<p>[\/et_pb_text][et_pb_button button_url=&#8221;https:\/\/wa.me\/554833800820&#8243; url_new_window=&#8221;on&#8221; button_text=&#8221;WHATSAPP SC&#8221; button_alignment=&#8221;left&#8221; button_alignment_tablet=&#8221;&#8221; button_alignment_phone=&#8221;center&#8221; button_alignment_last_edited=&#8221;on|phone&#8221; _builder_version=&#8221;4.21.0&#8243; _module_preset=&#8221;default&#8221; custom_button=&#8221;on&#8221; button_text_size=&#8221;16px&#8221; button_text_color=&#8221;#FFFFFF&#8221; button_bg_color=&#8221;#2f4369&#8243; button_border_width=&#8221;0px&#8221; button_border_radius=&#8221;50px&#8221; button_font=&#8221;Montserrat||||||||&#8221; button_icon=&#8221;&#xf232;||fa||400&#8243; button_icon_color=&#8221;#0082b6&#8243; global_colors_info=&#8221;{}&#8221;][\/et_pb_button][\/et_pb_column][\/et_pb_row][\/et_pb_section][et_pb_section fb_built=&#8221;1&#8243; _builder_version=&#8221;4.14.2&#8243; _module_preset=&#8221;default&#8221; background_color=&#8221;#333333&#8243; custom_padding=&#8221;0px||1px|||&#8221; global_module=&#8221;5689&#8243; saved_tabs=&#8221;all&#8221; global_colors_info=&#8221;{}&#8221;][et_pb_row column_structure=&#8221;3_5,2_5&#8243; _builder_version=&#8221;4.16&#8243; _module_preset=&#8221;default&#8221; custom_padding=&#8221;15px||15px||true|&#8221; global_colors_info=&#8221;{}&#8221;][et_pb_column type=&#8221;3_5&#8243; _builder_version=&#8221;4.16&#8243; _module_preset=&#8221;default&#8221; global_colors_info=&#8221;{}&#8221;][et_pb_text content_tablet=&#8221;&#8221; content_phone=&#8221;<\/p>\n<p style=%22text-align: center;%22>\u00a9 2023 <br \/><a href=%22http:\/\/www.hidraulicahidra.com.br%22>www.hidraulicahidra.com.br <\/a><br \/>Todos os direitos reservados<\/p>\n<p>&#8221; content_last_edited=&#8221;on|phone&#8221; _builder_version=&#8221;4.21.0&#8243; _module_preset=&#8221;default&#8221; text_text_color=&#8221;#FFFFFF&#8221; global_colors_info=&#8221;{}&#8221;]<\/p>\n<p>\u00a9 2023 www.hidraulicahidra.com.br | Todos os direitos reservados<\/p>\n<p>[\/et_pb_text][\/et_pb_column][et_pb_column type=&#8221;2_5&#8243; _builder_version=&#8221;4.16&#8243; _module_preset=&#8221;default&#8221; global_colors_info=&#8221;{}&#8221;][et_pb_image src=&#8221;https:\/\/identidadevisualcuritiba.com.br\/loja\/wp-content\/uploads\/2023\/06\/Atma-Criativa-min.png&#8221; title_text=&#8221;Atma Criativa-min&#8221; align_tablet=&#8221;&#8221; align_phone=&#8221;center&#8221; align_last_edited=&#8221;on|phone&#8221; _builder_version=&#8221;4.21.0&#8243; _module_preset=&#8221;default&#8221; max_width=&#8221;27%&#8221; module_alignment=&#8221;right&#8221; module_alignment_tablet=&#8221;&#8221; module_alignment_phone=&#8221;center&#8221; module_alignment_last_edited=&#8221;on|phone&#8221; global_colors_info=&#8221;{}&#8221;][\/et_pb_image][\/et_pb_column][\/et_pb_row][\/et_pb_section]<\/p>\n","protected":false},"excerpt":{"rendered":"<p>BITOLA C\u00d3DIGO 20 MM 01772 25 MM 04089 32 MM 04088 40 MM 04094 50 MM 04101 60 MM 04082 75 MM 02035 85 MM 02036 110 MM 02037 Sobre a linhaSistema em PVC para condu\u00e7\u00e3o de \u00e1gua fria com solu\u00e7\u00f5es para todos os tipos de projetos em obras residenciais, comerciais e industriais. Dispon\u00edveis na [&hellip;]<\/p>\n","protected":false},"featured_media":264,"comment_status":"closed","ping_status":"closed","template":"","meta":{"_et_pb_use_builder":"on","_et_pb_old_content":"<!-- wp:table -->\r\n<table class=\"wp-block-table has-fixed-layout is-style-stripes\">\r\n<tbody>\r\n<tr>\r\n<td><strong>BITOLA<\/strong><\/td>\r\n<td><strong>C\u00d3DIGO<\/strong><\/td>\r\n<\/tr>\r\n<tr>\r\n<td>20 MM<\/td>\r\n<td>01772<\/td>\r\n<\/tr>\r\n<tr>\r\n<td>25 MM<\/td>\r\n<td>04089<\/td>\r\n<\/tr>\r\n<tr>\r\n<td>32 MM<\/td>\r\n<td>04088<\/td>\r\n<\/tr>\r\n<tr>\r\n<td>40 MM<\/td>\r\n<td>04094<\/td>\r\n<\/tr>\r\n<tr>\r\n<td>50 MM<\/td>\r\n<td>04101<\/td>\r\n<\/tr>\r\n<tr>\r\n<td>60 MM<\/td>\r\n<td>04082<\/td>\r\n<\/tr>\r\n<tr>\r\n<td>75 MM<\/td>\r\n<td>02035<\/td>\r\n<\/tr>\r\n<tr>\r\n<td>85 MM<\/td>\r\n<td>02036<\/td>\r\n<\/tr>\r\n<tr>\r\n<td>110 MM<\/td>\r\n<td>02037<\/td>\r\n<\/tr>\r\n<\/tbody>\r\n<\/table>\r\n<!-- \/wp:table -->\r\n\r\n<!-- wp:paragraph -->\r\n\r\n&nbsp;\r\n\r\n<!-- \/wp:paragraph -->\r\n\r\n<!-- wp:table -->\r\n<table class=\"wp-block-table\">\r\n<tbody>\r\n<tr>\r\n<td><strong>Sobre a linha<\/strong><\/td>\r\n<\/tr>\r\n<tr>\r\n<td>Sistema em PVC para condu\u00e7\u00e3o de \u00e1gua fria com solu\u00e7\u00f5es para todos os tipos de projetos em obras residenciais, comerciais e industriais. Dispon\u00edveis na cor marrom, os produtos s\u00e3o destinados a instala\u00e7\u00f5es permanentes e atendem \u00e0 norma NBR 5648 (\u201cSistemas prediais de \u00e1gua fria\u201d).<\/td>\r\n<\/tr>\r\n<tr>\r\n<td><\/td>\r\n<\/tr>\r\n<tr>\r\n<td><strong>Caracter\u00edsticas<\/strong><\/td>\r\n<\/tr>\r\n<tr>\r\n<td>\u2022 Dispon\u00edvel nos di\u00e2metros de 20, 25, 32, 40, 50, 60, 75, 85 e 110 mm;<\/td>\r\n<\/tr>\r\n<tr>\r\n<td>\u2022 Suporta press\u00e3o de servi\u00e7o de at\u00e9 750 kPa, (7,5 kgf\/cm\u00b2 ou 75 m.c.a.), \u00e0 temperatura de 20\u00b0C;<\/td>\r\n<\/tr>\r\n<tr>\r\n<td>\u2022 Instala\u00e7\u00e3o a frio com Adesivo Pl\u00e1stico PVC Tradicional ou Extra Forte.<\/td>\r\n<\/tr>\r\n<tr>\r\n<td><\/td>\r\n<\/tr>\r\n<tr>\r\n<td><strong>Vantagens<\/strong><\/td>\r\n<\/tr>\r\n<tr>\r\n<td>\u2022 Alta qualidade;<\/td>\r\n<\/tr>\r\n<tr>\r\n<td>\u2022 Linha completa de tubos e conex\u00f5es nas mais variadas bitolas;<\/td>\r\n<\/tr>\r\n<tr>\r\n<td>\u2022 Rapidez na execu\u00e7\u00e3o das juntas sold\u00e1veis.<\/td>\r\n<\/tr>\r\n<\/tbody>\r\n<\/table>\r\n<!-- \/wp:table -->","_et_gb_content_width":""},"product_brand":[],"product_cat":[28],"product_tag":[],"class_list":{"0":"post-223","1":"product","2":"type-product","3":"status-publish","4":"has-post-thumbnail","6":"product_cat-soldavel","8":"first","9":"instock","10":"shipping-taxable","11":"product-type-simple"},"_links":{"self":[{"href":"https:\/\/identidadevisualcuritiba.com.br\/loja\/wp-json\/wp\/v2\/product\/223","targetHints":{"allow":["GET"]}}],"collection":[{"href":"https:\/\/identidadevisualcuritiba.com.br\/loja\/wp-json\/wp\/v2\/product"}],"about":[{"href":"https:\/\/identidadevisualcuritiba.com.br\/loja\/wp-json\/wp\/v2\/types\/product"}],"replies":[{"embeddable":true,"href":"https:\/\/identidadevisualcuritiba.com.br\/loja\/wp-json\/wp\/v2\/comments?post=223"}],"wp:featuredmedia":[{"embeddable":true,"href":"https:\/\/identidadevisualcuritiba.com.br\/loja\/wp-json\/wp\/v2\/media\/264"}],"wp:attachment":[{"href":"https:\/\/identidadevisualcuritiba.com.br\/loja\/wp-json\/wp\/v2\/media?parent=223"}],"wp:term":[{"taxonomy":"product_brand","embeddable":true,"href":"https:\/\/identidadevisualcuritiba.com.br\/loja\/wp-json\/wp\/v2\/product_brand?post=223"},{"taxonomy":"product_cat","embeddable":true,"href":"https:\/\/identidadevisualcuritiba.com.br\/loja\/wp-json\/wp\/v2\/product_cat?post=223"},{"taxonomy":"product_tag","embeddable":true,"href":"https:\/\/identidadevisualcuritiba.com.br\/loja\/wp-json\/wp\/v2\/product_tag?post=223"}],"curies":[{"name":"wp","href":"https:\/\/api.w.org\/{rel}","templated":true}]}}