{"id":254,"date":"2023-03-08T13:40:17","date_gmt":"2023-03-08T13:40:17","guid":{"rendered":"https:\/\/identidadevisualcuritiba.com.br\/loja\/?post_type=product&#038;p=254"},"modified":"2023-05-19T12:41:11","modified_gmt":"2023-05-19T12:41:11","slug":"curva-de-transposicao","status":"publish","type":"product","link":"https:\/\/identidadevisualcuritiba.com.br\/loja\/produto\/curva-de-transposicao\/","title":{"rendered":"CURVA DE TRANSPOSI\u00c7\u00c3O"},"content":{"rendered":"<p>[et_pb_section fb_built=&#8221;1&#8243; _builder_version=&#8221;4.14.2&#8243; custom_padding=&#8221;0px|15px||15px|false|true&#8221; hover_enabled=&#8221;0&#8243; global_colors_info=&#8221;{}&#8221; background_color=&#8221;#f0f0f0&#8243; sticky_enabled=&#8221;0&#8243;][et_pb_row _builder_version=&#8221;3.25&#8243; background_size=&#8221;initial&#8221; background_position=&#8221;top_left&#8221; background_repeat=&#8221;repeat&#8221; width=&#8221;100%&#8221; custom_padding=&#8221;0px||0px||false|false&#8221; global_colors_info=&#8221;{}&#8221;][et_pb_column type=&#8221;4_4&#8243; _builder_version=&#8221;3.25&#8243; custom_padding=&#8221;|||&#8221; global_colors_info=&#8221;{}&#8221; custom_padding__hover=&#8221;|||&#8221;][et_pb_wc_breadcrumb _builder_version=&#8221;4.14.2&#8243; hover_enabled=&#8221;0&#8243; global_colors_info=&#8221;{}&#8221; custom_padding=&#8221;30px||30px||true|false&#8221; sticky_enabled=&#8221;0&#8243;][\/et_pb_wc_breadcrumb][\/et_pb_column][\/et_pb_row][et_pb_row column_structure=&#8221;1_2,1_2&#8243; _builder_version=&#8221;3.25&#8243; background_size=&#8221;initial&#8221; background_position=&#8221;top_left&#8221; background_repeat=&#8221;repeat&#8221; width=&#8221;100%&#8221; custom_padding=&#8221;0px||||false|false&#8221; global_colors_info=&#8221;{}&#8221;][et_pb_column type=&#8221;1_2&#8243; _builder_version=&#8221;3.25&#8243; custom_padding=&#8221;|||&#8221; global_colors_info=&#8221;{}&#8221; custom_padding__hover=&#8221;|||&#8221;][et_pb_wc_images _builder_version=&#8221;3.0.47&#8243; global_colors_info=&#8221;{}&#8221;][\/et_pb_wc_images][\/et_pb_column][et_pb_column type=&#8221;1_2&#8243; _builder_version=&#8221;3.25&#8243; custom_padding=&#8221;|||&#8221; global_colors_info=&#8221;{}&#8221; custom_padding__hover=&#8221;|||&#8221;][et_pb_wc_title _builder_version=&#8221;4.14.2&#8243; hover_enabled=&#8221;0&#8243; global_colors_info=&#8221;{}&#8221; header_font=&#8221;|700|||||||&#8221; header_text_color=&#8221;#0082b6&#8243; sticky_enabled=&#8221;0&#8243;][\/et_pb_wc_title][et_pb_wc_price _builder_version=&#8221;3.0.47&#8243; global_colors_info=&#8221;{}&#8221;][\/et_pb_wc_price][et_pb_wc_description _builder_version=&#8221;3.0.47&#8243; global_colors_info=&#8221;{}&#8221;][\/et_pb_wc_description][et_pb_text _builder_version=&#8221;4.14.2&#8243; _module_preset=&#8221;default&#8221; hover_enabled=&#8221;0&#8243; sticky_enabled=&#8221;0&#8243;]<\/p>\n<table width=\"420\">\n<tbody>\n<tr>\n<td width=\"206\"><strong>BITOLA<\/strong><\/td>\n<td width=\"214\"><strong>C\u00d3DIGO<\/strong><\/td>\n<\/tr>\n<tr>\n<td>DN 15<\/td>\n<td>46032<\/td>\n<\/tr>\n<tr>\n<td>DN 22<\/td>\n<td>45828<\/td>\n<\/tr>\n<\/tbody>\n<\/table>\n<p>[\/et_pb_text][et_pb_wc_add_to_cart global_colors_info=&#8221;{}&#8221;][\/et_pb_wc_add_to_cart][\/et_pb_column][\/et_pb_row][et_pb_row _builder_version=&#8221;4.14.2&#8243; _module_preset=&#8221;default&#8221; width=&#8221;100%&#8221; global_colors_info=&#8221;{}&#8221; global_module=&#8221;5716&#8243; theme_builder_area=&#8221;post_content&#8221;][et_pb_column type=&#8221;4_4&#8243; _builder_version=&#8221;4.14.2&#8243; _module_preset=&#8221;default&#8221; global_colors_info=&#8221;{}&#8221; theme_builder_area=&#8221;post_content&#8221;][et_pb_text _builder_version=&#8221;4.14.2&#8243; _module_preset=&#8221;default&#8221; global_colors_info=&#8221;{}&#8221; theme_builder_area=&#8221;post_content&#8221;]<\/p>\n<p><strong>Sobre a linha<\/strong><br \/>&#8220;Sistema de tubos e conex\u00f5es fabricado com o composto FlowGuard\u00ae, que resulta em um produto final com resist\u00eancia superior ao CPVC Convencional.<br \/>Indicado para instala\u00e7\u00f5es de \u00e1gua quente e fria sob press\u00e3o em edifica\u00e7\u00f5es.&#8221;<\/p>\n<p><strong>Caracter\u00edsticas<\/strong><br \/>\u2022 Cor: Bege \u2013 Tubo com faixa vermelha;<br \/>\u2022 Di\u00e2metros nominais: 15, 22, 28, 35, 42, 54, 73, 89 e 114;<br \/>\u2022 Dispon\u00edvel em barras de 3 m.<\/p>\n<p><strong>Vantagens<\/strong><br \/>\u2022 Desempenho Elevado:\u00a0Melhor comportamento contra golpes de ar\u00edete (sobre press\u00e3o) e impactos;<br \/>\u2022 Material at\u00f3xico:\u00a0Proporciona maior seguran\u00e7a para os usu\u00e1rios;<br \/>\u2022 Livre de corros\u00e3o:\u00a0Tem alta resist\u00eancia qu\u00edmica, proporcionando durabilidade. Elimina o risco de trocas e vazamentos devido a oxida\u00e7\u00e3o;<br \/>\u2022 Sem incrusta\u00e7\u00f5es:\u00a0Por ter paredes internas extremamente lisas e n\u00e3o conduzir energia el\u00e9trica, proporciona que ao longo do tempo a instala\u00e7\u00e3o fique sem incrusta\u00e7\u00f5es e sem redu\u00e7\u00e3o do di\u00e2metro da tubula\u00e7\u00e3o;<br \/>\u2022 Mais Resist\u00eancia:\u00a0Suporta press\u00e3o de servi\u00e7o de 8,6 Bar (86 mca) conduzindo agua a 82\u00b0 C e de 30 Bar (300 mca) conduzindo agua a 20\u00b0 C;<br \/>\u2022 Junta Simples:\u00a0A uni\u00e3o de tubos e conex\u00f5es \u00e9 feito por junta sold\u00e1vel a frio com Adesivo Pl\u00e1stico CPVC.<\/p>\n<p>[\/et_pb_text][\/et_pb_column][\/et_pb_row][et_pb_row _builder_version=&#8221;3.25&#8243; background_size=&#8221;initial&#8221; background_position=&#8221;top_left&#8221; background_repeat=&#8221;repeat&#8221; width=&#8221;100%&#8221; global_colors_info=&#8221;{}&#8221;][et_pb_column type=&#8221;4_4&#8243; _builder_version=&#8221;3.25&#8243; custom_padding=&#8221;|||&#8221; global_colors_info=&#8221;{}&#8221; custom_padding__hover=&#8221;|||&#8221;][et_pb_wc_upsells _builder_version=&#8221;3.0.47&#8243; global_colors_info=&#8221;{}&#8221;][\/et_pb_wc_upsells][et_pb_wc_related_products _builder_version=&#8221;4.14.2&#8243; hover_enabled=&#8221;0&#8243; global_colors_info=&#8221;{}&#8221; icon_hover_color=&#8221;#0082b6&#8243; title_font=&#8221;|700|||||||&#8221; title_text_color=&#8221;#0082b6&#8243; sticky_enabled=&#8221;0&#8243; product_title_font_size=&#8221;16px&#8221;][\/et_pb_wc_related_products][\/et_pb_column][\/et_pb_row][\/et_pb_section][et_pb_section fb_built=&#8221;1&#8243; _builder_version=&#8221;4.14.2&#8243; _module_preset=&#8221;default&#8221; background_color=&#8221;#e6e6e6&#8243; global_colors_info=&#8221;{}&#8221; global_module=&#8221;5684&#8243; theme_builder_area=&#8221;post_content&#8221;][et_pb_row column_structure=&#8221;1_4,1_4,1_4,1_4&#8243; _builder_version=&#8221;4.14.2&#8243; _module_preset=&#8221;default&#8221; global_colors_info=&#8221;{}&#8221; theme_builder_area=&#8221;post_content&#8221;][et_pb_column type=&#8221;1_4&#8243; _builder_version=&#8221;4.14.2&#8243; _module_preset=&#8221;default&#8221; global_colors_info=&#8221;{}&#8221; theme_builder_area=&#8221;post_content&#8221;][et_pb_image src=&#8221;https:\/\/identidadevisualcuritiba.com.br\/loja\/wp-content\/uploads\/2017\/10\/logo-hidra.png&#8221; title_text=&#8221;logo-hidra&#8221; _builder_version=&#8221;4.14.2&#8243; _module_preset=&#8221;default&#8221; global_colors_info=&#8221;{}&#8221; theme_builder_area=&#8221;post_content&#8221;][\/et_pb_image][et_pb_text _builder_version=&#8221;4.14.2&#8243; _module_preset=&#8221;default&#8221; global_colors_info=&#8221;{}&#8221; theme_builder_area=&#8221;post_content&#8221;]<\/p>\n<p>Distribuidora sin\u00f4nimo <br \/>de qualidade <br \/>e excel\u00eancia em tubos,<br \/>conex\u00f5es e acess\u00f3rios <br \/>para instala\u00e7\u00f5es <br \/>hidr\u00e1ulicas.<\/p>\n<p>[\/et_pb_text][\/et_pb_column][et_pb_column type=&#8221;1_4&#8243; _builder_version=&#8221;4.14.2&#8243; _module_preset=&#8221;default&#8221; global_colors_info=&#8221;{}&#8221; theme_builder_area=&#8221;post_content&#8221;][\/et_pb_column][et_pb_column type=&#8221;1_4&#8243; _builder_version=&#8221;4.14.2&#8243; _module_preset=&#8221;default&#8221; global_colors_info=&#8221;{}&#8221; theme_builder_area=&#8221;post_content&#8221;][\/et_pb_column][et_pb_column type=&#8221;1_4&#8243; _builder_version=&#8221;4.14.2&#8243; _module_preset=&#8221;default&#8221; global_colors_info=&#8221;{}&#8221; theme_builder_area=&#8221;post_content&#8221;][\/et_pb_column][\/et_pb_row][\/et_pb_section][et_pb_section fb_built=&#8221;1&#8243; _builder_version=&#8221;4.14.2&#8243; _module_preset=&#8221;default&#8221; background_color=&#8221;#333333&#8243; custom_padding=&#8221;0px||1px|||&#8221; global_colors_info=&#8221;{}&#8221; global_module=&#8221;5689&#8243; theme_builder_area=&#8221;post_content&#8221;][et_pb_row column_structure=&#8221;3_5,2_5&#8243; _builder_version=&#8221;4.14.2&#8243; _module_preset=&#8221;default&#8221; custom_padding=&#8221;||2px|||&#8221; global_colors_info=&#8221;{}&#8221; theme_builder_area=&#8221;post_content&#8221;][et_pb_column type=&#8221;3_5&#8243; _builder_version=&#8221;4.14.2&#8243; _module_preset=&#8221;default&#8221; global_colors_info=&#8221;{}&#8221; theme_builder_area=&#8221;post_content&#8221;][et_pb_text _builder_version=&#8221;4.14.2&#8243; _module_preset=&#8221;default&#8221; text_text_color=&#8221;#FFFFFF&#8221; global_colors_info=&#8221;{}&#8221; theme_builder_area=&#8221;post_content&#8221;]<\/p>\n<p>\u00a9 2023 www.hidraulicahidra.com.br | Todos os direitos reservados<\/p>\n<p>[\/et_pb_text][\/et_pb_column][et_pb_column type=&#8221;2_5&#8243; _builder_version=&#8221;4.14.2&#8243; _module_preset=&#8221;default&#8221; global_colors_info=&#8221;{}&#8221; theme_builder_area=&#8221;post_content&#8221;][\/et_pb_column][\/et_pb_row][\/et_pb_section]<\/p>\n","protected":false},"excerpt":{"rendered":"<p>BITOLA C\u00d3DIGO DN 15 46032 DN 22 45828 Sobre a linha&#8221;Sistema de tubos e conex\u00f5es fabricado com o composto FlowGuard\u00ae, que resulta em um produto final com resist\u00eancia superior ao CPVC Convencional.Indicado para instala\u00e7\u00f5es de \u00e1gua quente e fria sob press\u00e3o em edifica\u00e7\u00f5es.&#8221; Caracter\u00edsticas\u2022 Cor: Bege \u2013 Tubo com faixa vermelha;\u2022 Di\u00e2metros nominais: 15, 22, [&hellip;]<\/p>\n","protected":false},"featured_media":297,"comment_status":"closed","ping_status":"closed","template":"","meta":{"_et_pb_use_builder":"on","_et_pb_old_content":"<!-- wp:table -->\r\n<table class=\"wp-block-table has-fixed-layout is-style-stripes\">\r\n<tbody>\r\n<tr>\r\n<td><strong>BITOLA<\/strong><\/td>\r\n<td><strong>C\u00d3DIGO<\/strong><\/td>\r\n<\/tr>\r\n<tr>\r\n<td>DN 15<\/td>\r\n<td>46032<\/td>\r\n<\/tr>\r\n<tr>\r\n<td>DN 22<\/td>\r\n<td>45828<\/td>\r\n<\/tr>\r\n<\/tbody>\r\n<\/table>\r\n<!-- \/wp:table -->\r\n\r\n<!-- wp:paragraph -->\r\n<p>&nbsp;<\/p>\r\n<!-- \/wp:paragraph -->\r\n\r\n<!-- wp:table -->\r\n<table class=\"wp-block-table\">\r\n<tbody>\r\n<tr>\r\n<td><strong>Sobre a linha<\/strong><\/td>\r\n<\/tr>\r\n<tr>\r\n<td>Sistema de tubos e conex\u00f5es fabricado com o composto FlowGuard\u00ae, que resulta em um produto final com resist\u00eancia superior ao CPVC Convencional.<br \/>Indicado para instala\u00e7\u00f5es de \u00e1gua quente e fria sob press\u00e3o em edifica\u00e7\u00f5es.<\/td>\r\n<\/tr>\r\n<tr>\r\n<td>\u00a0<\/td>\r\n<\/tr>\r\n<tr>\r\n<td><strong>Caracter\u00edsticas<\/strong><\/td>\r\n<\/tr>\r\n<tr>\r\n<td>\u2022 Cor: Bege \u2013 Tubo com faixa vermelha;<\/td>\r\n<\/tr>\r\n<tr>\r\n<td>\u2022 Di\u00e2metros nominais: 15, 22, 28, 35, 42, 54, 73, 89 e 114;<\/td>\r\n<\/tr>\r\n<tr>\r\n<td>\u2022 Dispon\u00edvel em barras de 3 m.<\/td>\r\n<\/tr>\r\n<tr>\r\n<td>\u00a0<\/td>\r\n<\/tr>\r\n<tr>\r\n<td><strong>Vantagens<\/strong><\/td>\r\n<\/tr>\r\n<tr>\r\n<td>\u2022 Desempenho Elevado:\u00a0Melhor comportamento contra golpes de ar\u00edete (sobre press\u00e3o) e impactos;<\/td>\r\n<\/tr>\r\n<tr>\r\n<td>\u2022 Material at\u00f3xico:\u00a0Proporciona maior seguran\u00e7a para os usu\u00e1rios;<\/td>\r\n<\/tr>\r\n<tr>\r\n<td>\u2022 Livre de corros\u00e3o:\u00a0Tem alta resist\u00eancia qu\u00edmica, proporcionando durabilidade. Elimina o risco de trocas e vazamentos devido a oxida\u00e7\u00e3o;<\/td>\r\n<\/tr>\r\n<tr>\r\n<td>\u2022 Sem incrusta\u00e7\u00f5es:\u00a0Por ter paredes internas extremamente lisas e n\u00e3o conduzir energia el\u00e9trica, proporciona que ao longo do tempo a instala\u00e7\u00e3o fique sem incrusta\u00e7\u00f5es e sem redu\u00e7\u00e3o do di\u00e2metro da tubula\u00e7\u00e3o;<\/td>\r\n<\/tr>\r\n<tr>\r\n<td>\u2022 Mais Resist\u00eancia:\u00a0Suporta press\u00e3o de servi\u00e7o de 8,6 Bar (86 mca) conduzindo agua a 82\u00b0 C e de 30 Bar (300 mca) conduzindo agua a 20\u00b0 C;<\/td>\r\n<\/tr>\r\n<tr>\r\n<td>\u2022 Junta Simples:\u00a0A uni\u00e3o de tubos e conex\u00f5es \u00e9 feito por junta sold\u00e1vel a frio com Adesivo Pl\u00e1stico CPVC.<\/td>\r\n<\/tr>\r\n<\/tbody>\r\n<\/table>\r\n<!-- \/wp:table -->","_et_gb_content_width":""},"product_brand":[],"product_cat":[30],"product_tag":[],"class_list":{"0":"post-254","1":"product","2":"type-product","3":"status-publish","4":"has-post-thumbnail","6":"product_cat-super-cpvc","8":"first","9":"instock","10":"shipping-taxable","11":"product-type-simple"},"_links":{"self":[{"href":"https:\/\/identidadevisualcuritiba.com.br\/loja\/wp-json\/wp\/v2\/product\/254","targetHints":{"allow":["GET"]}}],"collection":[{"href":"https:\/\/identidadevisualcuritiba.com.br\/loja\/wp-json\/wp\/v2\/product"}],"about":[{"href":"https:\/\/identidadevisualcuritiba.com.br\/loja\/wp-json\/wp\/v2\/types\/product"}],"replies":[{"embeddable":true,"href":"https:\/\/identidadevisualcuritiba.com.br\/loja\/wp-json\/wp\/v2\/comments?post=254"}],"wp:featuredmedia":[{"embeddable":true,"href":"https:\/\/identidadevisualcuritiba.com.br\/loja\/wp-json\/wp\/v2\/media\/297"}],"wp:attachment":[{"href":"https:\/\/identidadevisualcuritiba.com.br\/loja\/wp-json\/wp\/v2\/media?parent=254"}],"wp:term":[{"taxonomy":"product_brand","embeddable":true,"href":"https:\/\/identidadevisualcuritiba.com.br\/loja\/wp-json\/wp\/v2\/product_brand?post=254"},{"taxonomy":"product_cat","embeddable":true,"href":"https:\/\/identidadevisualcuritiba.com.br\/loja\/wp-json\/wp\/v2\/product_cat?post=254"},{"taxonomy":"product_tag","embeddable":true,"href":"https:\/\/identidadevisualcuritiba.com.br\/loja\/wp-json\/wp\/v2\/product_tag?post=254"}],"curies":[{"name":"wp","href":"https:\/\/api.w.org\/{rel}","templated":true}]}}