{"id":283,"date":"2023-03-08T13:40:38","date_gmt":"2023-03-08T13:40:38","guid":{"rendered":"https:\/\/identidadevisualcuritiba.com.br\/loja\/?post_type=product&#038;p=283"},"modified":"2023-03-08T13:40:54","modified_gmt":"2023-03-08T13:40:54","slug":"modulo-de-distribui%c2%80cao-aberto-flextemp","status":"publish","type":"product","link":"https:\/\/identidadevisualcuritiba.com.br\/loja\/produto\/modulo-de-distribui%c2%80cao-aberto-flextemp\/","title":{"rendered":"M\u00d3DULO DE DISTRIBUI\u0080\u00c7\u00c3O ABERTO FLEXTEMP"},"content":{"rendered":"<p>Tamanho: 22 X 15 &#8211; 03 SA\u00d6DAS<\/p>\n<p>Marca: AMANCO<\/p>\n","protected":false},"excerpt":{"rendered":"<p>Tamanho: 22 X 15 &#8211; 03 SA\u00d6DAS Marca: AMANCO<\/p>\n","protected":false},"featured_media":0,"comment_status":"closed","ping_status":"closed","template":"","meta":{"_et_pb_use_builder":"","_et_pb_old_content":"","_et_gb_content_width":""},"product_brand":[],"product_cat":[15],"product_tag":[],"class_list":{"0":"post-283","1":"product","2":"type-product","3":"status-publish","5":"product_cat-sem-categoria","7":"first","8":"instock","9":"shipping-taxable","10":"product-type-simple"},"_links":{"self":[{"href":"https:\/\/identidadevisualcuritiba.com.br\/loja\/wp-json\/wp\/v2\/product\/283","targetHints":{"allow":["GET"]}}],"collection":[{"href":"https:\/\/identidadevisualcuritiba.com.br\/loja\/wp-json\/wp\/v2\/product"}],"about":[{"href":"https:\/\/identidadevisualcuritiba.com.br\/loja\/wp-json\/wp\/v2\/types\/product"}],"replies":[{"embeddable":true,"href":"https:\/\/identidadevisualcuritiba.com.br\/loja\/wp-json\/wp\/v2\/comments?post=283"}],"wp:attachment":[{"href":"https:\/\/identidadevisualcuritiba.com.br\/loja\/wp-json\/wp\/v2\/media?parent=283"}],"wp:term":[{"taxonomy":"product_brand","embeddable":true,"href":"https:\/\/identidadevisualcuritiba.com.br\/loja\/wp-json\/wp\/v2\/product_brand?post=283"},{"taxonomy":"product_cat","embeddable":true,"href":"https:\/\/identidadevisualcuritiba.com.br\/loja\/wp-json\/wp\/v2\/product_cat?post=283"},{"taxonomy":"product_tag","embeddable":true,"href":"https:\/\/identidadevisualcuritiba.com.br\/loja\/wp-json\/wp\/v2\/product_tag?post=283"}],"curies":[{"name":"wp","href":"https:\/\/api.w.org\/{rel}","templated":true}]}}