{"id":389,"date":"2023-03-08T13:41:42","date_gmt":"2023-03-08T13:41:42","guid":{"rendered":"https:\/\/identidadevisualcuritiba.com.br\/loja\/?post_type=product&#038;p=389"},"modified":"2023-03-08T13:41:50","modified_gmt":"2023-03-08T13:41:50","slug":"te-de-redu%c2%80cao-gas","status":"publish","type":"product","link":"https:\/\/identidadevisualcuritiba.com.br\/loja\/produto\/te-de-redu%c2%80cao-gas\/","title":{"rendered":"T\u00ca DE REDU\u0080\u00c7\u00c3O G\u00c1S"},"content":{"rendered":"<table class=\"desc-prod\">\n<thead>\n<tr>\n<td>Tamanho<\/td>\n<\/tr>\n<\/thead>\n<tbody>\n<tr>\n<td>16 X 20 X 16<\/td>\n<\/tr>\n<tr>\n<td>20 X 16 X 16<\/td>\n<\/tr>\n<tr>\n<td>20 X 16 X 20<\/td>\n<\/tr>\n<tr>\n<td>20 X 20 X 16<\/td>\n<\/tr>\n<tr>\n<td>20 X 26 X 20<\/td>\n<\/tr>\n<tr>\n<td>20 X 32 X 20<\/td>\n<\/tr>\n<tr>\n<td>26 X 16 X 20<\/td>\n<\/tr>\n<tr>\n<td>26 X 16 X 26<\/td>\n<\/tr>\n<tr>\n<td>26 X 20 X 16<\/td>\n<\/tr>\n<tr>\n<td>26 X 20 X 20<\/td>\n<\/tr>\n<tr>\n<td>26 X 20 X 26<\/td>\n<\/tr>\n<tr>\n<td>26 X 26 X 16<\/td>\n<\/tr>\n<tr>\n<td>26 X 26 X 20<\/td>\n<\/tr>\n<tr>\n<td>26 X 32 X 26<\/td>\n<\/tr>\n<tr>\n<td>32 X 16 X 32<\/td>\n<\/tr>\n<tr>\n<td>32 X 20 X 20<\/td>\n<\/tr>\n<tr>\n<td>32 X 20 X 26<\/td>\n<\/tr>\n<tr>\n<td>32 X 20 X 32<\/td>\n<\/tr>\n<tr>\n<td>32 X 26 X 20<\/td>\n<\/tr>\n<tr>\n<td>32 X 26 X 20<\/td>\n<\/tr>\n<tr>\n<td>32 X 26 X 32<\/td>\n<\/tr>\n<tr>\n<td>32 X 32 X 16<\/td>\n<\/tr>\n<tr>\n<td>32 X 32 X 20<\/td>\n<\/tr>\n<tr>\n<td>32 X 32 X 26<\/td>\n<\/tr>\n<\/tbody>\n<\/table>\n","protected":false},"excerpt":{"rendered":"<p>Tamanho 16 X 20 X 16 20 X 16 X 16 20 X 16 X 20 20 X 20 X 16 20 X 26 X 20 20 X 32 X 20 26 X 16 X 20 26 X 16 X 26 26 X 20 X 16 26 X 20 X 20 26 X 20 X [&hellip;]<\/p>\n","protected":false},"featured_media":0,"comment_status":"closed","ping_status":"closed","template":"","meta":{"_et_pb_use_builder":"","_et_pb_old_content":"","_et_gb_content_width":""},"product_brand":[],"product_cat":[15],"product_tag":[],"class_list":{"0":"post-389","1":"product","2":"type-product","3":"status-publish","5":"product_cat-sem-categoria","7":"first","8":"instock","9":"shipping-taxable","10":"product-type-simple"},"_links":{"self":[{"href":"https:\/\/identidadevisualcuritiba.com.br\/loja\/wp-json\/wp\/v2\/product\/389","targetHints":{"allow":["GET"]}}],"collection":[{"href":"https:\/\/identidadevisualcuritiba.com.br\/loja\/wp-json\/wp\/v2\/product"}],"about":[{"href":"https:\/\/identidadevisualcuritiba.com.br\/loja\/wp-json\/wp\/v2\/types\/product"}],"replies":[{"embeddable":true,"href":"https:\/\/identidadevisualcuritiba.com.br\/loja\/wp-json\/wp\/v2\/comments?post=389"}],"wp:attachment":[{"href":"https:\/\/identidadevisualcuritiba.com.br\/loja\/wp-json\/wp\/v2\/media?parent=389"}],"wp:term":[{"taxonomy":"product_brand","embeddable":true,"href":"https:\/\/identidadevisualcuritiba.com.br\/loja\/wp-json\/wp\/v2\/product_brand?post=389"},{"taxonomy":"product_cat","embeddable":true,"href":"https:\/\/identidadevisualcuritiba.com.br\/loja\/wp-json\/wp\/v2\/product_cat?post=389"},{"taxonomy":"product_tag","embeddable":true,"href":"https:\/\/identidadevisualcuritiba.com.br\/loja\/wp-json\/wp\/v2\/product_tag?post=389"}],"curies":[{"name":"wp","href":"https:\/\/api.w.org\/{rel}","templated":true}]}}