{"id":472,"date":"2023-03-08T13:42:24","date_gmt":"2023-03-08T13:42:24","guid":{"rendered":"https:\/\/identidadevisualcuritiba.com.br\/loja\/?post_type=product&#038;p=472"},"modified":"2023-06-19T14:57:02","modified_gmt":"2023-06-19T14:57:02","slug":"juncao-dupla-sr","status":"publish","type":"product","link":"https:\/\/identidadevisualcuritiba.com.br\/loja\/produto\/juncao-dupla-sr\/","title":{"rendered":"JUN\u00c7\u00c3O DUPLA SR"},"content":{"rendered":"<p>[et_pb_section fb_built=&#8221;1&#8243; _builder_version=&#8221;4.21.0&#8243; custom_padding=&#8221;0px||||false|false&#8221; hover_enabled=&#8221;0&#8243; global_colors_info=&#8221;{}&#8221; background_color=&#8221;#f0f0f0&#8243; sticky_enabled=&#8221;0&#8243;][et_pb_row _builder_version=&#8221;4.16&#8243; background_size=&#8221;initial&#8221; background_position=&#8221;top_left&#8221; background_repeat=&#8221;repeat&#8221; width=&#8221;100%&#8221; custom_padding=&#8221;0px||0px||false|false&#8221; global_colors_info=&#8221;{}&#8221;][et_pb_column type=&#8221;4_4&#8243; _builder_version=&#8221;4.16&#8243; custom_padding=&#8221;|||&#8221; global_colors_info=&#8221;{}&#8221; custom_padding__hover=&#8221;|||&#8221;][et_pb_wc_breadcrumb _builder_version=&#8221;4.21.0&#8243; hover_enabled=&#8221;0&#8243; global_colors_info=&#8221;{}&#8221; custom_padding=&#8221;31px||31px||true|false&#8221; sticky_enabled=&#8221;0&#8243;][\/et_pb_wc_breadcrumb][\/et_pb_column][\/et_pb_row][et_pb_row _builder_version=&#8221;4.16&#8243; background_size=&#8221;initial&#8221; background_position=&#8221;top_left&#8221; background_repeat=&#8221;repeat&#8221; width=&#8221;100%&#8221; custom_padding=&#8221;0px||||false|false&#8221; global_colors_info=&#8221;{}&#8221; column_structure=&#8221;1_2,1_2&#8243;][et_pb_column type=&#8221;1_2&#8243; _builder_version=&#8221;4.16&#8243; custom_padding=&#8221;|||&#8221; global_colors_info=&#8221;{}&#8221; custom_padding__hover=&#8221;|||&#8221;][et_pb_wc_images _builder_version=&#8221;4.16&#8243; global_colors_info=&#8221;{}&#8221;][\/et_pb_wc_images][\/et_pb_column][et_pb_column type=&#8221;1_2&#8243; _builder_version=&#8221;4.16&#8243; custom_padding=&#8221;|||&#8221; global_colors_info=&#8221;{}&#8221; custom_padding__hover=&#8221;|||&#8221;][et_pb_wc_title _builder_version=&#8221;4.21.0&#8243; hover_enabled=&#8221;0&#8243; global_colors_info=&#8221;{}&#8221; header_font=&#8221;|700|||||||&#8221; header_text_color=&#8221;#0082B6&#8243; sticky_enabled=&#8221;0&#8243;][\/et_pb_wc_title][et_pb_wc_price _builder_version=&#8221;4.16&#8243; global_colors_info=&#8221;{}&#8221;][\/et_pb_wc_price][et_pb_wc_description _builder_version=&#8221;4.16&#8243; global_colors_info=&#8221;{}&#8221;][\/et_pb_wc_description][et_pb_text _builder_version=&#8221;4.21.0&#8243; _module_preset=&#8221;default&#8221; hover_enabled=&#8221;0&#8243; sticky_enabled=&#8221;0&#8243;]<\/p>\n<table width=\"312\">\n<tbody>\n<tr>\n<td width=\"212\"><strong>BITOLA<\/strong><\/td>\n<td width=\"100\"><strong>C\u00d3DIGO<\/strong><\/td>\n<\/tr>\n<tr>\n<td>DN 100<\/td>\n<td>37312<\/td>\n<\/tr>\n<\/tbody>\n<\/table>\n<p>[\/et_pb_text][et_pb_wc_add_to_cart _builder_version=&#8221;4.16&#8243; global_colors_info=&#8221;{}&#8221;][\/et_pb_wc_add_to_cart][\/et_pb_column][\/et_pb_row][et_pb_row _builder_version=&#8221;4.21.0&#8243; _module_preset=&#8221;default&#8221; width=&#8221;100%&#8221; global_colors_info=&#8221;{}&#8221; global_module=&#8221;5813&#8243; theme_builder_area=&#8221;post_content&#8221;][et_pb_column type=&#8221;4_4&#8243; _builder_version=&#8221;4.21.0&#8243; _module_preset=&#8221;default&#8221; global_colors_info=&#8221;{}&#8221; theme_builder_area=&#8221;post_content&#8221;][et_pb_text _builder_version=&#8221;4.21.0&#8243; _module_preset=&#8221;default&#8221; text_font_size=&#8221;16px&#8221; global_colors_info=&#8221;{}&#8221; theme_builder_area=&#8221;post_content&#8221;]<\/p>\n<p><strong>Sobre a linha<\/strong><br \/>Voltados para instala\u00e7\u00f5es em \u00e1reas externas que estejam suscet\u00edveis ao impacto, temperatura de despejos de l\u00edquidos quentes, como em pias de cozinha e em locais enterrados que sofram com tr\u00e1fego. Os produtos dessa linha t\u00eam um refor\u00e7o a mais para conduzir esgoto sanit\u00e1rio, \u00e1gua pluvial e ventila\u00e7\u00e3o. Fabricados em PVC, est\u00e3o dispon\u00edveis na cor cinza claro.<\/p>\n<p><strong>Caracter\u00edsticas<\/strong><br \/>\u2022 Dispon\u00edvel em bitolas comerciais de DN 40, DN 50, DN 75, DN 100 e DN 150 (mm);<br \/>\u2022 Superf\u00edcie interna lisa;<br \/>\u2022 Junta sold\u00e1vel com aplica\u00e7\u00e3o de adesivo PVC.<\/p>\n<p><strong>Vantagens<\/strong><br \/>\u2022 Escoamento por gravidade n\u00e3o submetida \u00e0 press\u00e3o e ventila\u00e7\u00e3o;<br \/>\u2022 F\u00e1cil instala\u00e7\u00e3o por adesivo ou junta el\u00e1stica;<br \/>\u2022 Estanqueidade;<br \/>\u2022 Alta durabilidade;<br \/>\u2022 Produto resistente com alta classe de rigidez.<\/p>\n<p>&nbsp;<\/p>\n<p>[\/et_pb_text][\/et_pb_column][\/et_pb_row][et_pb_row _builder_version=&#8221;4.16&#8243; background_size=&#8221;initial&#8221; background_position=&#8221;top_left&#8221; background_repeat=&#8221;repeat&#8221; width=&#8221;100%&#8221; global_colors_info=&#8221;{}&#8221;][et_pb_column type=&#8221;4_4&#8243; _builder_version=&#8221;4.16&#8243; custom_padding=&#8221;|||&#8221; global_colors_info=&#8221;{}&#8221; custom_padding__hover=&#8221;|||&#8221;][et_pb_wc_upsells columns_number=&#8221;3&#8243; _builder_version=&#8221;4.16&#8243; global_colors_info=&#8221;{}&#8221;][\/et_pb_wc_upsells][et_pb_wc_related_products _builder_version=&#8221;4.21.0&#8243; hover_enabled=&#8221;0&#8243; global_colors_info=&#8221;{}&#8221; icon_hover_color=&#8221;#0082B6&#8243; title_font=&#8221;|700|||||||&#8221; title_text_color=&#8221;#0082B6&#8243; product_title_font_size=&#8221;16px&#8221; sticky_enabled=&#8221;0&#8243;][\/et_pb_wc_related_products][\/et_pb_column][\/et_pb_row][\/et_pb_section][et_pb_section fb_built=&#8221;1&#8243; _builder_version=&#8221;4.16&#8243; _module_preset=&#8221;default&#8221; background_color=&#8221;#e6e6e6&#8243; saved_tabs=&#8221;all&#8221; global_colors_info=&#8221;{}&#8221; global_module=&#8221;5684&#8243; theme_builder_area=&#8221;post_content&#8221;][et_pb_row column_structure=&#8221;1_4,1_4,1_4,1_4&#8243; _builder_version=&#8221;4.16&#8243; _module_preset=&#8221;default&#8221; global_colors_info=&#8221;{}&#8221; theme_builder_area=&#8221;post_content&#8221;][et_pb_column type=&#8221;1_4&#8243; _builder_version=&#8221;4.16&#8243; _module_preset=&#8221;default&#8221; global_colors_info=&#8221;{}&#8221; theme_builder_area=&#8221;post_content&#8221;][et_pb_image src=&#8221;https:\/\/identidadevisualcuritiba.com.br\/loja\/wp-content\/uploads\/2017\/10\/logo-hidra.png&#8221; title_text=&#8221;logo-hidra&#8221; _builder_version=&#8221;4.16&#8243; _module_preset=&#8221;default&#8221; max_width=&#8221;73%&#8221; global_colors_info=&#8221;{}&#8221; theme_builder_area=&#8221;post_content&#8221;][\/et_pb_image][et_pb_text _builder_version=&#8221;4.16&#8243; _module_preset=&#8221;default&#8221; text_font=&#8221;Montserrat|700|||||||&#8221; text_text_color=&#8221;#2F4369&#8243; global_colors_info=&#8221;{}&#8221; theme_builder_area=&#8221;post_content&#8221;]<\/p>\n<p>Distribuidora sin\u00f4nimo<br \/>de qualidade<br \/>e excel\u00eancia em tubos,<br \/>conex\u00f5es e acess\u00f3rios<br \/>para instala\u00e7\u00f5es<br \/>hidr\u00e1ulicas.<\/p>\n<p>&nbsp;<\/p>\n<p><img loading=\"lazy\" decoding=\"async\" src=\"https:\/\/identidadevisualcuritiba.com.br\/loja\/wp-content\/uploads\/2023\/06\/instagram-min.png\" width=\"26\" height=\"26\" alt=\"\" class=\"wp-image-5752 alignnone size-full\" \/>\u00a0 \u00a0 <img loading=\"lazy\" decoding=\"async\" src=\"https:\/\/identidadevisualcuritiba.com.br\/loja\/wp-content\/uploads\/2023\/06\/Facebook-min.png\" width=\"26\" height=\"26\" alt=\"\" class=\"wp-image-5748 alignnone size-full\" \/>\u00a0 \u00a0 <img loading=\"lazy\" decoding=\"async\" src=\"https:\/\/identidadevisualcuritiba.com.br\/loja\/wp-content\/uploads\/2023\/06\/linkedin-min.png\" width=\"26\" height=\"26\" alt=\"\" class=\"wp-image-5753 alignnone size-full\" \/><\/p>\n<p>[\/et_pb_text][\/et_pb_column][et_pb_column type=&#8221;1_4&#8243; _builder_version=&#8221;4.16&#8243; _module_preset=&#8221;default&#8221; global_colors_info=&#8221;{}&#8221; theme_builder_area=&#8221;post_content&#8221;][et_pb_text _builder_version=&#8221;4.16&#8243; _module_preset=&#8221;default&#8221; text_font=&#8221;Montserrat|700|||||||&#8221; text_text_color=&#8221;#2f4369&#8243; text_font_size=&#8221;16px&#8221; custom_margin=&#8221;||12px|||&#8221; global_colors_info=&#8221;{}&#8221; theme_builder_area=&#8221;post_content&#8221;]<\/p>\n<p style=\"text-align: left;\">MAPA DO SITE:<\/p>\n<p>[\/et_pb_text][et_pb_text _builder_version=&#8221;4.16&#8243; _module_preset=&#8221;default&#8221; text_font=&#8221;Montserrat|700|||||||&#8221; text_text_color=&#8221;#0082B6&#8243; text_line_height=&#8221;2.3em&#8221; custom_margin=&#8221;21px|||||&#8221; global_colors_info=&#8221;{}&#8221; theme_builder_area=&#8221;post_content&#8221;]<\/p>\n<p>P\u00e1gina inicial<\/p>\n<p>Sobre a Hidra<\/p>\n<p>Nossos produtos<\/p>\n<p>Solicite or\u00e7amento<\/p>\n<p>[\/et_pb_text][\/et_pb_column][et_pb_column type=&#8221;1_4&#8243; _builder_version=&#8221;4.16&#8243; _module_preset=&#8221;default&#8221; global_colors_info=&#8221;{}&#8221; theme_builder_area=&#8221;post_content&#8221;][et_pb_text _builder_version=&#8221;4.16&#8243; _module_preset=&#8221;default&#8221; text_font=&#8221;Montserrat|700|||||||&#8221; text_text_color=&#8221;#2f4369&#8243; text_font_size=&#8221;16px&#8221; custom_margin=&#8221;||12px|||&#8221; global_colors_info=&#8221;{}&#8221; theme_builder_area=&#8221;post_content&#8221;]<\/p>\n<p style=\"text-align: left;\">HIDRA CURITIBA\/PR<\/p>\n<p>[\/et_pb_text][et_pb_text _builder_version=&#8221;4.16&#8243; _module_preset=&#8221;default&#8221; text_font=&#8221;Montserrat|700|||||||&#8221; text_text_color=&#8221;#0082B6&#8243; text_line_height=&#8221;2em&#8221; custom_margin=&#8221;21px|||||&#8221; global_colors_info=&#8221;{}&#8221; theme_builder_area=&#8221;post_content&#8221;]<\/p>\n<p>Rua Le\u00e3o Sallum, 745<br \/>Boa Vista, Curitiba\/PR<br \/>CEP: 82.540-050<\/p>\n<p>hidra@hidraulicahidra.com.br<\/p>\n<p>Televendas: (41) 3076-7500<\/p>\n<p>[\/et_pb_text][et_pb_button button_text=&#8221;WHATSAPP PR&#8221; button_alignment=&#8221;left&#8221; _builder_version=&#8221;4.16&#8243; _module_preset=&#8221;default&#8221; custom_button=&#8221;on&#8221; button_text_size=&#8221;16px&#8221; button_text_color=&#8221;#FFFFFF&#8221; button_bg_color=&#8221;#2f4369&#8243; button_border_width=&#8221;0px&#8221; button_border_radius=&#8221;50px&#8221; button_icon=&#8221;&#xf232;||fa||400&#8243; button_icon_color=&#8221;#0082b6&#8243; global_colors_info=&#8221;{}&#8221; theme_builder_area=&#8221;post_content&#8221;][\/et_pb_button][\/et_pb_column][et_pb_column type=&#8221;1_4&#8243; _builder_version=&#8221;4.16&#8243; _module_preset=&#8221;default&#8221; global_colors_info=&#8221;{}&#8221; theme_builder_area=&#8221;post_content&#8221;][et_pb_text _builder_version=&#8221;4.16&#8243; _module_preset=&#8221;default&#8221; text_font=&#8221;Montserrat|700|||||||&#8221; text_text_color=&#8221;#2f4369&#8243; text_font_size=&#8221;16px&#8221; custom_margin=&#8221;||12px|||&#8221; global_colors_info=&#8221;{}&#8221; theme_builder_area=&#8221;post_content&#8221;]<\/p>\n<p style=\"text-align: left;\">HIDRASUL TIJUCAS\/SC<\/p>\n<p>[\/et_pb_text][et_pb_text _builder_version=&#8221;4.16&#8243; _module_preset=&#8221;default&#8221; text_font=&#8221;Montserrat|700|||||||&#8221; text_text_color=&#8221;#0082B6&#8243; text_line_height=&#8221;2em&#8221; custom_margin=&#8221;21px|-9px||||&#8221; global_colors_info=&#8221;{}&#8221; theme_builder_area=&#8221;post_content&#8221;]<\/p>\n<p>R. Eucl\u00eddes Francisco<br \/>Peixoto, 1470, Tijucas\/SC<br \/>CEP: 88.200-000<\/p>\n<p>hidratj@hidraulicahidra.com.br<\/p>\n<p>Televendas: (48) 3380-0820<\/p>\n<p>[\/et_pb_text][et_pb_button button_text=&#8221;WHATSAPP SC&#8221; button_alignment=&#8221;left&#8221; _builder_version=&#8221;4.16&#8243; _module_preset=&#8221;default&#8221; custom_button=&#8221;on&#8221; button_text_size=&#8221;16px&#8221; button_text_color=&#8221;#FFFFFF&#8221; button_bg_color=&#8221;#2f4369&#8243; button_border_width=&#8221;0px&#8221; button_border_radius=&#8221;50px&#8221; button_icon=&#8221;&#xf232;||fa||400&#8243; button_icon_color=&#8221;#0082b6&#8243; global_colors_info=&#8221;{}&#8221; theme_builder_area=&#8221;post_content&#8221;][\/et_pb_button][\/et_pb_column][\/et_pb_row][\/et_pb_section][et_pb_section fb_built=&#8221;1&#8243; _builder_version=&#8221;4.16&#8243; _module_preset=&#8221;default&#8221; background_color=&#8221;#333333&#8243; custom_padding=&#8221;0px||1px|||&#8221; saved_tabs=&#8221;all&#8221; global_colors_info=&#8221;{}&#8221; global_module=&#8221;5689&#8243; theme_builder_area=&#8221;post_content&#8221;][et_pb_row column_structure=&#8221;3_5,2_5&#8243; _builder_version=&#8221;4.16&#8243; _module_preset=&#8221;default&#8221; custom_padding=&#8221;15px||15px||true|&#8221; global_colors_info=&#8221;{}&#8221; theme_builder_area=&#8221;post_content&#8221;][et_pb_column type=&#8221;3_5&#8243; _builder_version=&#8221;4.16&#8243; _module_preset=&#8221;default&#8221; global_colors_info=&#8221;{}&#8221; theme_builder_area=&#8221;post_content&#8221;][et_pb_text _builder_version=&#8221;4.16&#8243; _module_preset=&#8221;default&#8221; text_text_color=&#8221;#FFFFFF&#8221; global_colors_info=&#8221;{}&#8221; theme_builder_area=&#8221;post_content&#8221;]<\/p>\n<p>\u00a9 2023 www.hidraulicahidra.com.br | Todos os direitos reservados<\/p>\n<p>[\/et_pb_text][\/et_pb_column][et_pb_column type=&#8221;2_5&#8243; _builder_version=&#8221;4.16&#8243; _module_preset=&#8221;default&#8221; global_colors_info=&#8221;{}&#8221; theme_builder_area=&#8221;post_content&#8221;][et_pb_image src=&#8221;https:\/\/identidadevisualcuritiba.com.br\/loja\/wp-content\/uploads\/2023\/06\/Atma-Criativa-min.png&#8221; title_text=&#8221;Atma Criativa-min&#8221; _builder_version=&#8221;4.16&#8243; _module_preset=&#8221;default&#8221; max_width=&#8221;27%&#8221; module_alignment=&#8221;right&#8221; global_colors_info=&#8221;{}&#8221; theme_builder_area=&#8221;post_content&#8221;][\/et_pb_image][\/et_pb_column][\/et_pb_row][\/et_pb_section]<\/p>\n","protected":false},"excerpt":{"rendered":"<p>BITOLA C\u00d3DIGO DN 100 37312 Sobre a linhaVoltados para instala\u00e7\u00f5es em \u00e1reas externas que estejam suscet\u00edveis ao impacto, temperatura de despejos de l\u00edquidos quentes, como em pias de cozinha e em locais enterrados que sofram com tr\u00e1fego. Os produtos dessa linha t\u00eam um refor\u00e7o a mais para conduzir esgoto sanit\u00e1rio, \u00e1gua pluvial e ventila\u00e7\u00e3o. Fabricados [&hellip;]<\/p>\n","protected":false},"featured_media":518,"comment_status":"closed","ping_status":"closed","template":"","meta":{"_et_pb_use_builder":"on","_et_pb_old_content":"<!-- wp:table {\"hasFixedLayout\":true,\"className\":\"is-style-stripes\"} -->\n<table class=\"wp-block-table has-fixed-layout is-style-stripes\"><tbody><tr><td><strong>BITOLA<\/strong><\/td><td><strong>C\u00d3DIGO<\/strong><\/td><\/tr><tr><td>DN 100<\/td><td>37312<\/td><\/tr><\/tbody><\/table>\n<!-- \/wp:table -->\n\n<!-- wp:paragraph -->\n<p><\/p>\n<!-- \/wp:paragraph -->\n\n<!-- wp:table -->\n<table class=\"wp-block-table\"><tbody><tr><td><strong>Sobre a   linha<\/strong><\/td><\/tr><tr><td>Voltados\n  para instala\u00e7\u00f5es em \u00e1reas externas que estejam suscet\u00edveis ao impacto,\n  temperatura de despejos de l\u00edquidos quentes, como em pias de cozinha e em\n  locais enterrados que sofram com tr\u00e1fego. Os produtos dessa linha t\u00eam um\n  refor\u00e7o a mais para conduzir esgoto sanit\u00e1rio, \u00e1gua pluvial e ventila\u00e7\u00e3o.\n  Fabricados em PVC, est\u00e3o dispon\u00edveis na cor cinza claro.<\/td><\/tr><tr><td>&nbsp;<\/td><\/tr><tr><td><strong>Caracter\u00edsticas<\/strong><\/td><\/tr><tr><td>\u2022 Dispon\u00edvel em bitolas\n  comerciais de DN 40, DN 50, DN 75, DN 100 e DN 150 (mm);<\/td><\/tr><tr><td>\u2022 Superf\u00edcie interna lisa;<\/td><\/tr><tr><td>\u2022 Junta sold\u00e1vel com aplica\u00e7\u00e3o\n  de adesivo PVC.<\/td><\/tr><tr><td>&nbsp;<\/td><\/tr><tr><td><strong>Vantagens<\/strong><\/td><\/tr><tr><td>\u2022 Escoamento por gravidade n\u00e3o\n  submetida \u00e0 press\u00e3o e ventila\u00e7\u00e3o;<\/td><\/tr><tr><td>\u2022 F\u00e1cil instala\u00e7\u00e3o por adesivo\n  ou junta el\u00e1stica;<\/td><\/tr><tr><td>\u2022 Estanqueidade;<\/td><\/tr><tr><td>\u2022 Alta durabilidade;<\/td><\/tr><tr><td>\u2022 Produto resistente com alta\n  classe de rigidez.<\/td><\/tr><\/tbody><\/table>\n<!-- \/wp:table -->","_et_gb_content_width":""},"product_brand":[],"product_cat":[33],"product_tag":[],"class_list":{"0":"post-472","1":"product","2":"type-product","3":"status-publish","4":"has-post-thumbnail","6":"product_cat-serie-reforcada","8":"first","9":"instock","10":"shipping-taxable","11":"product-type-simple"},"_links":{"self":[{"href":"https:\/\/identidadevisualcuritiba.com.br\/loja\/wp-json\/wp\/v2\/product\/472","targetHints":{"allow":["GET"]}}],"collection":[{"href":"https:\/\/identidadevisualcuritiba.com.br\/loja\/wp-json\/wp\/v2\/product"}],"about":[{"href":"https:\/\/identidadevisualcuritiba.com.br\/loja\/wp-json\/wp\/v2\/types\/product"}],"replies":[{"embeddable":true,"href":"https:\/\/identidadevisualcuritiba.com.br\/loja\/wp-json\/wp\/v2\/comments?post=472"}],"wp:featuredmedia":[{"embeddable":true,"href":"https:\/\/identidadevisualcuritiba.com.br\/loja\/wp-json\/wp\/v2\/media\/518"}],"wp:attachment":[{"href":"https:\/\/identidadevisualcuritiba.com.br\/loja\/wp-json\/wp\/v2\/media?parent=472"}],"wp:term":[{"taxonomy":"product_brand","embeddable":true,"href":"https:\/\/identidadevisualcuritiba.com.br\/loja\/wp-json\/wp\/v2\/product_brand?post=472"},{"taxonomy":"product_cat","embeddable":true,"href":"https:\/\/identidadevisualcuritiba.com.br\/loja\/wp-json\/wp\/v2\/product_cat?post=472"},{"taxonomy":"product_tag","embeddable":true,"href":"https:\/\/identidadevisualcuritiba.com.br\/loja\/wp-json\/wp\/v2\/product_tag?post=472"}],"curies":[{"name":"wp","href":"https:\/\/api.w.org\/{rel}","templated":true}]}}