{"id":53,"date":"2023-03-08T13:38:15","date_gmt":"2023-03-08T13:38:15","guid":{"rendered":"https:\/\/identidadevisualcuritiba.com.br\/loja\/?post_type=product&#038;p=53"},"modified":"2023-03-08T13:38:48","modified_gmt":"2023-03-08T13:38:48","slug":"tubo-pba","status":"publish","type":"product","link":"https:\/\/identidadevisualcuritiba.com.br\/loja\/produto\/tubo-pba\/","title":{"rendered":"TUBO PBA"},"content":{"rendered":"\n<table class=\"wp-block-table has-fixed-layout is-style-stripes\"><tbody><tr><td><strong>BITOLA<\/strong><\/td><td><strong>C\u00d3DIGO<\/strong><\/td><\/tr><tr><td>DN 50 \/ DE 60<\/td><td>36141<\/td><\/tr><tr><td>DN 75 \/ DE 85<\/td><td>36142<\/td><\/tr><tr><td>DN 100 \/ DE 110<\/td><td>36143<\/td><\/tr><tr><td>DN 50 \/ DE 60<\/td><td>36144<\/td><\/tr><tr><td>DN 75 \/ DE 85<\/td><td>36145<\/td><\/tr><tr><td>DN 100 \/ DE 110<\/td><td>36146<\/td><\/tr><tr><td>DN 50 \/ DE 60<\/td><td>36147<\/td><\/tr><tr><td>DN 75 \/ DE 85<\/td><td>36148<\/td><\/tr><tr><td>DN 100 \/ DE 110<\/td><td>36149<\/td><\/tr><\/tbody><\/table>\n\n\n\n<p><\/p>\n\n\n\n<table class=\"wp-block-table\"><tbody><tr><td><strong>Sobre a   linha<\/strong><\/td><\/tr><tr><td>Os tubos\n  e conex\u00f5es PBA s\u00e3o aplicados em sistemas de adu\u00e7\u00e3o e distribui\u00e7\u00e3o de \u00e1gua\n  pot\u00e1vel \u00e0 temperatura ambiente. Destinados \u00e0 empresas p\u00fablicas e privadas\n  respons\u00e1veis pela instala\u00e7\u00e3o e manuten\u00e7\u00e3o de redes de abastecimento, sendo\n  tamb\u00e9m recomendados para instala\u00e7\u00e3o da rede central de abastecimento em\n  condom\u00ednios.<\/td><\/tr><tr><td>&nbsp;<\/td><\/tr><tr><td><strong>Caracter\u00edsticas<\/strong><\/td><\/tr><tr><td>\u2022 Conex\u00f5es compostas por PVC;<\/td><\/tr><tr><td>\u2022 Dispon\u00edvel nos di\u00e2metros\n  nominais DN50, DN75 e DN100.<\/td><\/tr><tr><td>&nbsp;<\/td><\/tr><tr><td><strong>Vantagens<\/strong><\/td><\/tr><tr><td>\u2022 Aplica\u00e7\u00e3o permite grande\n  facilidade na instala\u00e7\u00e3o e manuten\u00e7\u00e3o;<\/td><\/tr><tr><td>\u2022 Opera\u00e7\u00e3o simples e r\u00e1pida;<\/td><\/tr><tr><td>\u2022 Sem a necessidade de\n  sistemas complexos durante a execu\u00e7\u00e3o;<\/td><\/tr><tr><td>\u2022 Os\n  tubos est\u00e3o dimensionados quanto \u00e0 press\u00e3o de servi\u00e7o em Classe 12 &#8211; 6\n  Kgf\/cm\u00b2 (0,6 MPa), Classe 15 &#8211; 7,5 Kgf\/cm\u00b2 (0,75 MPa) e Classe 20 &#8211; 10\n  Kgf\/cm\u00b2 (1MPa), \u00e0 temperatura de 20\u00b0 C.<\/td><\/tr><\/tbody><\/table>\n","protected":false},"excerpt":{"rendered":"<p>BITOLA C\u00d3DIGO DN 50 \/ DE 60 36141 DN 75 \/ DE 85 36142 DN 100 \/ DE 110 36143 DN 50 \/ DE 60 36144 DN 75 \/ DE 85 36145 DN 100 \/ DE 110 36146 DN 50 \/ DE 60 36147 DN 75 \/ DE 85 36148 DN 100 \/ DE 110 [&hellip;]<\/p>\n","protected":false},"featured_media":98,"comment_status":"closed","ping_status":"closed","template":"","meta":{"_et_pb_use_builder":"","_et_pb_old_content":"","_et_gb_content_width":""},"product_brand":[],"product_cat":[15],"product_tag":[],"class_list":{"0":"post-53","1":"product","2":"type-product","3":"status-publish","4":"has-post-thumbnail","6":"product_cat-sem-categoria","8":"first","9":"instock","10":"shipping-taxable","11":"product-type-simple"},"_links":{"self":[{"href":"https:\/\/identidadevisualcuritiba.com.br\/loja\/wp-json\/wp\/v2\/product\/53","targetHints":{"allow":["GET"]}}],"collection":[{"href":"https:\/\/identidadevisualcuritiba.com.br\/loja\/wp-json\/wp\/v2\/product"}],"about":[{"href":"https:\/\/identidadevisualcuritiba.com.br\/loja\/wp-json\/wp\/v2\/types\/product"}],"replies":[{"embeddable":true,"href":"https:\/\/identidadevisualcuritiba.com.br\/loja\/wp-json\/wp\/v2\/comments?post=53"}],"wp:featuredmedia":[{"embeddable":true,"href":"https:\/\/identidadevisualcuritiba.com.br\/loja\/wp-json\/wp\/v2\/media\/98"}],"wp:attachment":[{"href":"https:\/\/identidadevisualcuritiba.com.br\/loja\/wp-json\/wp\/v2\/media?parent=53"}],"wp:term":[{"taxonomy":"product_brand","embeddable":true,"href":"https:\/\/identidadevisualcuritiba.com.br\/loja\/wp-json\/wp\/v2\/product_brand?post=53"},{"taxonomy":"product_cat","embeddable":true,"href":"https:\/\/identidadevisualcuritiba.com.br\/loja\/wp-json\/wp\/v2\/product_cat?post=53"},{"taxonomy":"product_tag","embeddable":true,"href":"https:\/\/identidadevisualcuritiba.com.br\/loja\/wp-json\/wp\/v2\/product_tag?post=53"}],"curies":[{"name":"wp","href":"https:\/\/api.w.org\/{rel}","templated":true}]}}