{"id":539,"date":"2023-03-08T13:43:07","date_gmt":"2023-03-08T13:43:07","guid":{"rendered":"https:\/\/identidadevisualcuritiba.com.br\/loja\/?post_type=product&#038;p=539"},"modified":"2024-03-06T13:26:18","modified_gmt":"2024-03-06T13:26:18","slug":"filtro-ciclo-250","status":"publish","type":"product","link":"https:\/\/identidadevisualcuritiba.com.br\/loja\/produto\/filtro-ciclo-250\/","title":{"rendered":"FILTRO CICLO 250"},"content":{"rendered":"<p>[et_pb_section fb_built=&#8221;1&#8243; _builder_version=&#8221;4.21.0&#8243; custom_padding=&#8221;0px||||false|false&#8221; hover_enabled=&#8221;0&#8243; global_colors_info=&#8221;{}&#8221; background_color=&#8221;#f0f0f0&#8243; sticky_enabled=&#8221;0&#8243;][et_pb_row _builder_version=&#8221;4.16&#8243; background_size=&#8221;initial&#8221; background_position=&#8221;top_left&#8221; background_repeat=&#8221;repeat&#8221; width=&#8221;100%&#8221; custom_padding=&#8221;0px||0px||false|false&#8221; global_colors_info=&#8221;{}&#8221;][et_pb_column type=&#8221;4_4&#8243; _builder_version=&#8221;4.16&#8243; custom_padding=&#8221;|||&#8221; global_colors_info=&#8221;{}&#8221; custom_padding__hover=&#8221;|||&#8221;][et_pb_wc_breadcrumb _builder_version=&#8221;4.21.0&#8243; hover_enabled=&#8221;0&#8243; global_colors_info=&#8221;{}&#8221; custom_padding=&#8221;40px||40px||true|false&#8221; sticky_enabled=&#8221;0&#8243;][\/et_pb_wc_breadcrumb][\/et_pb_column][\/et_pb_row][et_pb_row _builder_version=&#8221;4.16&#8243; background_size=&#8221;initial&#8221; background_position=&#8221;top_left&#8221; background_repeat=&#8221;repeat&#8221; width=&#8221;100%&#8221; custom_padding=&#8221;0px||||false|false&#8221; global_colors_info=&#8221;{}&#8221; column_structure=&#8221;1_2,1_2&#8243;][et_pb_column type=&#8221;1_2&#8243; _builder_version=&#8221;4.16&#8243; custom_padding=&#8221;|||&#8221; global_colors_info=&#8221;{}&#8221; custom_padding__hover=&#8221;|||&#8221;][et_pb_wc_images _builder_version=&#8221;4.16&#8243; global_colors_info=&#8221;{}&#8221;][\/et_pb_wc_images][\/et_pb_column][et_pb_column type=&#8221;1_2&#8243; _builder_version=&#8221;4.16&#8243; custom_padding=&#8221;|||&#8221; global_colors_info=&#8221;{}&#8221; custom_padding__hover=&#8221;|||&#8221;][et_pb_wc_title _builder_version=&#8221;4.21.0&#8243; hover_enabled=&#8221;0&#8243; global_colors_info=&#8221;{}&#8221; header_font=&#8221;|700|||||||&#8221; header_text_color=&#8221;#0082B6&#8243; sticky_enabled=&#8221;0&#8243;][\/et_pb_wc_title][et_pb_wc_price _builder_version=&#8221;4.16&#8243; global_colors_info=&#8221;{}&#8221;][\/et_pb_wc_price][et_pb_wc_description _builder_version=&#8221;4.16&#8243; global_colors_info=&#8221;{}&#8221;][\/et_pb_wc_description][et_pb_text _builder_version=&#8221;4.21.0&#8243; _module_preset=&#8221;default&#8221; hover_enabled=&#8221;0&#8243; sticky_enabled=&#8221;0&#8243;]<\/p>\n<p><strong>C\u00d3DIGO: 47096<\/strong><\/p>\n<p>Versatilidade e robustez s\u00e3o antes de tudo o foco do filtro Ciclo 250 possibilitando sua instala\u00e7\u00e3o das mais variadas formas e em quaisquer condi\u00e7\u00f5es. Nesse sentido, o Ciclo 250 da Ciclodagua garante que sistemas de capta\u00e7\u00e3o e aproveitamento da \u00e1gua da chuva possam ser utilizados como solu\u00e7\u00e3o de sustentabilidade em quaisquer situa\u00e7\u00f5es para \u00e1reas de at\u00e9 350 m\u00b2.<br \/>A instala\u00e7\u00e3o do Ciclo 250 pode ser executada com a finalidade de adapt\u00e1-lo a qualquer m\u00e9todo de capta\u00e7\u00e3o bem como em qualquer local, posto que a \u00e1rea do elemento filtrante, associada ao expurgo, garante surpreendente desempenho mesmo que em situa\u00e7\u00f5es de chuvas torrenciais (acima de 50 mm\/h).<br \/>Assim como os demais produtos, o Filtro Ciclo 250 para \u00e1gua da chuva da Ciclodagua foi projetado com o prop\u00f3sito de atender as caracter\u00edsticas de climas tropicais e subtropicais, impedindo a prolifera\u00e7\u00e3o de vetores.<br \/>Feito de materiais 100% recicl\u00e1veis.<\/p>\n<\/p>\n<p>[\/et_pb_text][et_pb_wc_add_to_cart _builder_version=&#8221;4.16&#8243; global_colors_info=&#8221;{}&#8221;][\/et_pb_wc_add_to_cart][\/et_pb_column][\/et_pb_row][et_pb_row _builder_version=&#8221;4.21.0&#8243; _module_preset=&#8221;default&#8221;][et_pb_column _builder_version=&#8221;4.21.0&#8243; _module_preset=&#8221;default&#8221; type=&#8221;4_4&#8243;][et_pb_text _builder_version=&#8221;4.21.0&#8243; _module_preset=&#8221;default&#8221; hover_enabled=&#8221;0&#8243; sticky_enabled=&#8221;0&#8243;]<\/p>\n<p><strong>Finalidade<\/strong><br \/>\u2022 Atende todos os requisitos da nova NBR 15227\/2019;<br \/>\u2022 Filtragem da \u00e1gua para usos gerais atingindo balneabilidade excelente de acordo com a resolu\u00e7\u00e3o CONAMA 274\/2000;<br \/>\u2022 \u00c1reas de at\u00e9 350 m\u00b2 com fator m\u00e1ximo de efici\u00eancia de 0;90;<br \/>\u2022 Impede a dissemina\u00e7\u00e3o de vetores.<\/p>\n<p><strong>Caracter\u00edsticas<\/strong><br \/>\u2022 C\u00e2mara e tampa em polietileno;<br \/>\u2022 Parafusos de a\u00e7o inoxid\u00e1vel;<br \/>\u2022 Elemento filtrante duplo com malha fina em a\u00e7o inox 304.<br \/>\u2022 Separa\u00e7\u00e3o autom\u00e1tica de at\u00e9 98% dos res\u00edduos s\u00f3lidos;<br \/>\u2022 Autolimpante, ou seja, o expurgo arrasta a mat\u00e9ria s\u00f3lida diminuindo a necessidade de manuten\u00e7\u00e3o;<br \/>\u2022 Filtra at\u00e9 90% da \u00e1gua captada.<\/p>\n<p><strong>Dimens\u00f5es<\/strong><br \/>\u2022 Entradas 2 x 100 mm (DN100),<br \/>\u2022 Sa\u00edda de \u00e1gua filtrada, pode ser adaptada, dessa forma:<br \/>o 150 mm (DN150) padr\u00e3o de f\u00e1brica;<br \/>o 100 mm (DN100) adaptador DN100\/DN150 exc\u00eantrico;<br \/>\u2022 Expurgo: 100 mm (DN100);<br \/>\u2022 Altura: 51 cm;<br \/>\u2022 Largura: 58 cm;<br \/>\u2022 Profundidade: 52 cm;<br \/>\u2022 Peso: 6 kg.<\/p>\n<p>[\/et_pb_text][\/et_pb_column][\/et_pb_row][et_pb_row _builder_version=&#8221;4.16&#8243; background_size=&#8221;initial&#8221; background_position=&#8221;top_left&#8221; background_repeat=&#8221;repeat&#8221; width=&#8221;100%&#8221; global_colors_info=&#8221;{}&#8221;][et_pb_column type=&#8221;4_4&#8243; _builder_version=&#8221;4.16&#8243; custom_padding=&#8221;|||&#8221; global_colors_info=&#8221;{}&#8221; custom_padding__hover=&#8221;|||&#8221;][et_pb_wc_upsells columns_number=&#8221;3&#8243; _builder_version=&#8221;4.16&#8243; global_colors_info=&#8221;{}&#8221;][\/et_pb_wc_upsells][et_pb_wc_related_products _builder_version=&#8221;4.21.0&#8243; hover_enabled=&#8221;0&#8243; global_colors_info=&#8221;{}&#8221; title_font=&#8221;|700|||||||&#8221; title_text_color=&#8221;#0082B6&#8243; product_title_font_size=&#8221;16px&#8221; sticky_enabled=&#8221;0&#8243;][\/et_pb_wc_related_products][\/et_pb_column][\/et_pb_row][\/et_pb_section][et_pb_section fb_built=&#8221;1&#8243; module_id=&#8221;contato&#8221; _builder_version=&#8221;4.21.0&#8243; _module_preset=&#8221;default&#8221; background_color=&#8221;#e6e6e6&#8243; link_option_url=&#8221;#contato&#8221; saved_tabs=&#8221;all&#8221; global_colors_info=&#8221;{}&#8221; global_module=&#8221;5684&#8243; theme_builder_area=&#8221;post_content&#8221;][et_pb_row column_structure=&#8221;1_4,1_4,1_4,1_4&#8243; _builder_version=&#8221;4.16&#8243; _module_preset=&#8221;default&#8221; global_colors_info=&#8221;{}&#8221; theme_builder_area=&#8221;post_content&#8221;][et_pb_column type=&#8221;1_4&#8243; _builder_version=&#8221;4.16&#8243; _module_preset=&#8221;default&#8221; global_colors_info=&#8221;{}&#8221; theme_builder_area=&#8221;post_content&#8221;][et_pb_image src=&#8221;https:\/\/identidadevisualcuritiba.com.br\/loja\/wp-content\/uploads\/2017\/10\/logo-hidra.png&#8221; title_text=&#8221;logo-hidra&#8221; align_tablet=&#8221;&#8221; align_phone=&#8221;center&#8221; align_last_edited=&#8221;on|phone&#8221; _builder_version=&#8221;4.21.0&#8243; _module_preset=&#8221;default&#8221; max_width=&#8221;73%&#8221; max_width_tablet=&#8221;&#8221; max_width_phone=&#8221;50%&#8221; max_width_last_edited=&#8221;on|phone&#8221; global_colors_info=&#8221;{}&#8221; theme_builder_area=&#8221;post_content&#8221;][\/et_pb_image][et_pb_text content_tablet=&#8221;&#8221; content_phone=&#8221;<\/p>\n<p style=%22text-align: center;%22>Distribuidora sin\u00f4nimo de qualidade e excel\u00eancia em tubos, conex\u00f5es e acess\u00f3rios para instala\u00e7\u00f5es hidr\u00e1ulicas.<\/p>\n<p>&#8221; content_last_edited=&#8221;on|phone&#8221; _builder_version=&#8221;4.21.0&#8243; _module_preset=&#8221;default&#8221; text_font=&#8221;Montserrat|700|||||||&#8221; text_text_color=&#8221;#2F4369&#8243; global_colors_info=&#8221;{}&#8221; theme_builder_area=&#8221;post_content&#8221;]<\/p>\n<p>Distribuidora sin\u00f4nimo<br \/>de qualidade<br \/>e excel\u00eancia em tubos,<br \/>conex\u00f5es e acess\u00f3rios<br \/>para instala\u00e7\u00f5es<br \/>hidr\u00e1ulicas.<\/p>\n<p>&nbsp;<\/p>\n<p><a href=\"https:\/\/www.instagram.com\/hidraulicahidra\/\" target=\"_blank\" rel=\"noopener\" title=\"Instagram\"><img loading=\"lazy\" decoding=\"async\" src=\"https:\/\/identidadevisualcuritiba.com.br\/loja\/wp-content\/uploads\/2023\/06\/instagram-min.png\" width=\"26\" height=\"26\" alt=\"\" class=\"wp-image-5752 alignnone size-full\" \/><\/a>\u00a0 \u00a0 <a href=\"https:\/\/www.facebook.com\/hidraulicahidra\" target=\"_blank\" rel=\"noopener\" title=\"Facebook\"><img loading=\"lazy\" decoding=\"async\" src=\"https:\/\/identidadevisualcuritiba.com.br\/loja\/wp-content\/uploads\/2023\/06\/Facebook-min.png\" width=\"26\" height=\"26\" alt=\"\" class=\"wp-image-5748 alignnone size-full\" \/><\/a>\u00a0 \u00a0 <a href=\"https:\/\/www.linkedin.com\/company\/hidraulica-hidra\" target=\"_blank\" rel=\"noopener\"><img loading=\"lazy\" decoding=\"async\" src=\"https:\/\/identidadevisualcuritiba.com.br\/loja\/wp-content\/uploads\/2023\/06\/linkedin-min.png\" width=\"26\" height=\"26\" alt=\"\" class=\"wp-image-5753 alignnone size-full\" \/><\/a><\/p>\n<p>[\/et_pb_text][\/et_pb_column][et_pb_column type=&#8221;1_4&#8243; _builder_version=&#8221;4.16&#8243; _module_preset=&#8221;default&#8221; global_colors_info=&#8221;{}&#8221; theme_builder_area=&#8221;post_content&#8221;][et_pb_text content_tablet=&#8221;&#8221; content_phone=&#8221;<\/p>\n<p style=%22text-align: center;%22>MAPA DO SITE:<\/p>\n<p>&#8221; content_last_edited=&#8221;on|phone&#8221; _builder_version=&#8221;4.21.0&#8243; _module_preset=&#8221;default&#8221; text_font=&#8221;Montserrat|700|||||||&#8221; text_text_color=&#8221;#2f4369&#8243; text_font_size=&#8221;16px&#8221; custom_margin=&#8221;||12px|||&#8221; global_colors_info=&#8221;{}&#8221; theme_builder_area=&#8221;post_content&#8221;]<\/p>\n<p style=\"text-align: left;\">MAPA DO SITE:<\/p>\n<p>[\/et_pb_text][et_pb_text content_tablet=&#8221;&#8221; content_phone=&#8221;<\/p>\n<p style=%22text-align: center;%22>Home<\/p>\n<p>&#8221; content_last_edited=&#8221;on|phone&#8221; _builder_version=&#8221;4.21.0&#8243; _module_preset=&#8221;default&#8221; text_font=&#8221;Montserrat|700|||||||&#8221; text_text_color=&#8221;#0082B6&#8243; text_font_size=&#8221;13px&#8221; text_line_height=&#8221;2em&#8221; custom_margin=&#8221;21px||3px|||&#8221; custom_margin_tablet=&#8221;&#8221; custom_margin_phone=&#8221;5px||5px||true|false&#8221; custom_margin_last_edited=&#8221;on|phone&#8221; link_option_url=&#8221;https:\/\/identidadevisualcuritiba.com.br\/loja&#8221; global_colors_info=&#8221;{}&#8221; theme_builder_area=&#8221;post_content&#8221;]<\/p>\n<p>Home<\/p>\n<p>[\/et_pb_text][et_pb_text content_tablet=&#8221;&#8221; content_phone=&#8221;<\/p>\n<p style=%22text-align: center;%22>Sobre a Hidra<\/p>\n<p>&#8221; content_last_edited=&#8221;on|phone&#8221; _builder_version=&#8221;4.21.0&#8243; _module_preset=&#8221;default&#8221; text_font=&#8221;Montserrat|700|||||||&#8221; text_text_color=&#8221;#0082B6&#8243; text_font_size=&#8221;13px&#8221; text_line_height=&#8221;2em&#8221; custom_margin=&#8221;15px||6px||false|false&#8221; custom_margin_tablet=&#8221;&#8221; custom_margin_phone=&#8221;5px||5px||true|false&#8221; custom_margin_last_edited=&#8221;on|phone&#8221; link_option_url=&#8221;https:\/\/identidadevisualcuritiba.com.br\/loja\/institucional\/&#8221; link_option_url_new_window=&#8221;on&#8221; global_colors_info=&#8221;{}&#8221; theme_builder_area=&#8221;post_content&#8221;]<\/p>\n<p>Sobre a Hidra<\/p>\n<p>[\/et_pb_text][et_pb_text content_tablet=&#8221;&#8221; content_phone=&#8221;<\/p>\n<p style=%22text-align: center;%22>Nossos Produtos<\/p>\n<p>&#8221; content_last_edited=&#8221;on|phone&#8221; _builder_version=&#8221;4.21.0&#8243; _module_preset=&#8221;default&#8221; text_font=&#8221;Montserrat|700|||||||&#8221; text_text_color=&#8221;#0082B6&#8243; text_font_size=&#8221;13px&#8221; text_line_height=&#8221;2em&#8221; custom_margin=&#8221;18px||3px|||&#8221; custom_margin_tablet=&#8221;&#8221; custom_margin_phone=&#8221;5px||5px||true|false&#8221; custom_margin_last_edited=&#8221;on|phone&#8221; link_option_url=&#8221;https:\/\/identidadevisualcuritiba.com.br\/loja\/categoria-produto\/produtos\/&#8221; global_colors_info=&#8221;{}&#8221; theme_builder_area=&#8221;post_content&#8221;]<\/p>\n<p>Nossos Produtos<\/p>\n<p>[\/et_pb_text][et_pb_text content_tablet=&#8221;&#8221; content_phone=&#8221;<\/p>\n<p style=%22text-align: center;%22> Solicite Or\u00e7amento<\/p>\n<p>&#8221; content_last_edited=&#8221;on|phone&#8221; _builder_version=&#8221;4.21.0&#8243; _module_preset=&#8221;default&#8221; text_font=&#8221;Montserrat|700|||||||&#8221; text_text_color=&#8221;#0082B6&#8243; text_font_size=&#8221;13px&#8221; text_line_height=&#8221;2em&#8221; custom_margin=&#8221;18px||3px|||&#8221; custom_margin_tablet=&#8221;&#8221; custom_margin_phone=&#8221;5px||5px||true|false&#8221; custom_margin_last_edited=&#8221;on|phone&#8221; link_option_url=&#8221;https:\/\/identidadevisualcuritiba.com.br\/loja\/solicite-orcamento\/&#8221; global_colors_info=&#8221;{}&#8221; theme_builder_area=&#8221;post_content&#8221;]<\/p>\n<p>Solicite Or\u00e7amento<\/p>\n<p>[\/et_pb_text][\/et_pb_column][et_pb_column type=&#8221;1_4&#8243; _builder_version=&#8221;4.16&#8243; _module_preset=&#8221;default&#8221; global_colors_info=&#8221;{}&#8221; theme_builder_area=&#8221;post_content&#8221;][et_pb_text content_tablet=&#8221;&#8221; content_phone=&#8221;<\/p>\n<p style=%22text-align: center;%22>HIDRA CURITIBA\/PR<\/p>\n<p>&#8221; content_last_edited=&#8221;on|phone&#8221; _builder_version=&#8221;4.21.0&#8243; _module_preset=&#8221;default&#8221; text_font=&#8221;Montserrat|700|||||||&#8221; text_text_color=&#8221;#2f4369&#8243; text_font_size=&#8221;16px&#8221; custom_margin=&#8221;||12px|||&#8221; global_colors_info=&#8221;{}&#8221; theme_builder_area=&#8221;post_content&#8221;]<\/p>\n<p style=\"text-align: left;\">HIDRA CURITIBA\/PR<\/p>\n<p>[\/et_pb_text][et_pb_text content_tablet=&#8221;&#8221; content_phone=&#8221;<\/p>\n<p style=%22text-align: center;%22>Rua Le\u00e3o Sallum, 745<br \/>Boa Vista, Curitiba\/PR<br \/>CEP: 82.540-050<\/p>\n<p style=%22text-align: center;%22>hidra@hidraulicahidra.com.br<\/p>\n<p style=%22text-align: center;%22>Televendas: (41) 3076-7500<\/p>\n<p>&#8221; content_last_edited=&#8221;on|phone&#8221; _builder_version=&#8221;4.21.0&#8243; _module_preset=&#8221;default&#8221; text_font=&#8221;Montserrat|700|||||||&#8221; text_text_color=&#8221;#0082B6&#8243; text_font_size=&#8221;13px&#8221; text_line_height=&#8221;2em&#8221; custom_margin=&#8221;21px|||||&#8221; global_colors_info=&#8221;{}&#8221; theme_builder_area=&#8221;post_content&#8221;]<\/p>\n<p>Rua Le\u00e3o Sallum, 745<br \/>Boa Vista, Curitiba\/PR<br \/>CEP: 82.540-050<\/p>\n<p>hidra@hidraulicahidra.com.br<\/p>\n<p>Televendas: (41) 3076-7500<\/p>\n<p>[\/et_pb_text][et_pb_button button_url=&#8221;https:\/\/wa.me\/554130767500&#8243; url_new_window=&#8221;on&#8221; button_text=&#8221;WHATSAPP PR&#8221; button_alignment=&#8221;left&#8221; button_alignment_tablet=&#8221;&#8221; button_alignment_phone=&#8221;center&#8221; button_alignment_last_edited=&#8221;on|phone&#8221; _builder_version=&#8221;4.21.0&#8243; _module_preset=&#8221;default&#8221; custom_button=&#8221;on&#8221; button_text_size=&#8221;16px&#8221; button_text_color=&#8221;#FFFFFF&#8221; button_bg_color=&#8221;#2f4369&#8243; button_border_width=&#8221;0px&#8221; button_border_radius=&#8221;50px&#8221; button_font=&#8221;Montserrat||||||||&#8221; button_icon=&#8221;&#xf232;||fa||400&#8243; button_icon_color=&#8221;#0082b6&#8243; global_colors_info=&#8221;{}&#8221; theme_builder_area=&#8221;post_content&#8221;][\/et_pb_button][\/et_pb_column][et_pb_column type=&#8221;1_4&#8243; _builder_version=&#8221;4.16&#8243; _module_preset=&#8221;default&#8221; global_colors_info=&#8221;{}&#8221; theme_builder_area=&#8221;post_content&#8221;][et_pb_text content_tablet=&#8221;&#8221; content_phone=&#8221;<\/p>\n<p style=%22text-align: center;%22>HIDRASUL TIJUCAS\/SC<\/p>\n<p>&#8221; content_last_edited=&#8221;on|phone&#8221; _builder_version=&#8221;4.21.0&#8243; _module_preset=&#8221;default&#8221; text_font=&#8221;Montserrat|700|||||||&#8221; text_text_color=&#8221;#2f4369&#8243; text_font_size=&#8221;16px&#8221; custom_margin=&#8221;||12px|||&#8221; global_colors_info=&#8221;{}&#8221; theme_builder_area=&#8221;post_content&#8221;]<\/p>\n<p style=\"text-align: left;\">HIDRASUL TIJUCAS\/SC<\/p>\n<p>[\/et_pb_text][et_pb_text content_tablet=&#8221;&#8221; content_phone=&#8221;<\/p>\n<p style=%22text-align: center;%22>R. Eucl\u00eddes Francisco<br \/>Peixoto, 1470, Tijucas\/SC<br \/>CEP: 88.200-000<\/p>\n<p style=%22text-align: center;%22>hidratj@hidraulicahidra.com.br<\/p>\n<p style=%22text-align: center;%22>Televendas: (48) 3380-0820<\/p>\n<p>&#8221; content_last_edited=&#8221;on|phone&#8221; _builder_version=&#8221;4.21.0&#8243; _module_preset=&#8221;default&#8221; text_font=&#8221;Montserrat|700|||||||&#8221; text_text_color=&#8221;#0082B6&#8243; text_font_size=&#8221;13px&#8221; text_line_height=&#8221;2em&#8221; custom_margin=&#8221;21px|-9px||||&#8221; global_colors_info=&#8221;{}&#8221; theme_builder_area=&#8221;post_content&#8221;]<\/p>\n<p>R. Eucl\u00eddes Francisco<br \/>Peixoto, 1470, Tijucas\/SC<br \/>CEP: 88.200-000<\/p>\n<p>hidratj@hidraulicahidra.com.br<\/p>\n<p>Televendas: (48) 3380-0820<\/p>\n<p>[\/et_pb_text][et_pb_button button_url=&#8221;https:\/\/wa.me\/554833800820&#8243; url_new_window=&#8221;on&#8221; button_text=&#8221;WHATSAPP SC&#8221; button_alignment=&#8221;left&#8221; button_alignment_tablet=&#8221;&#8221; button_alignment_phone=&#8221;center&#8221; button_alignment_last_edited=&#8221;on|phone&#8221; _builder_version=&#8221;4.21.0&#8243; _module_preset=&#8221;default&#8221; custom_button=&#8221;on&#8221; button_text_size=&#8221;16px&#8221; button_text_color=&#8221;#FFFFFF&#8221; button_bg_color=&#8221;#2f4369&#8243; button_border_width=&#8221;0px&#8221; button_border_radius=&#8221;50px&#8221; button_font=&#8221;Montserrat||||||||&#8221; button_icon=&#8221;&#xf232;||fa||400&#8243; button_icon_color=&#8221;#0082b6&#8243; global_colors_info=&#8221;{}&#8221; theme_builder_area=&#8221;post_content&#8221;][\/et_pb_button][\/et_pb_column][\/et_pb_row][\/et_pb_section][et_pb_section fb_built=&#8221;1&#8243; _builder_version=&#8221;4.16&#8243; _module_preset=&#8221;default&#8221; background_color=&#8221;#333333&#8243; custom_padding=&#8221;0px||1px|||&#8221; saved_tabs=&#8221;all&#8221; global_colors_info=&#8221;{}&#8221; global_module=&#8221;5689&#8243; theme_builder_area=&#8221;post_content&#8221;][et_pb_row column_structure=&#8221;3_5,2_5&#8243; _builder_version=&#8221;4.16&#8243; _module_preset=&#8221;default&#8221; custom_padding=&#8221;15px||15px||true|&#8221; global_colors_info=&#8221;{}&#8221; theme_builder_area=&#8221;post_content&#8221;][et_pb_column type=&#8221;3_5&#8243; _builder_version=&#8221;4.16&#8243; _module_preset=&#8221;default&#8221; global_colors_info=&#8221;{}&#8221; theme_builder_area=&#8221;post_content&#8221;][et_pb_text content_tablet=&#8221;&#8221; content_phone=&#8221;<\/p>\n<p>\u00a0<\/p>\n<p style=%22text-align: center;%22>\u00a9 2023 <br \/><span style=%22color: #ffffff;%22><a href=%22http:\/\/www.hidraulicahidra.com.br%22 style=%22color: #ffffff;%22>www.hidraulicahidra.com.br <\/a><\/span><br \/>Todos os direitos reservados<\/p>\n<p>\u00a0<\/p>\n<p>&#8221; content_last_edited=&#8221;on|phone&#8221; _builder_version=&#8221;4.21.0&#8243; _module_preset=&#8221;default&#8221; text_text_color=&#8221;#FFFFFF&#8221; global_colors_info=&#8221;{}&#8221; theme_builder_area=&#8221;post_content&#8221;]<\/p>\n<p>\u00a9 2023 www.hidraulicahidra.com.br | Todos os direitos reservados<\/p>\n<p>[\/et_pb_text][\/et_pb_column][et_pb_column type=&#8221;2_5&#8243; _builder_version=&#8221;4.16&#8243; _module_preset=&#8221;default&#8221; global_colors_info=&#8221;{}&#8221; theme_builder_area=&#8221;post_content&#8221;][et_pb_image src=&#8221;https:\/\/identidadevisualcuritiba.com.br\/loja\/wp-content\/uploads\/2023\/06\/Atma-Criativa-min.png&#8221; title_text=&#8221;Atma Criativa-min&#8221; align_tablet=&#8221;&#8221; align_phone=&#8221;center&#8221; align_last_edited=&#8221;on|phone&#8221; _builder_version=&#8221;4.21.0&#8243; _module_preset=&#8221;default&#8221; max_width=&#8221;27%&#8221; module_alignment=&#8221;right&#8221; module_alignment_tablet=&#8221;&#8221; module_alignment_phone=&#8221;center&#8221; module_alignment_last_edited=&#8221;on|phone&#8221; global_colors_info=&#8221;{}&#8221; theme_builder_area=&#8221;post_content&#8221;][\/et_pb_image][\/et_pb_column][\/et_pb_row][\/et_pb_section]<\/p>\n","protected":false},"excerpt":{"rendered":"<p>C\u00d3DIGO: 47096 Versatilidade e robustez s\u00e3o antes de tudo o foco do filtro Ciclo 250 possibilitando sua instala\u00e7\u00e3o das mais variadas formas e em quaisquer condi\u00e7\u00f5es. Nesse sentido, o Ciclo 250 da Ciclodagua garante que sistemas de capta\u00e7\u00e3o e aproveitamento da \u00e1gua da chuva possam ser utilizados como solu\u00e7\u00e3o de sustentabilidade em quaisquer situa\u00e7\u00f5es para [&hellip;]<\/p>\n","protected":false},"featured_media":548,"comment_status":"closed","ping_status":"closed","template":"","meta":{"_et_pb_use_builder":"on","_et_pb_old_content":"<!-- wp:paragraph -->\n<p><strong>C\u00d3DIGO: 47096<\/strong><\/p>\n<!-- \/wp:paragraph -->\n\n<!-- wp:table -->\n<table class=\"wp-block-table\"><tbody><tr><td><strong>Filtro  Ciclo 250\u00a0<\/strong><\/td><\/tr><tr><td>Versatilidade e robustez s\u00e3o\n  antes de tudo o foco do filtro Ciclo 250 possibilitando sua instala\u00e7\u00e3o das\n  mais variadas formas e em quaisquer condi\u00e7\u00f5es. Nesse sentido, o Ciclo 250 da\n  Ciclodagua garante que sistemas de capta\u00e7\u00e3o e aproveitamento da \u00e1gua da chuva\n  possam ser utilizados como solu\u00e7\u00e3o de sustentabilidade em quaisquer situa\u00e7\u00f5es\n  para \u00e1reas de at\u00e9 350 m\u00b2.<\/td><\/tr><tr><td>A instala\u00e7\u00e3o do Ciclo 250\n  pode ser executada com a finalidade de adapt\u00e1-lo a qualquer m\u00e9todo de\n  capta\u00e7\u00e3o bem como em qualquer local, posto que a \u00e1rea do elemento filtrante,\n  associada ao expurgo, garante surpreendente desempenho mesmo que em situa\u00e7\u00f5es\n  de chuvas torrenciais (acima de 50 mm\/h).<\/td><\/tr><tr><td>Assim como os demais produtos,\n  o Filtro Ciclo 250 para \u00e1gua da chuva da Ciclodagua foi projetado com o\n  prop\u00f3sito de atender as caracter\u00edsticas de climas tropicais e subtropicais,\n  impedindo a prolifera\u00e7\u00e3o de vetores.<\/td><\/tr><tr><td>Feito de materiais 100%\n  recicl\u00e1veis.<\/td><\/tr><tr><td>&nbsp;<\/td><\/tr><tr><td><strong>Finalidade<\/strong><\/td><\/tr><tr><td>\u2022 Atende todos os requisitos\n  da nova NBR 15227\/2019;<\/td><\/tr><tr><td>\u2022 Filtragem da \u00e1gua para usos\n  gerais atingindo balneabilidade excelente de acordo com a resolu\u00e7\u00e3o CONAMA\n  274\/2000;<\/td><\/tr><tr><td>\u2022 \u00c1reas de at\u00e9 350 m\u00b2 com\n  fator m\u00e1ximo de efici\u00eancia de 0;90;<\/td><\/tr><tr><td>\u2022 Impede a dissemina\u00e7\u00e3o de\n  vetores.<\/td><\/tr><tr><td>&nbsp;<\/td><\/tr><tr><td><strong>Caracter\u00edsticas<\/strong><\/td><\/tr><tr><td>\u2022 C\u00e2mara e tampa em\n  polietileno;<\/td><\/tr><tr><td>\u2022 Parafusos de a\u00e7o\n  inoxid\u00e1vel;<\/td><\/tr><tr><td>\u2022 Elemento filtrante duplo\n  com malha fina em a\u00e7o inox 304.<\/td><\/tr><tr><td>\u2022 Separa\u00e7\u00e3o autom\u00e1tica de at\u00e9\n  98% dos res\u00edduos s\u00f3lidos;<\/td><\/tr><tr><td>\u2022 Autolimpante, ou seja, o\n  expurgo arrasta a mat\u00e9ria s\u00f3lida diminuindo a necessidade de manuten\u00e7\u00e3o;<\/td><\/tr><tr><td>\u2022 Filtra at\u00e9 90% da \u00e1gua\n  captada.<\/td><\/tr><tr><td>&nbsp;<\/td><\/tr><tr><td><strong>Dimens\u00f5es<\/strong><\/td><\/tr><tr><td>\u2022 Entradas 2 x 100 mm\n  (DN100),<\/td><\/tr><tr><td>\u2022 Sa\u00edda de \u00e1gua filtrada,\n  pode ser adaptada, dessa forma:<\/td><\/tr><tr><td>o&nbsp;&nbsp; 150 mm (DN150)\n  padr\u00e3o de f\u00e1brica;<\/td><\/tr><tr><td>o&nbsp;&nbsp; 100 mm (DN100)\n  adaptador DN100\/DN150 exc\u00eantrico;<\/td><\/tr><tr><td>\u2022 Expurgo: 100 mm (DN100);<\/td><\/tr><tr><td>\u2022 Altura: 51 cm;<\/td><\/tr><tr><td>\u2022 Largura: 58 cm;<\/td><\/tr><tr><td>\u2022 Profundidade: 52 cm;<\/td><\/tr><tr><td>\u2022 Peso: 6 kg.<\/td><\/tr><\/tbody><\/table>\n<!-- \/wp:table -->","_et_gb_content_width":""},"product_brand":[],"product_cat":[41],"product_tag":[],"class_list":{"0":"post-539","1":"product","2":"type-product","3":"status-publish","4":"has-post-thumbnail","6":"product_cat-captacao-agua-da-chuva","8":"first","9":"instock","10":"shipping-taxable","11":"product-type-simple"},"_links":{"self":[{"href":"https:\/\/identidadevisualcuritiba.com.br\/loja\/wp-json\/wp\/v2\/product\/539","targetHints":{"allow":["GET"]}}],"collection":[{"href":"https:\/\/identidadevisualcuritiba.com.br\/loja\/wp-json\/wp\/v2\/product"}],"about":[{"href":"https:\/\/identidadevisualcuritiba.com.br\/loja\/wp-json\/wp\/v2\/types\/product"}],"replies":[{"embeddable":true,"href":"https:\/\/identidadevisualcuritiba.com.br\/loja\/wp-json\/wp\/v2\/comments?post=539"}],"wp:featuredmedia":[{"embeddable":true,"href":"https:\/\/identidadevisualcuritiba.com.br\/loja\/wp-json\/wp\/v2\/media\/548"}],"wp:attachment":[{"href":"https:\/\/identidadevisualcuritiba.com.br\/loja\/wp-json\/wp\/v2\/media?parent=539"}],"wp:term":[{"taxonomy":"product_brand","embeddable":true,"href":"https:\/\/identidadevisualcuritiba.com.br\/loja\/wp-json\/wp\/v2\/product_brand?post=539"},{"taxonomy":"product_cat","embeddable":true,"href":"https:\/\/identidadevisualcuritiba.com.br\/loja\/wp-json\/wp\/v2\/product_cat?post=539"},{"taxonomy":"product_tag","embeddable":true,"href":"https:\/\/identidadevisualcuritiba.com.br\/loja\/wp-json\/wp\/v2\/product_tag?post=539"}],"curies":[{"name":"wp","href":"https:\/\/api.w.org\/{rel}","templated":true}]}}