{"id":551,"date":"2023-03-08T13:43:19","date_gmt":"2023-03-08T13:43:19","guid":{"rendered":"https:\/\/identidadevisualcuritiba.com.br\/loja\/?post_type=product&#038;p=551"},"modified":"2024-03-06T13:54:49","modified_gmt":"2024-03-06T13:54:49","slug":"filtro-ciclo-2000","status":"publish","type":"product","link":"https:\/\/identidadevisualcuritiba.com.br\/loja\/produto\/filtro-ciclo-2000\/","title":{"rendered":"FILTRO CICLO 2000"},"content":{"rendered":"<p>[et_pb_section fb_built=&#8221;1&#8243; _builder_version=&#8221;4.21.0&#8243; custom_padding=&#8221;0px||||false|false&#8221; hover_enabled=&#8221;0&#8243; global_colors_info=&#8221;{}&#8221; background_color=&#8221;#f0f0f0&#8243; sticky_enabled=&#8221;0&#8243;][et_pb_row _builder_version=&#8221;4.21.0&#8243; background_size=&#8221;initial&#8221; background_position=&#8221;top_left&#8221; background_repeat=&#8221;repeat&#8221; width=&#8221;100%&#8221; custom_padding=&#8221;40px||40px||true|false&#8221; hover_enabled=&#8221;0&#8243; global_colors_info=&#8221;{}&#8221; sticky_enabled=&#8221;0&#8243;][et_pb_column type=&#8221;4_4&#8243; _builder_version=&#8221;4.16&#8243; custom_padding=&#8221;|||&#8221; global_colors_info=&#8221;{}&#8221; custom_padding__hover=&#8221;|||&#8221;][et_pb_wc_breadcrumb _builder_version=&#8221;4.16&#8243; global_colors_info=&#8221;{}&#8221;][\/et_pb_wc_breadcrumb][\/et_pb_column][\/et_pb_row][et_pb_row _builder_version=&#8221;4.16&#8243; background_size=&#8221;initial&#8221; background_position=&#8221;top_left&#8221; background_repeat=&#8221;repeat&#8221; width=&#8221;100%&#8221; custom_padding=&#8221;0px||||false|false&#8221; global_colors_info=&#8221;{}&#8221; column_structure=&#8221;1_2,1_2&#8243;][et_pb_column type=&#8221;1_2&#8243; _builder_version=&#8221;4.16&#8243; custom_padding=&#8221;|||&#8221; global_colors_info=&#8221;{}&#8221; custom_padding__hover=&#8221;|||&#8221;][et_pb_wc_images _builder_version=&#8221;4.16&#8243; global_colors_info=&#8221;{}&#8221;][\/et_pb_wc_images][\/et_pb_column][et_pb_column type=&#8221;1_2&#8243; _builder_version=&#8221;4.16&#8243; custom_padding=&#8221;|||&#8221; global_colors_info=&#8221;{}&#8221; custom_padding__hover=&#8221;|||&#8221;][et_pb_wc_title _builder_version=&#8221;4.21.0&#8243; hover_enabled=&#8221;0&#8243; global_colors_info=&#8221;{}&#8221; header_font=&#8221;|700|||||||&#8221; header_text_color=&#8221;#0082B6&#8243; sticky_enabled=&#8221;0&#8243;][\/et_pb_wc_title][et_pb_wc_price _builder_version=&#8221;4.16&#8243; global_colors_info=&#8221;{}&#8221;][\/et_pb_wc_price][et_pb_wc_description _builder_version=&#8221;4.16&#8243; global_colors_info=&#8221;{}&#8221;][\/et_pb_wc_description][et_pb_wc_add_to_cart _builder_version=&#8221;4.16&#8243; global_colors_info=&#8221;{}&#8221;][\/et_pb_wc_add_to_cart][et_pb_text _builder_version=&#8221;4.21.0&#8243; _module_preset=&#8221;default&#8221; hover_enabled=&#8221;0&#8243; sticky_enabled=&#8221;0&#8243;]<\/p>\n<p><strong>C\u00d3DIGO: 10754<\/strong><\/p>\n<p>O Ciclo 2000 da Ciclodagua foi desenvolvido com o prop\u00f3sito de diminuir o custo de instala\u00e7\u00e3o de sistemas de capta\u00e7\u00e3o e aproveitamento da \u00e1gua da chuva para grandes \u00e1reas.<\/p>\n<p>Em seu projeto a Ciclodagua focou principalmente em inova\u00e7\u00e3o, sobretudo na otimiza\u00e7\u00e3o das dimens\u00f5es e peso. Como resultado, o filtro Ciclo 2000 pode ser instalado de v\u00e1rias maneiras, por exemplo: enterrado, sobre o solo, lajes, andaimes, treli\u00e7as ou mesmo a\u00e9reo.<\/p>\n<p>Com o prop\u00f3sito de suportar as caracter\u00edsticas clim\u00e1ticas brasileiras, ou seja, climas tropicais e subtropicais onde chuvas torrenciais s\u00e3o comuns, o elemento filtrante de grande \u00e1rea \u00e9 posicionado a fim de garantir m\u00e1xima vaz\u00e3o para \u00e1reas de at\u00e9 2500 m\u00b2.<\/p>\n<p>Al\u00e9m disso, o expurgo de menor di\u00e2metro for\u00e7a a \u00e1gua atrav\u00e9s do elemento filtrante para que esta seja captada ao mesmo tempo em que as impurezas s\u00e3o arrastadas. Consequentemente, o filtro autolimpante minimiza a necessidade de manuten\u00e7\u00e3o.<\/p>\n<p>Feito de materiais 100% recicl\u00e1veis.\u00a0\u00a0\u00a0\u00a0\u00a0\u00a0\u00a0<\/p>\n<p>[\/et_pb_text][\/et_pb_column][\/et_pb_row][et_pb_row _builder_version=&#8221;4.21.0&#8243; _module_preset=&#8221;default&#8221;][et_pb_column _builder_version=&#8221;4.21.0&#8243; _module_preset=&#8221;default&#8221; type=&#8221;4_4&#8243;][et_pb_text _builder_version=&#8221;4.21.0&#8243; _module_preset=&#8221;default&#8221; hover_enabled=&#8221;0&#8243; sticky_enabled=&#8221;0&#8243;]<\/p>\n<p><strong>Finalidade<\/strong><\/p>\n<ul>\n<li>Atende todos os requisitos da nova NBR 15227\/2019;<\/li>\n<li>Filtragem da \u00e1gua para usos gerais, atingindo balneabilidade excelente de acordo com a resolu\u00e7\u00e3o CONAMA 274\/2000;<\/li>\n<li>\u00c1reas de at\u00e9 2500<a>m\u00b2<\/a><span>\u00a0<\/span>com fator de efici\u00eancia de m\u00e1xima de 0.90;<\/li>\n<li>Impede a dissemina\u00e7\u00e3o de vetores.<\/li>\n<\/ul>\n<p><strong>Caracter\u00edsticas<\/strong><\/p>\n<ul>\n<li>C\u00e2mara e tampa em polietileno;<\/li>\n<li>Parafusos de a\u00e7o inoxid\u00e1vel;<\/li>\n<li>Elemento filtrante duplo com malha fina em a\u00e7o inox 304.<\/li>\n<li>Separa\u00e7\u00e3o autom\u00e1tica de at\u00e9 98% dos res\u00edduos s\u00f3lidos;<\/li>\n<li>Autolimpante, ou seja, o expurgo arrasta a mat\u00e9ria s\u00f3lida diminuindo a necessidade de manuten\u00e7\u00e3o;<\/li>\n<li>Filtra at\u00e9 90% da \u00e1gua captada.<\/li>\n<\/ul>\n<p><strong>Dimens\u00f5es<\/strong><\/p>\n<ul>\n<li>Entradas: 2 x 200 mm (DN200);<\/li>\n<li>Sa\u00edda de \u00e1gua filtrada: 200 mm (DN200);<\/li>\n<li>Expurgo: 200 mm (DN200);<\/li>\n<li>Altura: 60 cm;<\/li>\n<li>Largura: 100 cm;<\/li>\n<li>Profundidade: 100 cm;<\/li>\n<li>Peso: 35 kg.<\/li>\n<\/ul>\n<p>[\/et_pb_text][\/et_pb_column][\/et_pb_row][et_pb_row _builder_version=&#8221;4.16&#8243; background_size=&#8221;initial&#8221; background_position=&#8221;top_left&#8221; background_repeat=&#8221;repeat&#8221; width=&#8221;100%&#8221; global_colors_info=&#8221;{}&#8221;][et_pb_column type=&#8221;4_4&#8243; _builder_version=&#8221;4.16&#8243; custom_padding=&#8221;|||&#8221; global_colors_info=&#8221;{}&#8221; custom_padding__hover=&#8221;|||&#8221;][et_pb_wc_upsells columns_number=&#8221;3&#8243; _builder_version=&#8221;4.16&#8243; global_colors_info=&#8221;{}&#8221;][\/et_pb_wc_upsells][et_pb_wc_related_products _builder_version=&#8221;4.21.0&#8243; hover_enabled=&#8221;0&#8243; global_colors_info=&#8221;{}&#8221; title_font=&#8221;|700|||||||&#8221; title_text_color=&#8221;#0082B6&#8243; sticky_enabled=&#8221;0&#8243; product_title_font_size=&#8221;16px&#8221;][\/et_pb_wc_related_products][\/et_pb_column][\/et_pb_row][\/et_pb_section][et_pb_section fb_built=&#8221;1&#8243; module_id=&#8221;contato&#8221; _builder_version=&#8221;4.21.0&#8243; _module_preset=&#8221;default&#8221; background_color=&#8221;#e6e6e6&#8243; link_option_url=&#8221;#contato&#8221; saved_tabs=&#8221;all&#8221; global_colors_info=&#8221;{}&#8221; global_module=&#8221;5684&#8243; theme_builder_area=&#8221;post_content&#8221;][et_pb_row column_structure=&#8221;1_4,1_4,1_4,1_4&#8243; _builder_version=&#8221;4.16&#8243; _module_preset=&#8221;default&#8221; global_colors_info=&#8221;{}&#8221; theme_builder_area=&#8221;post_content&#8221;][et_pb_column type=&#8221;1_4&#8243; _builder_version=&#8221;4.16&#8243; _module_preset=&#8221;default&#8221; global_colors_info=&#8221;{}&#8221; theme_builder_area=&#8221;post_content&#8221;][et_pb_image src=&#8221;https:\/\/identidadevisualcuritiba.com.br\/loja\/wp-content\/uploads\/2017\/10\/logo-hidra.png&#8221; title_text=&#8221;logo-hidra&#8221; align_tablet=&#8221;&#8221; align_phone=&#8221;center&#8221; align_last_edited=&#8221;on|phone&#8221; _builder_version=&#8221;4.21.0&#8243; _module_preset=&#8221;default&#8221; max_width=&#8221;73%&#8221; max_width_tablet=&#8221;&#8221; max_width_phone=&#8221;50%&#8221; max_width_last_edited=&#8221;on|phone&#8221; global_colors_info=&#8221;{}&#8221; theme_builder_area=&#8221;post_content&#8221;][\/et_pb_image][et_pb_text content_tablet=&#8221;&#8221; content_phone=&#8221;<\/p>\n<p style=%22text-align: center;%22>Distribuidora sin\u00f4nimo de qualidade e excel\u00eancia em tubos, conex\u00f5es e acess\u00f3rios para instala\u00e7\u00f5es hidr\u00e1ulicas.<\/p>\n<p>&#8221; content_last_edited=&#8221;on|phone&#8221; _builder_version=&#8221;4.21.0&#8243; _module_preset=&#8221;default&#8221; text_font=&#8221;Montserrat|700|||||||&#8221; text_text_color=&#8221;#2F4369&#8243; global_colors_info=&#8221;{}&#8221; theme_builder_area=&#8221;post_content&#8221;]<\/p>\n<p>Distribuidora sin\u00f4nimo<br \/>de qualidade<br \/>e excel\u00eancia em tubos,<br \/>conex\u00f5es e acess\u00f3rios<br \/>para instala\u00e7\u00f5es<br \/>hidr\u00e1ulicas.<\/p>\n<p>&nbsp;<\/p>\n<p><a href=\"https:\/\/www.instagram.com\/hidraulicahidra\/\" target=\"_blank\" rel=\"noopener\" title=\"Instagram\"><img loading=\"lazy\" decoding=\"async\" src=\"https:\/\/identidadevisualcuritiba.com.br\/loja\/wp-content\/uploads\/2023\/06\/instagram-min.png\" width=\"26\" height=\"26\" alt=\"\" class=\"wp-image-5752 alignnone size-full\" \/><\/a>\u00a0 \u00a0 <a href=\"https:\/\/www.facebook.com\/hidraulicahidra\" target=\"_blank\" rel=\"noopener\" title=\"Facebook\"><img loading=\"lazy\" decoding=\"async\" src=\"https:\/\/identidadevisualcuritiba.com.br\/loja\/wp-content\/uploads\/2023\/06\/Facebook-min.png\" width=\"26\" height=\"26\" alt=\"\" class=\"wp-image-5748 alignnone size-full\" \/><\/a>\u00a0 \u00a0 <a href=\"https:\/\/www.linkedin.com\/company\/hidraulica-hidra\" target=\"_blank\" rel=\"noopener\"><img loading=\"lazy\" decoding=\"async\" src=\"https:\/\/identidadevisualcuritiba.com.br\/loja\/wp-content\/uploads\/2023\/06\/linkedin-min.png\" width=\"26\" height=\"26\" alt=\"\" class=\"wp-image-5753 alignnone size-full\" \/><\/a><\/p>\n<p>[\/et_pb_text][\/et_pb_column][et_pb_column type=&#8221;1_4&#8243; _builder_version=&#8221;4.16&#8243; _module_preset=&#8221;default&#8221; global_colors_info=&#8221;{}&#8221; theme_builder_area=&#8221;post_content&#8221;][et_pb_text content_tablet=&#8221;&#8221; content_phone=&#8221;<\/p>\n<p style=%22text-align: center;%22>MAPA DO SITE:<\/p>\n<p>&#8221; content_last_edited=&#8221;on|phone&#8221; _builder_version=&#8221;4.21.0&#8243; _module_preset=&#8221;default&#8221; text_font=&#8221;Montserrat|700|||||||&#8221; text_text_color=&#8221;#2f4369&#8243; text_font_size=&#8221;16px&#8221; custom_margin=&#8221;||12px|||&#8221; global_colors_info=&#8221;{}&#8221; theme_builder_area=&#8221;post_content&#8221;]<\/p>\n<p style=\"text-align: left;\">MAPA DO SITE:<\/p>\n<p>[\/et_pb_text][et_pb_text content_tablet=&#8221;&#8221; content_phone=&#8221;<\/p>\n<p style=%22text-align: center;%22>Home<\/p>\n<p>&#8221; content_last_edited=&#8221;on|phone&#8221; _builder_version=&#8221;4.21.0&#8243; _module_preset=&#8221;default&#8221; text_font=&#8221;Montserrat|700|||||||&#8221; text_text_color=&#8221;#0082B6&#8243; text_font_size=&#8221;13px&#8221; text_line_height=&#8221;2em&#8221; custom_margin=&#8221;21px||3px|||&#8221; custom_margin_tablet=&#8221;&#8221; custom_margin_phone=&#8221;5px||5px||true|false&#8221; custom_margin_last_edited=&#8221;on|phone&#8221; link_option_url=&#8221;https:\/\/identidadevisualcuritiba.com.br\/loja&#8221; global_colors_info=&#8221;{}&#8221; theme_builder_area=&#8221;post_content&#8221;]<\/p>\n<p>Home<\/p>\n<p>[\/et_pb_text][et_pb_text content_tablet=&#8221;&#8221; content_phone=&#8221;<\/p>\n<p style=%22text-align: center;%22>Sobre a Hidra<\/p>\n<p>&#8221; content_last_edited=&#8221;on|phone&#8221; _builder_version=&#8221;4.21.0&#8243; _module_preset=&#8221;default&#8221; text_font=&#8221;Montserrat|700|||||||&#8221; text_text_color=&#8221;#0082B6&#8243; text_font_size=&#8221;13px&#8221; text_line_height=&#8221;2em&#8221; custom_margin=&#8221;15px||6px||false|false&#8221; custom_margin_tablet=&#8221;&#8221; custom_margin_phone=&#8221;5px||5px||true|false&#8221; custom_margin_last_edited=&#8221;on|phone&#8221; link_option_url=&#8221;https:\/\/identidadevisualcuritiba.com.br\/loja\/institucional\/&#8221; link_option_url_new_window=&#8221;on&#8221; global_colors_info=&#8221;{}&#8221; theme_builder_area=&#8221;post_content&#8221;]<\/p>\n<p>Sobre a Hidra<\/p>\n<p>[\/et_pb_text][et_pb_text content_tablet=&#8221;&#8221; content_phone=&#8221;<\/p>\n<p style=%22text-align: center;%22>Nossos Produtos<\/p>\n<p>&#8221; content_last_edited=&#8221;on|phone&#8221; _builder_version=&#8221;4.21.0&#8243; _module_preset=&#8221;default&#8221; text_font=&#8221;Montserrat|700|||||||&#8221; text_text_color=&#8221;#0082B6&#8243; text_font_size=&#8221;13px&#8221; text_line_height=&#8221;2em&#8221; custom_margin=&#8221;18px||3px|||&#8221; custom_margin_tablet=&#8221;&#8221; custom_margin_phone=&#8221;5px||5px||true|false&#8221; custom_margin_last_edited=&#8221;on|phone&#8221; link_option_url=&#8221;https:\/\/identidadevisualcuritiba.com.br\/loja\/categoria-produto\/produtos\/&#8221; global_colors_info=&#8221;{}&#8221; theme_builder_area=&#8221;post_content&#8221;]<\/p>\n<p>Nossos Produtos<\/p>\n<p>[\/et_pb_text][et_pb_text content_tablet=&#8221;&#8221; content_phone=&#8221;<\/p>\n<p style=%22text-align: center;%22> Solicite Or\u00e7amento<\/p>\n<p>&#8221; content_last_edited=&#8221;on|phone&#8221; _builder_version=&#8221;4.21.0&#8243; _module_preset=&#8221;default&#8221; text_font=&#8221;Montserrat|700|||||||&#8221; text_text_color=&#8221;#0082B6&#8243; text_font_size=&#8221;13px&#8221; text_line_height=&#8221;2em&#8221; custom_margin=&#8221;18px||3px|||&#8221; custom_margin_tablet=&#8221;&#8221; custom_margin_phone=&#8221;5px||5px||true|false&#8221; custom_margin_last_edited=&#8221;on|phone&#8221; link_option_url=&#8221;https:\/\/identidadevisualcuritiba.com.br\/loja\/solicite-orcamento\/&#8221; global_colors_info=&#8221;{}&#8221; theme_builder_area=&#8221;post_content&#8221;]<\/p>\n<p>Solicite Or\u00e7amento<\/p>\n<p>[\/et_pb_text][\/et_pb_column][et_pb_column type=&#8221;1_4&#8243; _builder_version=&#8221;4.16&#8243; _module_preset=&#8221;default&#8221; global_colors_info=&#8221;{}&#8221; theme_builder_area=&#8221;post_content&#8221;][et_pb_text content_tablet=&#8221;&#8221; content_phone=&#8221;<\/p>\n<p style=%22text-align: center;%22>HIDRA CURITIBA\/PR<\/p>\n<p>&#8221; content_last_edited=&#8221;on|phone&#8221; _builder_version=&#8221;4.21.0&#8243; _module_preset=&#8221;default&#8221; text_font=&#8221;Montserrat|700|||||||&#8221; text_text_color=&#8221;#2f4369&#8243; text_font_size=&#8221;16px&#8221; custom_margin=&#8221;||12px|||&#8221; global_colors_info=&#8221;{}&#8221; theme_builder_area=&#8221;post_content&#8221;]<\/p>\n<p style=\"text-align: left;\">HIDRA CURITIBA\/PR<\/p>\n<p>[\/et_pb_text][et_pb_text content_tablet=&#8221;&#8221; content_phone=&#8221;<\/p>\n<p style=%22text-align: center;%22>Rua Le\u00e3o Sallum, 745<br \/>Boa Vista, Curitiba\/PR<br \/>CEP: 82.540-050<\/p>\n<p style=%22text-align: center;%22>hidra@hidraulicahidra.com.br<\/p>\n<p style=%22text-align: center;%22>Televendas: (41) 3076-7500<\/p>\n<p>&#8221; content_last_edited=&#8221;on|phone&#8221; _builder_version=&#8221;4.21.0&#8243; _module_preset=&#8221;default&#8221; text_font=&#8221;Montserrat|700|||||||&#8221; text_text_color=&#8221;#0082B6&#8243; text_font_size=&#8221;13px&#8221; text_line_height=&#8221;2em&#8221; custom_margin=&#8221;21px|||||&#8221; global_colors_info=&#8221;{}&#8221; theme_builder_area=&#8221;post_content&#8221;]<\/p>\n<p>Rua Le\u00e3o Sallum, 745<br \/>Boa Vista, Curitiba\/PR<br \/>CEP: 82.540-050<\/p>\n<p>hidra@hidraulicahidra.com.br<\/p>\n<p>Televendas: (41) 3076-7500<\/p>\n<p>[\/et_pb_text][et_pb_button button_url=&#8221;https:\/\/wa.me\/554130767500&#8243; url_new_window=&#8221;on&#8221; button_text=&#8221;WHATSAPP PR&#8221; button_alignment=&#8221;left&#8221; button_alignment_tablet=&#8221;&#8221; button_alignment_phone=&#8221;center&#8221; button_alignment_last_edited=&#8221;on|phone&#8221; _builder_version=&#8221;4.21.0&#8243; _module_preset=&#8221;default&#8221; custom_button=&#8221;on&#8221; button_text_size=&#8221;16px&#8221; button_text_color=&#8221;#FFFFFF&#8221; button_bg_color=&#8221;#2f4369&#8243; button_border_width=&#8221;0px&#8221; button_border_radius=&#8221;50px&#8221; button_font=&#8221;Montserrat||||||||&#8221; button_icon=&#8221;&#xf232;||fa||400&#8243; button_icon_color=&#8221;#0082b6&#8243; global_colors_info=&#8221;{}&#8221; theme_builder_area=&#8221;post_content&#8221;][\/et_pb_button][\/et_pb_column][et_pb_column type=&#8221;1_4&#8243; _builder_version=&#8221;4.16&#8243; _module_preset=&#8221;default&#8221; global_colors_info=&#8221;{}&#8221; theme_builder_area=&#8221;post_content&#8221;][et_pb_text content_tablet=&#8221;&#8221; content_phone=&#8221;<\/p>\n<p style=%22text-align: center;%22>HIDRASUL TIJUCAS\/SC<\/p>\n<p>&#8221; content_last_edited=&#8221;on|phone&#8221; _builder_version=&#8221;4.21.0&#8243; _module_preset=&#8221;default&#8221; text_font=&#8221;Montserrat|700|||||||&#8221; text_text_color=&#8221;#2f4369&#8243; text_font_size=&#8221;16px&#8221; custom_margin=&#8221;||12px|||&#8221; global_colors_info=&#8221;{}&#8221; theme_builder_area=&#8221;post_content&#8221;]<\/p>\n<p style=\"text-align: left;\">HIDRASUL TIJUCAS\/SC<\/p>\n<p>[\/et_pb_text][et_pb_text content_tablet=&#8221;&#8221; content_phone=&#8221;<\/p>\n<p style=%22text-align: center;%22>R. Eucl\u00eddes Francisco<br \/>Peixoto, 1470, Tijucas\/SC<br \/>CEP: 88.200-000<\/p>\n<p style=%22text-align: center;%22>hidratj@hidraulicahidra.com.br<\/p>\n<p style=%22text-align: center;%22>Televendas: (48) 3380-0820<\/p>\n<p>&#8221; content_last_edited=&#8221;on|phone&#8221; _builder_version=&#8221;4.21.0&#8243; _module_preset=&#8221;default&#8221; text_font=&#8221;Montserrat|700|||||||&#8221; text_text_color=&#8221;#0082B6&#8243; text_font_size=&#8221;13px&#8221; text_line_height=&#8221;2em&#8221; custom_margin=&#8221;21px|-9px||||&#8221; global_colors_info=&#8221;{}&#8221; theme_builder_area=&#8221;post_content&#8221;]<\/p>\n<p>R. Eucl\u00eddes Francisco<br \/>Peixoto, 1470, Tijucas\/SC<br \/>CEP: 88.200-000<\/p>\n<p>hidratj@hidraulicahidra.com.br<\/p>\n<p>Televendas: (48) 3380-0820<\/p>\n<p>[\/et_pb_text][et_pb_button button_url=&#8221;https:\/\/wa.me\/554833800820&#8243; url_new_window=&#8221;on&#8221; button_text=&#8221;WHATSAPP SC&#8221; button_alignment=&#8221;left&#8221; button_alignment_tablet=&#8221;&#8221; button_alignment_phone=&#8221;center&#8221; button_alignment_last_edited=&#8221;on|phone&#8221; _builder_version=&#8221;4.21.0&#8243; _module_preset=&#8221;default&#8221; custom_button=&#8221;on&#8221; button_text_size=&#8221;16px&#8221; button_text_color=&#8221;#FFFFFF&#8221; button_bg_color=&#8221;#2f4369&#8243; button_border_width=&#8221;0px&#8221; button_border_radius=&#8221;50px&#8221; button_font=&#8221;Montserrat||||||||&#8221; button_icon=&#8221;&#xf232;||fa||400&#8243; button_icon_color=&#8221;#0082b6&#8243; global_colors_info=&#8221;{}&#8221; theme_builder_area=&#8221;post_content&#8221;][\/et_pb_button][\/et_pb_column][\/et_pb_row][\/et_pb_section][et_pb_section fb_built=&#8221;1&#8243; _builder_version=&#8221;4.16&#8243; _module_preset=&#8221;default&#8221; background_color=&#8221;#333333&#8243; custom_padding=&#8221;0px||1px|||&#8221; saved_tabs=&#8221;all&#8221; global_colors_info=&#8221;{}&#8221; global_module=&#8221;5689&#8243; theme_builder_area=&#8221;post_content&#8221;][et_pb_row column_structure=&#8221;3_5,2_5&#8243; _builder_version=&#8221;4.16&#8243; _module_preset=&#8221;default&#8221; custom_padding=&#8221;15px||15px||true|&#8221; global_colors_info=&#8221;{}&#8221; theme_builder_area=&#8221;post_content&#8221;][et_pb_column type=&#8221;3_5&#8243; _builder_version=&#8221;4.16&#8243; _module_preset=&#8221;default&#8221; global_colors_info=&#8221;{}&#8221; theme_builder_area=&#8221;post_content&#8221;][et_pb_text content_tablet=&#8221;&#8221; content_phone=&#8221;<\/p>\n<p>\u00a0<\/p>\n<p style=%22text-align: center;%22>\u00a9 2023 <br \/><span style=%22color: #ffffff;%22><a href=%22http:\/\/www.hidraulicahidra.com.br%22 style=%22color: #ffffff;%22>www.hidraulicahidra.com.br <\/a><\/span><br \/>Todos os direitos reservados<\/p>\n<p>\u00a0<\/p>\n<p>&#8221; content_last_edited=&#8221;on|phone&#8221; _builder_version=&#8221;4.21.0&#8243; _module_preset=&#8221;default&#8221; text_text_color=&#8221;#FFFFFF&#8221; global_colors_info=&#8221;{}&#8221; theme_builder_area=&#8221;post_content&#8221;]<\/p>\n<p>\u00a9 2023 www.hidraulicahidra.com.br | Todos os direitos reservados<\/p>\n<p>[\/et_pb_text][\/et_pb_column][et_pb_column type=&#8221;2_5&#8243; _builder_version=&#8221;4.16&#8243; _module_preset=&#8221;default&#8221; global_colors_info=&#8221;{}&#8221; theme_builder_area=&#8221;post_content&#8221;][et_pb_image src=&#8221;https:\/\/identidadevisualcuritiba.com.br\/loja\/wp-content\/uploads\/2023\/06\/Atma-Criativa-min.png&#8221; title_text=&#8221;Atma Criativa-min&#8221; align_tablet=&#8221;&#8221; align_phone=&#8221;center&#8221; align_last_edited=&#8221;on|phone&#8221; _builder_version=&#8221;4.21.0&#8243; _module_preset=&#8221;default&#8221; max_width=&#8221;27%&#8221; module_alignment=&#8221;right&#8221; module_alignment_tablet=&#8221;&#8221; module_alignment_phone=&#8221;center&#8221; module_alignment_last_edited=&#8221;on|phone&#8221; global_colors_info=&#8221;{}&#8221; theme_builder_area=&#8221;post_content&#8221;][\/et_pb_image][\/et_pb_column][\/et_pb_row][\/et_pb_section]<\/p>\n","protected":false},"excerpt":{"rendered":"<p>C\u00d3DIGO: 10754 O Ciclo 2000 da Ciclodagua foi desenvolvido com o prop\u00f3sito de diminuir o custo de instala\u00e7\u00e3o de sistemas de capta\u00e7\u00e3o e aproveitamento da \u00e1gua da chuva para grandes \u00e1reas. Em seu projeto a Ciclodagua focou principalmente em inova\u00e7\u00e3o, sobretudo na otimiza\u00e7\u00e3o das dimens\u00f5es e peso. Como resultado, o filtro Ciclo 2000 pode ser [&hellip;]<\/p>\n","protected":false},"featured_media":576,"comment_status":"closed","ping_status":"closed","template":"","meta":{"_et_pb_use_builder":"on","_et_pb_old_content":"<!-- wp:paragraph -->\n<p><strong>C\u00d3DIGO: 10754<\/strong><\/p>\n<!-- \/wp:paragraph -->\n\n<!-- wp:paragraph -->\n<p>O Ciclo 2000 da Ciclodagua foi\ndesenvolvido com o prop\u00f3sito de diminuir o custo de instala\u00e7\u00e3o de sistemas de\ncapta\u00e7\u00e3o e aproveitamento da \u00e1gua da chuva para grandes \u00e1reas.<\/p>\n<!-- \/wp:paragraph -->\n\n<!-- wp:paragraph -->\n<p>Em seu projeto a Ciclodagua focou\nprincipalmente em inova\u00e7\u00e3o, sobretudo na otimiza\u00e7\u00e3o das dimens\u00f5es e peso. Como\nresultado, o filtro Ciclo 2000 pode ser instalado de v\u00e1rias maneiras, por\nexemplo: enterrado, sobre o solo, lajes, andaimes, treli\u00e7as ou mesmo a\u00e9reo.<\/p>\n<!-- \/wp:paragraph -->\n\n<!-- wp:paragraph -->\n<p>Com o prop\u00f3sito de suportar as\ncaracter\u00edsticas clim\u00e1ticas brasileiras, ou seja, climas tropicais e\nsubtropicais onde chuvas torrenciais s\u00e3o comuns, o elemento filtrante de grande\n\u00e1rea \u00e9 posicionado a fim de garantir m\u00e1xima vaz\u00e3o para \u00e1reas de at\u00e9 2500 m\u00b2.<\/p>\n<!-- \/wp:paragraph -->\n\n<!-- wp:paragraph -->\n<p>Al\u00e9m disso, o expurgo de menor\ndi\u00e2metro for\u00e7a a \u00e1gua atrav\u00e9s do elemento filtrante para que esta seja captada\nao mesmo tempo em que as impurezas s\u00e3o arrastadas. Consequentemente, o filtro\nautolimpante minimiza a necessidade de manuten\u00e7\u00e3o.<\/p>\n<!-- \/wp:paragraph -->\n\n<!-- wp:paragraph -->\n<p>Feito de materiais 100%\nrecicl\u00e1veis.&nbsp;&nbsp;&nbsp;&nbsp;&nbsp;&nbsp;&nbsp; <\/p>\n<!-- \/wp:paragraph -->\n\n<!-- wp:paragraph -->\n<p><strong>Finalidade<\/strong><\/p>\n<!-- \/wp:paragraph -->\n\n<!-- wp:list -->\n<ul><li>Atende todos os\nrequisitos da nova NBR 15227\/2019;<\/li><li>Filtragem da \u00e1gua para\nusos gerais, atingindo balneabilidade excelente de acordo com a resolu\u00e7\u00e3o\nCONAMA 274\/2000;<\/li><li>\u00c1reas de at\u00e9 2500<a>m\u00b2<\/a> com fator de efici\u00eancia de m\u00e1xima de 0.90;<\/li><li>Impede a dissemina\u00e7\u00e3o\nde vetores.<\/li><\/ul>\n<!-- \/wp:list -->\n\n<!-- wp:paragraph -->\n<p><strong>Caracter\u00edsticas<\/strong><\/p>\n<!-- \/wp:paragraph -->\n\n<!-- wp:list -->\n<ul><li>C\u00e2mara e tampa em\npolietileno;<\/li><li>Parafusos de a\u00e7o\ninoxid\u00e1vel;<\/li><li>Elemento filtrante\nduplo com malha fina em a\u00e7o inox 304.<\/li><li>Separa\u00e7\u00e3o autom\u00e1tica\nde at\u00e9 98% dos res\u00edduos s\u00f3lidos;<\/li><li>Autolimpante, ou seja,\no expurgo arrasta a mat\u00e9ria s\u00f3lida diminuindo a necessidade de manuten\u00e7\u00e3o;<\/li><li>Filtra at\u00e9 90% da \u00e1gua\ncaptada.<\/li><\/ul>\n<!-- \/wp:list -->\n\n<!-- wp:paragraph -->\n<p><strong>Dimens\u00f5es<\/strong><\/p>\n<!-- \/wp:paragraph -->\n\n<!-- wp:list -->\n<ul><li>Entradas: 2 x 200 mm\n(DN200);<\/li><li>Sa\u00edda de \u00e1gua\nfiltrada: 200 mm (DN200);<\/li><li>Expurgo: 200 mm (DN200);<\/li><li>Altura: 60 cm;<\/li><li>Largura: 100 cm;<\/li><li>Profundidade: 100 cm;<\/li><li>Peso: 35 kg.<\/li><\/ul>\n<!-- \/wp:list -->","_et_gb_content_width":""},"product_brand":[],"product_cat":[41],"product_tag":[],"class_list":{"0":"post-551","1":"product","2":"type-product","3":"status-publish","4":"has-post-thumbnail","6":"product_cat-captacao-agua-da-chuva","8":"first","9":"instock","10":"shipping-taxable","11":"product-type-simple"},"_links":{"self":[{"href":"https:\/\/identidadevisualcuritiba.com.br\/loja\/wp-json\/wp\/v2\/product\/551","targetHints":{"allow":["GET"]}}],"collection":[{"href":"https:\/\/identidadevisualcuritiba.com.br\/loja\/wp-json\/wp\/v2\/product"}],"about":[{"href":"https:\/\/identidadevisualcuritiba.com.br\/loja\/wp-json\/wp\/v2\/types\/product"}],"replies":[{"embeddable":true,"href":"https:\/\/identidadevisualcuritiba.com.br\/loja\/wp-json\/wp\/v2\/comments?post=551"}],"wp:featuredmedia":[{"embeddable":true,"href":"https:\/\/identidadevisualcuritiba.com.br\/loja\/wp-json\/wp\/v2\/media\/576"}],"wp:attachment":[{"href":"https:\/\/identidadevisualcuritiba.com.br\/loja\/wp-json\/wp\/v2\/media?parent=551"}],"wp:term":[{"taxonomy":"product_brand","embeddable":true,"href":"https:\/\/identidadevisualcuritiba.com.br\/loja\/wp-json\/wp\/v2\/product_brand?post=551"},{"taxonomy":"product_cat","embeddable":true,"href":"https:\/\/identidadevisualcuritiba.com.br\/loja\/wp-json\/wp\/v2\/product_cat?post=551"},{"taxonomy":"product_tag","embeddable":true,"href":"https:\/\/identidadevisualcuritiba.com.br\/loja\/wp-json\/wp\/v2\/product_tag?post=551"}],"curies":[{"name":"wp","href":"https:\/\/api.w.org\/{rel}","templated":true}]}}