{"id":560,"date":"2023-03-08T13:43:20","date_gmt":"2023-03-08T13:43:20","guid":{"rendered":"https:\/\/identidadevisualcuritiba.com.br\/loja\/?post_type=product&#038;p=560"},"modified":"2024-03-06T11:47:00","modified_gmt":"2024-03-06T11:47:00","slug":"kit-4-regato-250","status":"publish","type":"product","link":"https:\/\/identidadevisualcuritiba.com.br\/loja\/produto\/kit-4-regato-250\/","title":{"rendered":"KIT 4 REGATO 250"},"content":{"rendered":"\n<table class=\"wp-block-table has-fixed-layout is-style-stripes\"><tbody><tr><td><strong>\u00c1REA<\/strong><\/td><td><strong>C\u00d3DIGO<\/strong><\/td><\/tr><tr><td>DE 210M2 A 350M2<\/td><td>47679<\/td><\/tr><\/tbody><\/table>\n\n\n\n<p><\/p>\n\n\n\n<p>O Kit 04 Ciclodagua foi desenvolvido para facilitar a instala\u00e7\u00e3o de\nsolu\u00e7\u00f5es completas de capta\u00e7\u00e3o e aproveitamento da \u00e1gua da chuva em \u00e1reas de\n210 m\u00b2 \u00e0 350m\u00b2.<\/p>\n\n\n\n<p><strong>Itens inclusos no Kit 04 Ciclodagua:<\/strong><\/p>\n\n\n\n<p>Ciclo 250,<\/p>\n\n\n\n<p>Multi Sif\u00e3o DN150,<\/p>\n\n\n\n<p>Freio Aerador DN150,<\/p>\n\n\n\n<p>Boia Mangueira inferior 32 mm.<\/p>\n\n\n\n<p><strong>Por\nque adquirir os Kits Ciclodagua?<\/strong><\/p>\n\n\n\n<p>A Ciclodagua recomenda\na compra dos kits para assegurar a instala\u00e7\u00e3o de todos os elementos que comp\u00f5em\no m\u00e9todo de capta\u00e7\u00e3o e armazenamento da \u00e1gua da chuva, que tem por objetivo\ngarantir a qualidade da \u00e1gua armazenada. E impedir a dissemina\u00e7\u00e3o de vetores\ncomo exigido na NBR 15527\/2019.<\/p>\n\n\n\n<p><em>Aproveite a chuva. Use Ciclodagua!<\/em><\/p>\n","protected":false},"excerpt":{"rendered":"<p>\u00c1REA C\u00d3DIGO DE 210M2 A 350M2 47679 O Kit 04 Ciclodagua foi desenvolvido para facilitar a instala\u00e7\u00e3o de solu\u00e7\u00f5es completas de capta\u00e7\u00e3o e aproveitamento da \u00e1gua da chuva em \u00e1reas de 210 m\u00b2 \u00e0 350m\u00b2. Itens inclusos no Kit 04 Ciclodagua: Ciclo 250, Multi Sif\u00e3o DN150, Freio Aerador DN150, Boia Mangueira inferior 32 mm. Por [&hellip;]<\/p>\n","protected":false},"featured_media":585,"comment_status":"closed","ping_status":"closed","template":"","meta":{"_et_pb_use_builder":"","_et_pb_old_content":"","_et_gb_content_width":""},"product_brand":[],"product_cat":[41],"product_tag":[],"class_list":{"0":"post-560","1":"product","2":"type-product","3":"status-publish","4":"has-post-thumbnail","6":"product_cat-captacao-agua-da-chuva","8":"first","9":"instock","10":"shipping-taxable","11":"product-type-simple"},"_links":{"self":[{"href":"https:\/\/identidadevisualcuritiba.com.br\/loja\/wp-json\/wp\/v2\/product\/560","targetHints":{"allow":["GET"]}}],"collection":[{"href":"https:\/\/identidadevisualcuritiba.com.br\/loja\/wp-json\/wp\/v2\/product"}],"about":[{"href":"https:\/\/identidadevisualcuritiba.com.br\/loja\/wp-json\/wp\/v2\/types\/product"}],"replies":[{"embeddable":true,"href":"https:\/\/identidadevisualcuritiba.com.br\/loja\/wp-json\/wp\/v2\/comments?post=560"}],"wp:featuredmedia":[{"embeddable":true,"href":"https:\/\/identidadevisualcuritiba.com.br\/loja\/wp-json\/wp\/v2\/media\/585"}],"wp:attachment":[{"href":"https:\/\/identidadevisualcuritiba.com.br\/loja\/wp-json\/wp\/v2\/media?parent=560"}],"wp:term":[{"taxonomy":"product_brand","embeddable":true,"href":"https:\/\/identidadevisualcuritiba.com.br\/loja\/wp-json\/wp\/v2\/product_brand?post=560"},{"taxonomy":"product_cat","embeddable":true,"href":"https:\/\/identidadevisualcuritiba.com.br\/loja\/wp-json\/wp\/v2\/product_cat?post=560"},{"taxonomy":"product_tag","embeddable":true,"href":"https:\/\/identidadevisualcuritiba.com.br\/loja\/wp-json\/wp\/v2\/product_tag?post=560"}],"curies":[{"name":"wp","href":"https:\/\/api.w.org\/{rel}","templated":true}]}}