{"id":567,"date":"2023-03-08T13:43:20","date_gmt":"2023-03-08T13:43:20","guid":{"rendered":"https:\/\/identidadevisualcuritiba.com.br\/loja\/?post_type=product&#038;p=567"},"modified":"2023-05-22T23:04:20","modified_gmt":"2023-05-22T23:04:20","slug":"adaptador-com-anel-labial","status":"publish","type":"product","link":"https:\/\/identidadevisualcuritiba.com.br\/loja\/produto\/adaptador-com-anel-labial\/","title":{"rendered":"ADAPTADOR COM ANEL LABIAL"},"content":{"rendered":"<p>[et_pb_section fb_built=&#8221;1&#8243; _builder_version=&#8221;4.14.2&#8243; background_color=&#8221;#f0f0f0&#8243; custom_padding=&#8221;0px|15px||15px|false|true&#8221; global_colors_info=&#8221;{}&#8221;][et_pb_row _builder_version=&#8221;3.25&#8243; background_size=&#8221;initial&#8221; background_position=&#8221;top_left&#8221; background_repeat=&#8221;repeat&#8221; width=&#8221;100%&#8221; custom_padding=&#8221;0px||0px||false|false&#8221; global_colors_info=&#8221;{}&#8221;][et_pb_column type=&#8221;4_4&#8243; _builder_version=&#8221;3.25&#8243; custom_padding=&#8221;|||&#8221; global_colors_info=&#8221;{}&#8221; custom_padding__hover=&#8221;|||&#8221;][et_pb_wc_breadcrumb _builder_version=&#8221;4.14.2&#8243; custom_padding=&#8221;30px||30px||true|false&#8221; global_colors_info=&#8221;{}&#8221;][\/et_pb_wc_breadcrumb][\/et_pb_column][\/et_pb_row][et_pb_row column_structure=&#8221;1_2,1_2&#8243; _builder_version=&#8221;4.14.2&#8243; background_size=&#8221;initial&#8221; background_position=&#8221;top_left&#8221; background_repeat=&#8221;repeat&#8221; width=&#8221;100%&#8221; custom_padding=&#8221;0px||||false|false&#8221; global_colors_info=&#8221;{}&#8221;][et_pb_column type=&#8221;1_2&#8243; _builder_version=&#8221;3.25&#8243; custom_padding=&#8221;|||&#8221; global_colors_info=&#8221;{}&#8221; custom_padding__hover=&#8221;|||&#8221;][et_pb_wc_images _builder_version=&#8221;3.0.47&#8243; global_colors_info=&#8221;{}&#8221;][\/et_pb_wc_images][\/et_pb_column][et_pb_column type=&#8221;1_2&#8243; _builder_version=&#8221;3.25&#8243; custom_padding=&#8221;|||&#8221; global_colors_info=&#8221;{}&#8221; custom_padding__hover=&#8221;|||&#8221;][et_pb_wc_title _builder_version=&#8221;4.14.2&#8243; header_font=&#8221;|700|||||||&#8221; header_text_color=&#8221;#0082b6&#8243; global_colors_info=&#8221;{}&#8221;][\/et_pb_wc_title][et_pb_wc_price _builder_version=&#8221;3.0.47&#8243; global_colors_info=&#8221;{}&#8221;][\/et_pb_wc_price][et_pb_wc_description _builder_version=&#8221;3.0.47&#8243; global_colors_info=&#8221;{}&#8221;][\/et_pb_wc_description][et_pb_text _builder_version=&#8221;4.14.2&#8243; _module_preset=&#8221;default&#8221; global_colors_info=&#8221;{}&#8221;]<\/p>\n<table width=\"252\">\n<tbody>\n<tr>\n<td width=\"154\"><strong>BITOLA<\/strong><\/td>\n<td width=\"98\"><strong>C\u00d3DIGO<\/strong><\/td>\n<\/tr>\n<tr>\n<td>DN 40 X 38<\/td>\n<td>17371<\/td>\n<\/tr>\n<\/tbody>\n<\/table>\n<p>[\/et_pb_text][et_pb_wc_add_to_cart global_colors_info=&#8221;{}&#8221;][\/et_pb_wc_add_to_cart][\/et_pb_column][\/et_pb_row][et_pb_row _builder_version=&#8221;4.14.2&#8243; _module_preset=&#8221;default&#8221; width=&#8221;100%&#8221; saved_tabs=&#8221;all&#8221; global_colors_info=&#8221;{}&#8221; global_module=&#8221;5729&#8243; theme_builder_area=&#8221;post_content&#8221;][et_pb_column type=&#8221;4_4&#8243; _builder_version=&#8221;4.14.2&#8243; _module_preset=&#8221;default&#8221; global_colors_info=&#8221;{}&#8221; theme_builder_area=&#8221;post_content&#8221;][et_pb_text _builder_version=&#8221;4.14.2&#8243; _module_preset=&#8221;default&#8221; global_colors_info=&#8221;{}&#8221; theme_builder_area=&#8221;post_content&#8221;]<\/p>\n<p><strong>Sobre a linha<\/strong><br \/>Fabricados em PVC na cor branca, os tubos e conex\u00f5es s\u00e3o voltados para instala\u00e7\u00f5es prediais de esgoto, conduzindo e armazenando corretamente os despejos residuais, atrav\u00e9s de um escoamento por gravidade n\u00e3o submetida \u00e0 press\u00e3o e na ventila\u00e7\u00e3o do sistema. Todos os produtos possuem f\u00e1cil instala\u00e7\u00e3o e atendem \u00e0s normas NBR 5688 e NBR 8160.<\/p>\n<p><strong>Caracter\u00edsticas<\/strong><br \/>\u2022 Dispon\u00edvel em bitolas comerciais de DN 40, DN 50, DN 75, DN 100 e DN 150 (mm);<br \/>\u2022 Superf\u00edcie interna lisa;<br \/>\u2022 Junta sold\u00e1vel com aplica\u00e7\u00e3o de adesivo PVC.<\/p>\n<p><strong>Vantagens<\/strong><br \/>\u2022 Instala\u00e7\u00f5es prediais de esgoto de aparelhos sanit\u00e1rios;<br \/>\u2022 Escoamento por gravidade n\u00e3o submetida \u00e0 press\u00e3o;<br \/>\u2022 Ventila\u00e7\u00e3o do sistema de esgoto;<br \/>\u2022 Condu\u00e7\u00e3o de despejos;<br \/>\u2022 Estanqueidade e alta durabilidade;<br \/>\u2022 F\u00e1cil instala\u00e7\u00e3o por adesivo ou junta el\u00e1stica.<\/p>\n<p>[\/et_pb_text][\/et_pb_column][\/et_pb_row][et_pb_row _builder_version=&#8221;3.25&#8243; background_size=&#8221;initial&#8221; background_position=&#8221;top_left&#8221; background_repeat=&#8221;repeat&#8221; width=&#8221;100%&#8221; global_colors_info=&#8221;{}&#8221;][et_pb_column type=&#8221;4_4&#8243; _builder_version=&#8221;3.25&#8243; custom_padding=&#8221;|||&#8221; global_colors_info=&#8221;{}&#8221; custom_padding__hover=&#8221;|||&#8221;][et_pb_wc_upsells _builder_version=&#8221;3.0.47&#8243; global_colors_info=&#8221;{}&#8221;][\/et_pb_wc_upsells][et_pb_wc_related_products icon_hover_color=&#8221;#0082b6&#8243; _builder_version=&#8221;4.14.2&#8243; title_font=&#8221;|700|||||||&#8221; title_text_color=&#8221;#0082b6&#8243; product_title_font_size=&#8221;16px&#8221; global_colors_info=&#8221;{}&#8221;][\/et_pb_wc_related_products][\/et_pb_column][\/et_pb_row][\/et_pb_section][et_pb_section fb_built=&#8221;1&#8243; _builder_version=&#8221;4.14.2&#8243; _module_preset=&#8221;default&#8221; background_color=&#8221;#e6e6e6&#8243; global_module=&#8221;5684&#8243; global_colors_info=&#8221;{}&#8221;][et_pb_row column_structure=&#8221;1_4,1_4,1_4,1_4&#8243; _builder_version=&#8221;4.14.2&#8243; _module_preset=&#8221;default&#8221; global_colors_info=&#8221;{}&#8221;][et_pb_column type=&#8221;1_4&#8243; _builder_version=&#8221;4.14.2&#8243; _module_preset=&#8221;default&#8221; global_colors_info=&#8221;{}&#8221;][et_pb_image src=&#8221;https:\/\/identidadevisualcuritiba.com.br\/loja\/wp-content\/uploads\/2017\/10\/logo-hidra.png&#8221; title_text=&#8221;logo-hidra&#8221; _builder_version=&#8221;4.14.2&#8243; _module_preset=&#8221;default&#8221; global_colors_info=&#8221;{}&#8221;][\/et_pb_image][et_pb_text _builder_version=&#8221;4.14.2&#8243; _module_preset=&#8221;default&#8221; global_colors_info=&#8221;{}&#8221;]<\/p>\n<p>Distribuidora sin\u00f4nimo <br \/>de qualidade <br \/>e excel\u00eancia em tubos,<br \/>conex\u00f5es e acess\u00f3rios <br \/>para instala\u00e7\u00f5es <br \/>hidr\u00e1ulicas.<\/p>\n<p>[\/et_pb_text][\/et_pb_column][et_pb_column type=&#8221;1_4&#8243; _builder_version=&#8221;4.14.2&#8243; _module_preset=&#8221;default&#8221; global_colors_info=&#8221;{}&#8221;][\/et_pb_column][et_pb_column type=&#8221;1_4&#8243; _builder_version=&#8221;4.14.2&#8243; _module_preset=&#8221;default&#8221; global_colors_info=&#8221;{}&#8221;][\/et_pb_column][et_pb_column type=&#8221;1_4&#8243; _builder_version=&#8221;4.14.2&#8243; _module_preset=&#8221;default&#8221; global_colors_info=&#8221;{}&#8221;][\/et_pb_column][\/et_pb_row][\/et_pb_section][et_pb_section fb_built=&#8221;1&#8243; _builder_version=&#8221;4.14.2&#8243; _module_preset=&#8221;default&#8221; background_color=&#8221;#333333&#8243; custom_padding=&#8221;0px||1px|||&#8221; global_module=&#8221;5689&#8243; global_colors_info=&#8221;{}&#8221;][et_pb_row column_structure=&#8221;3_5,2_5&#8243; _builder_version=&#8221;4.14.2&#8243; _module_preset=&#8221;default&#8221; custom_padding=&#8221;||2px|||&#8221; global_colors_info=&#8221;{}&#8221;][et_pb_column type=&#8221;3_5&#8243; _builder_version=&#8221;4.14.2&#8243; _module_preset=&#8221;default&#8221; global_colors_info=&#8221;{}&#8221;][et_pb_text _builder_version=&#8221;4.14.2&#8243; _module_preset=&#8221;default&#8221; text_text_color=&#8221;#FFFFFF&#8221; global_colors_info=&#8221;{}&#8221;]<\/p>\n<p>\u00a9 2023 www.hidraulicahidra.com.br | Todos os direitos reservados<\/p>\n<p>[\/et_pb_text][\/et_pb_column][et_pb_column type=&#8221;2_5&#8243; _builder_version=&#8221;4.14.2&#8243; _module_preset=&#8221;default&#8221; global_colors_info=&#8221;{}&#8221;][\/et_pb_column][\/et_pb_row][\/et_pb_section]<\/p>\n","protected":false},"excerpt":{"rendered":"<p>BITOLA C\u00d3DIGO DN 40 X 38 17371 Sobre a linhaFabricados em PVC na cor branca, os tubos e conex\u00f5es s\u00e3o voltados para instala\u00e7\u00f5es prediais de esgoto, conduzindo e armazenando corretamente os despejos residuais, atrav\u00e9s de um escoamento por gravidade n\u00e3o submetida \u00e0 press\u00e3o e na ventila\u00e7\u00e3o do sistema. Todos os produtos possuem f\u00e1cil instala\u00e7\u00e3o e [&hellip;]<\/p>\n","protected":false},"featured_media":592,"comment_status":"closed","ping_status":"closed","template":"","meta":{"_et_pb_use_builder":"on","_et_pb_old_content":"<!-- wp:table -->\r\n<table class=\"wp-block-table has-fixed-layout is-style-stripes\">\r\n<tbody>\r\n<tr>\r\n<td><strong>BITOLA<\/strong><\/td>\r\n<td><strong>C\u00d3DIGO<\/strong><\/td>\r\n<\/tr>\r\n<tr>\r\n<td>DN 40 X 38<\/td>\r\n<td>17371<\/td>\r\n<\/tr>\r\n<\/tbody>\r\n<\/table>\r\n<!-- \/wp:table -->\r\n\r\n<!-- wp:table -->\r\n<table class=\"wp-block-table\">\r\n<tbody>\r\n<tr>\r\n<td><strong>Sobre a linha<\/strong><\/td>\r\n<\/tr>\r\n<tr>\r\n<td>Fabricados em PVC na cor branca, os tubos e conex\u00f5es s\u00e3o voltados para instala\u00e7\u00f5es prediais de esgoto, conduzindo e armazenando corretamente os despejos residuais, atrav\u00e9s de um escoamento por gravidade n\u00e3o submetida \u00e0 press\u00e3o e na ventila\u00e7\u00e3o do sistema. Todos os produtos possuem f\u00e1cil instala\u00e7\u00e3o e atendem \u00e0s normas NBR 5688 e NBR 8160.\u00a0<\/td>\r\n<\/tr>\r\n<tr>\r\n<td>\u00a0<\/td>\r\n<\/tr>\r\n<tr>\r\n<td><strong>Caracter\u00edsticas<\/strong><\/td>\r\n<\/tr>\r\n<tr>\r\n<td>\u2022 Dispon\u00edvel em bitolas comerciais de DN 40, DN 50, DN 75, DN 100 e DN 150 (mm);<\/td>\r\n<\/tr>\r\n<tr>\r\n<td>\u2022 Superf\u00edcie interna lisa;<\/td>\r\n<\/tr>\r\n<tr>\r\n<td>\u2022 Junta sold\u00e1vel com aplica\u00e7\u00e3o de adesivo PVC.<\/td>\r\n<\/tr>\r\n<tr>\r\n<td>\u00a0<\/td>\r\n<\/tr>\r\n<tr>\r\n<td><strong>Vantagens<\/strong><\/td>\r\n<\/tr>\r\n<tr>\r\n<td>\u2022 Instala\u00e7\u00f5es prediais de esgoto de aparelhos sanit\u00e1rios;<\/td>\r\n<\/tr>\r\n<tr>\r\n<td>\u2022 Escoamento por gravidade n\u00e3o submetida \u00e0 press\u00e3o;<\/td>\r\n<\/tr>\r\n<tr>\r\n<td>\u2022 Ventila\u00e7\u00e3o do sistema de esgoto;<\/td>\r\n<\/tr>\r\n<tr>\r\n<td>\u2022 Condu\u00e7\u00e3o de despejos;<\/td>\r\n<\/tr>\r\n<tr>\r\n<td>\u2022 Estanqueidade e alta durabilidade;<\/td>\r\n<\/tr>\r\n<tr>\r\n<td>\u2022 F\u00e1cil instala\u00e7\u00e3o por adesivo ou junta el\u00e1stica.<\/td>\r\n<\/tr>\r\n<\/tbody>\r\n<\/table>\r\n<!-- \/wp:table -->","_et_gb_content_width":""},"product_brand":[],"product_cat":[32],"product_tag":[],"class_list":{"0":"post-567","1":"product","2":"type-product","3":"status-publish","4":"has-post-thumbnail","6":"product_cat-serie-normal","8":"first","9":"instock","10":"shipping-taxable","11":"product-type-simple"},"_links":{"self":[{"href":"https:\/\/identidadevisualcuritiba.com.br\/loja\/wp-json\/wp\/v2\/product\/567","targetHints":{"allow":["GET"]}}],"collection":[{"href":"https:\/\/identidadevisualcuritiba.com.br\/loja\/wp-json\/wp\/v2\/product"}],"about":[{"href":"https:\/\/identidadevisualcuritiba.com.br\/loja\/wp-json\/wp\/v2\/types\/product"}],"replies":[{"embeddable":true,"href":"https:\/\/identidadevisualcuritiba.com.br\/loja\/wp-json\/wp\/v2\/comments?post=567"}],"wp:featuredmedia":[{"embeddable":true,"href":"https:\/\/identidadevisualcuritiba.com.br\/loja\/wp-json\/wp\/v2\/media\/592"}],"wp:attachment":[{"href":"https:\/\/identidadevisualcuritiba.com.br\/loja\/wp-json\/wp\/v2\/media?parent=567"}],"wp:term":[{"taxonomy":"product_brand","embeddable":true,"href":"https:\/\/identidadevisualcuritiba.com.br\/loja\/wp-json\/wp\/v2\/product_brand?post=567"},{"taxonomy":"product_cat","embeddable":true,"href":"https:\/\/identidadevisualcuritiba.com.br\/loja\/wp-json\/wp\/v2\/product_cat?post=567"},{"taxonomy":"product_tag","embeddable":true,"href":"https:\/\/identidadevisualcuritiba.com.br\/loja\/wp-json\/wp\/v2\/product_tag?post=567"}],"curies":[{"name":"wp","href":"https:\/\/api.w.org\/{rel}","templated":true}]}}