{"id":83,"date":"2023-03-08T13:38:39","date_gmt":"2023-03-08T13:38:39","guid":{"rendered":"https:\/\/identidadevisualcuritiba.com.br\/loja\/?post_type=product&#038;p=83"},"modified":"2023-05-16T14:21:13","modified_gmt":"2023-05-16T14:21:13","slug":"adesivo-super-cpvc","status":"publish","type":"product","link":"https:\/\/identidadevisualcuritiba.com.br\/loja\/produto\/adesivo-super-cpvc\/","title":{"rendered":"ADESIVO SUPER CPVC"},"content":{"rendered":"<p>[et_pb_section fb_built=&#8221;1&#8243; _builder_version=&#8221;4.14.2&#8243; background_color=&#8221;#f0f0f0&#8243; custom_padding=&#8221;0px|15px||15px|false|false&#8221; global_colors_info=&#8221;{}&#8221;][et_pb_row _builder_version=&#8221;4.14.2&#8243; background_size=&#8221;initial&#8221; background_position=&#8221;top_left&#8221; background_repeat=&#8221;repeat&#8221; width=&#8221;100%&#8221; custom_padding=&#8221;30px||30px||true|false&#8221; global_colors_info=&#8221;{}&#8221;][et_pb_column type=&#8221;4_4&#8243; _builder_version=&#8221;3.25&#8243; custom_padding=&#8221;|||&#8221; global_colors_info=&#8221;{}&#8221; custom_padding__hover=&#8221;|||&#8221;][et_pb_wc_breadcrumb _builder_version=&#8221;3.0.47&#8243; global_colors_info=&#8221;{}&#8221;][\/et_pb_wc_breadcrumb][\/et_pb_column][\/et_pb_row][et_pb_row column_structure=&#8221;1_2,1_2&#8243; _builder_version=&#8221;3.25&#8243; background_size=&#8221;initial&#8221; background_position=&#8221;top_left&#8221; background_repeat=&#8221;repeat&#8221; width=&#8221;100%&#8221; custom_padding=&#8221;0px||0px||false|false&#8221; global_colors_info=&#8221;{}&#8221;][et_pb_column type=&#8221;1_2&#8243; _builder_version=&#8221;3.25&#8243; custom_padding=&#8221;|||&#8221; global_colors_info=&#8221;{}&#8221; custom_padding__hover=&#8221;|||&#8221;][et_pb_wc_images _builder_version=&#8221;3.0.47&#8243; global_colors_info=&#8221;{}&#8221;][\/et_pb_wc_images][\/et_pb_column][et_pb_column type=&#8221;1_2&#8243; _builder_version=&#8221;3.25&#8243; custom_padding=&#8221;|||&#8221; global_colors_info=&#8221;{}&#8221; custom_padding__hover=&#8221;|||&#8221;][et_pb_wc_title _builder_version=&#8221;4.14.2&#8243; header_font=&#8221;|700|||||||&#8221; header_text_color=&#8221;#0082b6&#8243; global_colors_info=&#8221;{}&#8221;][\/et_pb_wc_title][et_pb_wc_description _builder_version=&#8221;3.0.47&#8243; global_colors_info=&#8221;{}&#8221;][\/et_pb_wc_description][et_pb_wc_add_to_cart global_colors_info=&#8221;{}&#8221;][\/et_pb_wc_add_to_cart][et_pb_text _builder_version=&#8221;4.14.2&#8243; _module_preset=&#8221;default&#8221; global_colors_info=&#8221;{}&#8221;]<\/p>\n<table width=\"211\">\n<tbody>\n<tr>\n<td width=\"153\"><strong>PESO<\/strong><\/td>\n<td width=\"58\"><strong>C\u00d3DIGO<\/strong><\/td>\n<\/tr>\n<tr>\n<td>850 GR<\/td>\n<td>10246<\/td>\n<\/tr>\n<tr>\n<td>175 GR<\/td>\n<td>45566<\/td>\n<\/tr>\n<\/tbody>\n<\/table>\n<p>[\/et_pb_text][et_pb_text _builder_version=&#8221;4.14.2&#8243; _module_preset=&#8221;default&#8221; global_colors_info=&#8221;{}&#8221;]<\/p>\n<p><strong>Sobre o produto pl\u00e1stico<\/strong><br \/>Indicado para colagem de tubos e conex\u00f5es da Linha Super CPVC. A sua viscosidade e seu tempo de trabalho s\u00e3o otimizados para a solda de tubula\u00e7\u00f5es de\u00a0at\u00e9 114 mm\u00a0de di\u00e2metro.<\/p>\n<p><strong>Caracter\u00edsticas<\/strong><br \/>\u2022 Dispon\u00edvel no frasco com 75, 175 e 850 g;<br \/>\u2022 Adesivo exclusivo para a linha Super CPVC FlowGuard;<br \/>\u2022 \u00c9 necess\u00e1rio aguardar 24\u00a0horas para submeter o sistema a press\u00e3o.<\/p>\n<p><strong>Vantagens<\/strong><br \/>\u2022 Seguran\u00e7a garantida;<br \/>\u2022 Sem toluol;<br \/>\u2022 Cor verde para marcar o lugar aonde o adesivo foi aplicado;<br \/>\u2022 Acompanha pincel aplicador.<\/p>\n<p>[\/et_pb_text][\/et_pb_column][\/et_pb_row][et_pb_row _builder_version=&#8221;3.25&#8243; background_size=&#8221;initial&#8221; background_position=&#8221;top_left&#8221; background_repeat=&#8221;repeat&#8221; width=&#8221;100%&#8221; custom_padding=&#8221;0px|||||&#8221; global_colors_info=&#8221;{}&#8221;][et_pb_column type=&#8221;4_4&#8243; _builder_version=&#8221;3.25&#8243; custom_padding=&#8221;|||&#8221; global_colors_info=&#8221;{}&#8221; custom_padding__hover=&#8221;|||&#8221;][et_pb_wc_upsells _builder_version=&#8221;3.0.47&#8243; global_colors_info=&#8221;{}&#8221; custom_padding=&#8221;24px|||||&#8221;][\/et_pb_wc_upsells][et_pb_wc_related_products icon_hover_color=&#8221;#0082b6&#8243; _builder_version=&#8221;4.14.2&#8243; title_font=&#8221;|700|||||||&#8221; title_text_color=&#8221;#0082b6&#8243; product_title_font_size=&#8221;16px&#8221; global_colors_info=&#8221;{}&#8221;][\/et_pb_wc_related_products][\/et_pb_column][\/et_pb_row][\/et_pb_section][et_pb_section fb_built=&#8221;1&#8243; _builder_version=&#8221;4.14.2&#8243; _module_preset=&#8221;default&#8221; background_color=&#8221;#e6e6e6&#8243; global_module=&#8221;5684&#8243; global_colors_info=&#8221;{}&#8221;][et_pb_row column_structure=&#8221;1_4,1_4,1_4,1_4&#8243; _builder_version=&#8221;4.14.2&#8243; _module_preset=&#8221;default&#8221; global_colors_info=&#8221;{}&#8221;][et_pb_column type=&#8221;1_4&#8243; _builder_version=&#8221;4.14.2&#8243; _module_preset=&#8221;default&#8221; global_colors_info=&#8221;{}&#8221;][et_pb_image src=&#8221;https:\/\/identidadevisualcuritiba.com.br\/loja\/wp-content\/uploads\/2017\/10\/logo-hidra.png&#8221; title_text=&#8221;logo-hidra&#8221; _builder_version=&#8221;4.14.2&#8243; _module_preset=&#8221;default&#8221; global_colors_info=&#8221;{}&#8221;][\/et_pb_image][et_pb_text _builder_version=&#8221;4.14.2&#8243; _module_preset=&#8221;default&#8221; global_colors_info=&#8221;{}&#8221;]<\/p>\n<p>Distribuidora sin\u00f4nimo <br \/>de qualidade <br \/>e excel\u00eancia em tubos,<br \/>conex\u00f5es e acess\u00f3rios <br \/>para instala\u00e7\u00f5es <br \/>hidr\u00e1ulicas.<\/p>\n<p>[\/et_pb_text][\/et_pb_column][et_pb_column type=&#8221;1_4&#8243; _builder_version=&#8221;4.14.2&#8243; _module_preset=&#8221;default&#8221; global_colors_info=&#8221;{}&#8221;][\/et_pb_column][et_pb_column type=&#8221;1_4&#8243; _builder_version=&#8221;4.14.2&#8243; _module_preset=&#8221;default&#8221; global_colors_info=&#8221;{}&#8221;][\/et_pb_column][et_pb_column type=&#8221;1_4&#8243; _builder_version=&#8221;4.14.2&#8243; _module_preset=&#8221;default&#8221; global_colors_info=&#8221;{}&#8221;][\/et_pb_column][\/et_pb_row][\/et_pb_section][et_pb_section fb_built=&#8221;1&#8243; _builder_version=&#8221;4.14.2&#8243; _module_preset=&#8221;default&#8221; background_color=&#8221;#333333&#8243; custom_padding=&#8221;0px||1px|||&#8221; global_module=&#8221;5689&#8243; global_colors_info=&#8221;{}&#8221;][et_pb_row column_structure=&#8221;3_5,2_5&#8243; _builder_version=&#8221;4.14.2&#8243; _module_preset=&#8221;default&#8221; custom_padding=&#8221;||2px|||&#8221; global_colors_info=&#8221;{}&#8221;][et_pb_column type=&#8221;3_5&#8243; _builder_version=&#8221;4.14.2&#8243; _module_preset=&#8221;default&#8221; global_colors_info=&#8221;{}&#8221;][et_pb_text _builder_version=&#8221;4.14.2&#8243; _module_preset=&#8221;default&#8221; text_text_color=&#8221;#FFFFFF&#8221; global_colors_info=&#8221;{}&#8221;]<\/p>\n<p>\u00a9 2023 www.hidraulicahidra.com.br | Todos os direitos reservados<\/p>\n<p>[\/et_pb_text][\/et_pb_column][et_pb_column type=&#8221;2_5&#8243; _builder_version=&#8221;4.14.2&#8243; _module_preset=&#8221;default&#8221; global_colors_info=&#8221;{}&#8221;][\/et_pb_column][\/et_pb_row][\/et_pb_section]<\/p>\n","protected":false},"excerpt":{"rendered":"<p>PESO C\u00d3DIGO 850 GR 10246 175 GR 45566 Sobre o produto pl\u00e1sticoIndicado para colagem de tubos e conex\u00f5es da Linha Super CPVC. A sua viscosidade e seu tempo de trabalho s\u00e3o otimizados para a solda de tubula\u00e7\u00f5es de\u00a0at\u00e9 114 mm\u00a0de di\u00e2metro. Caracter\u00edsticas\u2022 Dispon\u00edvel no frasco com 75, 175 e 850 g;\u2022 Adesivo exclusivo para a [&hellip;]<\/p>\n","protected":false},"featured_media":126,"comment_status":"closed","ping_status":"closed","template":"","meta":{"_et_pb_use_builder":"on","_et_pb_old_content":"<!-- wp:table -->\r\n<table class=\"wp-block-table has-fixed-layout is-style-stripes\">\r\n<tbody>\r\n<tr>\r\n<td><strong>PESO<\/strong><\/td>\r\n<td><strong>C\u00d3DIGO<\/strong><\/td>\r\n<\/tr>\r\n<tr>\r\n<td>850 GR<\/td>\r\n<td>10246<\/td>\r\n<\/tr>\r\n<tr>\r\n<td>175 GR<\/td>\r\n<td>45566<\/td>\r\n<\/tr>\r\n<\/tbody>\r\n<\/table>\r\n<!-- \/wp:table -->\r\n\r\n<!-- wp:paragraph -->\r\n\r\n&nbsp;\r\n\r\n<!-- \/wp:paragraph -->\r\n\r\n<!-- wp:table -->\r\n<table class=\"wp-block-table\">\r\n<tbody>\r\n<tr>\r\n<td><strong>Sobre o produto pl\u00e1stico<\/strong><\/td>\r\n<\/tr>\r\n<tr>\r\n<td>Indicado para colagem de tubos e conex\u00f5es da Linha Super CPVC. A sua viscosidade e seu tempo de trabalho s\u00e3o otimizados para a solda de tubula\u00e7\u00f5es de\u00a0at\u00e9 114 mm\u00a0de di\u00e2metro.<\/td>\r\n<\/tr>\r\n<tr>\r\n<td><\/td>\r\n<\/tr>\r\n<tr>\r\n<td><strong>Caracter\u00edsticas<\/strong><\/td>\r\n<\/tr>\r\n<tr>\r\n<td>\u2022 Dispon\u00edvel no frasco com 75, 175 e 850 g;<\/td>\r\n<\/tr>\r\n<tr>\r\n<td>\u2022 Adesivo exclusivo para a linha Super CPVC FlowGuard;<\/td>\r\n<\/tr>\r\n<tr>\r\n<td>\u2022 \u00c9 necess\u00e1rio aguardar 24\u00a0horas para submeter o sistema a press\u00e3o.<\/td>\r\n<\/tr>\r\n<tr>\r\n<td><\/td>\r\n<\/tr>\r\n<tr>\r\n<td><strong>Vantagens<\/strong><\/td>\r\n<\/tr>\r\n<tr>\r\n<td>\u2022 Seguran\u00e7a garantida;<\/td>\r\n<\/tr>\r\n<tr>\r\n<td>\u2022 Sem toluol;<\/td>\r\n<\/tr>\r\n<tr>\r\n<td>\u2022 Cor verde para marcar o lugar aonde o adesivo foi aplicado;<\/td>\r\n<\/tr>\r\n<tr>\r\n<td>\u2022 Acompanha pincel aplicador.<\/td>\r\n<\/tr>\r\n<\/tbody>\r\n<\/table>\r\n<!-- \/wp:table -->","_et_gb_content_width":""},"product_brand":[],"product_cat":[27],"product_tag":[],"class_list":{"0":"post-83","1":"product","2":"type-product","3":"status-publish","4":"has-post-thumbnail","6":"product_cat-adesivos-e-solucoes","8":"first","9":"instock","10":"shipping-taxable","11":"product-type-simple"},"_links":{"self":[{"href":"https:\/\/identidadevisualcuritiba.com.br\/loja\/wp-json\/wp\/v2\/product\/83","targetHints":{"allow":["GET"]}}],"collection":[{"href":"https:\/\/identidadevisualcuritiba.com.br\/loja\/wp-json\/wp\/v2\/product"}],"about":[{"href":"https:\/\/identidadevisualcuritiba.com.br\/loja\/wp-json\/wp\/v2\/types\/product"}],"replies":[{"embeddable":true,"href":"https:\/\/identidadevisualcuritiba.com.br\/loja\/wp-json\/wp\/v2\/comments?post=83"}],"wp:featuredmedia":[{"embeddable":true,"href":"https:\/\/identidadevisualcuritiba.com.br\/loja\/wp-json\/wp\/v2\/media\/126"}],"wp:attachment":[{"href":"https:\/\/identidadevisualcuritiba.com.br\/loja\/wp-json\/wp\/v2\/media?parent=83"}],"wp:term":[{"taxonomy":"product_brand","embeddable":true,"href":"https:\/\/identidadevisualcuritiba.com.br\/loja\/wp-json\/wp\/v2\/product_brand?post=83"},{"taxonomy":"product_cat","embeddable":true,"href":"https:\/\/identidadevisualcuritiba.com.br\/loja\/wp-json\/wp\/v2\/product_cat?post=83"},{"taxonomy":"product_tag","embeddable":true,"href":"https:\/\/identidadevisualcuritiba.com.br\/loja\/wp-json\/wp\/v2\/product_tag?post=83"}],"curies":[{"name":"wp","href":"https:\/\/api.w.org\/{rel}","templated":true}]}}